{"id":9913,"date":"2022-06-22T23:02:55","date_gmt":"2022-06-22T21:02:55","guid":{"rendered":"http:\/\/www.stadtgelueste.de\/?page_id=9913"},"modified":"2022-06-23T12:48:41","modified_gmt":"2022-06-23T10:48:41","slug":"allgemeine-infos","status":"publish","type":"page","link":"https:\/\/www.stadtgelueste.de\/?page_id=9913","title":{"rendered":"Allgemeine Infos"},"content":{"rendered":"<p>[et_pb_section fb_built=&#8221;1&#8243; _builder_version=&#8221;3.22.5&#8243; background_color=&#8221;rgba(0,0,0,0)&#8221; min_height=&#8221;204px&#8221; custom_padding=&#8221;0px||0px||true|&#8221;][\/et_pb_section][et_pb_section fb_built=&#8221;1&#8243; _builder_version=&#8221;3.22.5&#8243; background_color=&#8221;rgba(0,0,0,0)&#8221;][et_pb_row _builder_version=&#8221;3.22.5&#8243;][et_pb_column type=&#8221;4_4&#8243; _builder_version=&#8221;3.22.5&#8243;][et_pb_text _builder_version=&#8221;3.22.5&#8243; background_color=&#8221;rgba(0,0,0,0)&#8221;]<\/p>\n<header class=\"footer-heading\"><span style=\"color: #000000;\">STADTGELUESTE.DE &#8211; DEIN EROTIKANZEIGENPORTAL<\/span><\/header>\n<header class=\"footer-heading\"><span style=\"color: #000000;\"><\/span><\/header>\n<p><span style=\"color: #000000;\">Stadtgelueste.de ist eine gro\u00dfe Internetseite, um im Rotlicht sexy Ladies im Landkreis Stade, Buxtehude, Bremerv\u00f6rde, Zeven, Himmelpforten, Horneburg, Buxtehude, Neu Wulmstorf, Harburg, Hamburg, Buchholz, Bliedersdorf, Altes Land, Nottensdorf, Dollern, Cuxhaven und entlang der B73, B75, B5 so wie viele Lovemobile zu finden. Wir bieten Dir gr\u00f6\u00dfte Auswahl an Nutten auf dem Erotik Markt, Hostessen, Modelle, FKK-Clubs, Escortservice, Thaimassagen, Nachtclubs, Bordelle, Transen, Huren, Puffs, Swingerclubs, Saunaclubs, Dominasstudio, BDSM, Wellness Clubs, Erotikmassagen und Terminwohnungen. Also sind heisse M\u00e4dels garantiert. Ob br\u00fcnett oder blond, f\u00fcr jeden Geschmack ist etwas dabei.<\/span><\/p>\n<div class=\"footer-additional\">\n<p><span style=\"color: #000000;\"><\/span><\/p>\n<p><span style=\"color: #000000;\">Stadtgelueste.de ist dein Erotikf\u00fchrer f\u00fcr eine gro\u00dfe Auswahl an Bizarrladys, Girlfriends, Sexkontakte, Sexanzeigen, Nutten, Hobbyhuren, Hostessen, Dominas, Modelle, Sexerlebnis, Huren, Transen in deiner N\u00e4he. Und das immer aktuell.<\/span><\/p>\n<p><span style=\"color: #000000;\"><\/span><\/p>\n<p><span style=\"color: #000000;\">Wir m\u00f6chten betonen, dass wir keine Vermittler, keine Escort-Agentur, keine Clubbetreiber und keine Inhaber von Terminwohnungen, Appartments oder Love-Mobilen sind. Wir machen Werbung f\u00fcr die Damen und Transen. Die Modelle stehen aber weder in einem Angestelltenverh\u00e4ltnis noch innerhalb eines anderen Engagements mit uns in Verbindung. Alle bei uns inserierenden Personen arbeiten und entscheiden von uns unabh\u00e4ngig.<\/span><\/p>\n<p><a href=\"https:\/\/www.ladies-forum.de\/\" target=\"_blank\" title=\"Alles \u00fcber die Ladies\" rel=\"noopener noreferrer\"><\/a><\/p>\n<p><a href=\"https:\/\/www.ladies.de\/sex-anzeigen\/exklusiv:fsk18\" target=\"_blank\" title=\"unzensierte Nudes und hei\u00dfe Clip\" rel=\"noopener noreferrer\"><\/a><\/p>\n<\/div>\n<p>[\/et_pb_text][\/et_pb_column][\/et_pb_row][et_pb_row _builder_version=&#8221;3.22.5&#8243;][et_pb_column type=&#8221;4_4&#8243; _builder_version=&#8221;3.22.5&#8243;][\/et_pb_column][\/et_pb_row][\/et_pb_section][et_pb_section fb_built=&#8221;1&#8243; _builder_version=&#8221;3.22.5&#8243; background_color=&#8221;rgba(0,0,0,0)&#8221;][\/et_pb_section]<\/p>\n","protected":false},"excerpt":{"rendered":"<p>[et_pb_section fb_built=&#8221;1&#8243; _builder_version=&#8221;3.22.5&#8243; background_color=&#8221;rgba(0,0,0,0)&#8221; min_height=&#8221;204px&#8221; custom_padding=&#8221;0px||0px||true|&#8221;][\/et_pb_section][et_pb_section fb_built=&#8221;1&#8243; _builder_version=&#8221;3.22.5&#8243; background_color=&#8221;rgba(0,0,0,0)&#8221;][et_pb_row _builder_version=&#8221;3.22.5&#8243;][et_pb_column type=&#8221;4_4&#8243; _builder_version=&#8221;3.22.5&#8243;][et_pb_text _builder_version=&#8221;3.22.5&#8243; background_color=&#8221;rgba(0,0,0,0)&#8221;] STADTGELUESTE.DE &#8211; DEIN EROTIKANZEIGENPORTAL Stadtgelueste.de ist eine gro\u00dfe Internetseite, um im Rotlicht sexy Ladies im Landkreis Stade, Buxtehude, Bremerv\u00f6rde, Zeven, Himmelpforten, Horneburg, Buxtehude, Neu Wulmstorf, Harburg, Hamburg, Buchholz, Bliedersdorf, Altes Land, Nottensdorf, Dollern, Cuxhaven und entlang der B73, B75, B5 so [&hellip;]<\/p>\n","protected":false},"author":1,"featured_media":0,"parent":0,"menu_order":0,"comment_status":"closed","ping_status":"closed","template":"","meta":{"_et_pb_use_builder":"on","_et_pb_old_content":""},"yoast_head":"<!-- This site is optimized with the Yoast SEO plugin v14.9 - https:\/\/yoast.com\/wordpress\/plugins\/seo\/ -->\n<title>Allgemeine Infos - Stadtgelueste.de<\/title>\n<meta name=\"robots\" content=\"index, follow, max-snippet:-1, max-image-preview:large, max-video-preview:-1\" \/>\n<link rel=\"canonical\" href=\"http:\/\/www.stadtgelueste.de\/?page_id=9913\" \/>\n<meta property=\"og:locale\" content=\"de_DE\" \/>\n<meta property=\"og:type\" content=\"article\" \/>\n<meta property=\"og:title\" content=\"Allgemeine Infos - Stadtgelueste.de\" \/>\n<meta property=\"og:description\" content=\"[et_pb_section fb_built=&#8221;1&#8243; _builder_version=&#8221;3.22.5&#8243; background_color=&#8221;rgba(0,0,0,0)&#8221; min_height=&#8221;204px&#8221; custom_padding=&#8221;0px||0px||true|&#8221;][\/et_pb_section][et_pb_section fb_built=&#8221;1&#8243; _builder_version=&#8221;3.22.5&#8243; background_color=&#8221;rgba(0,0,0,0)&#8221;][et_pb_row _builder_version=&#8221;3.22.5&#8243;][et_pb_column type=&#8221;4_4&#8243; _builder_version=&#8221;3.22.5&#8243;][et_pb_text _builder_version=&#8221;3.22.5&#8243; background_color=&#8221;rgba(0,0,0,0)&#8221;] STADTGELUESTE.DE &#8211; DEIN EROTIKANZEIGENPORTAL Stadtgelueste.de ist eine gro\u00dfe Internetseite, um im Rotlicht sexy Ladies im Landkreis Stade, Buxtehude, Bremerv\u00f6rde, Zeven, Himmelpforten, Horneburg, Buxtehude, Neu Wulmstorf, Harburg, Hamburg, Buchholz, Bliedersdorf, Altes Land, Nottensdorf, Dollern, Cuxhaven und entlang der B73, B75, B5 so [&hellip;]\" \/>\n<meta property=\"og:url\" content=\"http:\/\/www.stadtgelueste.de\/?page_id=9913\" \/>\n<meta property=\"og:site_name\" content=\"Stadtgelueste.de\" \/>\n<meta property=\"article:modified_time\" content=\"2022-06-23T10:48:41+00:00\" \/>\n<meta name=\"twitter:card\" content=\"summary_large_image\" \/>\n<script type=\"application\/ld+json\" class=\"yoast-schema-graph\">{\"@context\":\"https:\/\/schema.org\",\"@graph\":[{\"@type\":\"Organization\",\"@id\":\"https:\/\/www.stadtgelueste.de\/#organization\",\"name\":\"Stadtgelueste.de\",\"url\":\"https:\/\/www.stadtgelueste.de\/\",\"sameAs\":[],\"logo\":{\"@type\":\"ImageObject\",\"@id\":\"https:\/\/www.stadtgelueste.de\/#logo\",\"inLanguage\":\"de-DE\",\"url\":\"https:\/\/www.stadtgelueste.de\/wp-content\/uploads\/2020\/09\/logoneuschwarz.png\",\"width\":960,\"height\":560,\"caption\":\"Stadtgelueste.de\"},\"image\":{\"@id\":\"https:\/\/www.stadtgelueste.de\/#logo\"}},{\"@type\":\"WebSite\",\"@id\":\"https:\/\/www.stadtgelueste.de\/#website\",\"url\":\"https:\/\/www.stadtgelueste.de\/\",\"name\":\"Stadtgelueste.de\",\"description\":\"\",\"publisher\":{\"@id\":\"https:\/\/www.stadtgelueste.de\/#organization\"},\"potentialAction\":[{\"@type\":\"SearchAction\",\"target\":\"https:\/\/www.stadtgelueste.de\/?s={search_term_string}\",\"query-input\":\"required name=search_term_string\"}],\"inLanguage\":\"de-DE\"},{\"@type\":\"WebPage\",\"@id\":\"http:\/\/www.stadtgelueste.de\/?page_id=9913#webpage\",\"url\":\"http:\/\/www.stadtgelueste.de\/?page_id=9913\",\"name\":\"Allgemeine Infos - Stadtgelueste.de\",\"isPartOf\":{\"@id\":\"https:\/\/www.stadtgelueste.de\/#website\"},\"datePublished\":\"2022-06-22T21:02:55+00:00\",\"dateModified\":\"2022-06-23T10:48:41+00:00\",\"inLanguage\":\"de-DE\",\"potentialAction\":[{\"@type\":\"ReadAction\",\"target\":[\"http:\/\/www.stadtgelueste.de\/?page_id=9913\"]}]}]}<\/script>\n<!-- \/ Yoast SEO plugin. -->","_links":{"self":[{"href":"https:\/\/www.stadtgelueste.de\/index.php?rest_route=\/wp\/v2\/pages\/9913"}],"collection":[{"href":"https:\/\/www.stadtgelueste.de\/index.php?rest_route=\/wp\/v2\/pages"}],"about":[{"href":"https:\/\/www.stadtgelueste.de\/index.php?rest_route=\/wp\/v2\/types\/page"}],"author":[{"embeddable":true,"href":"https:\/\/www.stadtgelueste.de\/index.php?rest_route=\/wp\/v2\/users\/1"}],"replies":[{"embeddable":true,"href":"https:\/\/www.stadtgelueste.de\/index.php?rest_route=%2Fwp%2Fv2%2Fcomments&post=9913"}],"version-history":[{"count":4,"href":"https:\/\/www.stadtgelueste.de\/index.php?rest_route=\/wp\/v2\/pages\/9913\/revisions"}],"predecessor-version":[{"id":9925,"href":"https:\/\/www.stadtgelueste.de\/index.php?rest_route=\/wp\/v2\/pages\/9913\/revisions\/9925"}],"wp:attachment":[{"href":"https:\/\/www.stadtgelueste.de\/index.php?rest_route=%2Fwp%2Fv2%2Fmedia&parent=9913"}],"curies":[{"name":"wp","href":"https:\/\/api.w.org\/{rel}","templated":true}]}}