{"id":6115,"date":"2021-11-13T23:59:30","date_gmt":"2021-11-13T21:59:30","guid":{"rendered":"http:\/\/www.stadtgelueste.de\/?page_id=6115"},"modified":"2026-04-04T12:25:49","modified_gmt":"2026-04-04T10:25:49","slug":"lady-amy-in-horneburg","status":"publish","type":"page","link":"https:\/\/www.stadtgelueste.de\/?page_id=6115","title":{"rendered":"Lady Amy in Hanstedt"},"content":{"rendered":"<p>[et_pb_section fb_built=&#8221;1&#8243; _builder_version=&#8221;3.22.5&#8243; background_color=&#8221;rgba(0,0,0,0)&#8221; min_height=&#8221;204px&#8221; custom_padding=&#8221;0px||0px||true|&#8221;][et_pb_row _builder_version=&#8221;3.22.5&#8243;][et_pb_column type=&#8221;4_4&#8243; _builder_version=&#8221;3.22.5&#8243;][et_pb_post_title meta=&#8221;off&#8221; featured_image=&#8221;off&#8221; _builder_version=&#8221;3.22.5&#8243; text_orientation=&#8221;center&#8221; text_shadow_style=&#8221;preset1&#8243;][\/et_pb_post_title][\/et_pb_column][\/et_pb_row][\/et_pb_section][et_pb_section fb_built=&#8221;1&#8243; _builder_version=&#8221;3.22.5&#8243; background_color=&#8221;rgba(0,0,0,0)&#8221;][et_pb_row _builder_version=&#8221;3.22.5&#8243;][et_pb_column type=&#8221;4_4&#8243; _builder_version=&#8221;3.22.5&#8243;][et_pb_text _builder_version=&#8221;3.22.5&#8243; text_font=&#8221;||||||||&#8221; text_font_size=&#8221;1px&#8221; background_color=&#8221;rgba(0,0,0,0)&#8221;]<\/p>\n<p>&nbsp;<\/p>\n<h4><strong>*Besuche mich in meinem\u00a0<span style=\"color: #ff0000;\">NEUEN STUDIO in Hanstedt*<\/span><\/strong><\/h4>\n<p><strong><\/strong><\/p>\n<p><strong><\/strong><\/p>\n<p><span style=\"font-size: 14px;\"><strong><span style=\"font-style: normal; font-variant-ligatures: normal; font-variant-caps: normal; font-variant-east-asian: normal; font-variant-position: normal; letter-spacing: normal; text-align: left; text-indent: 0px; text-transform: none; white-space: normal; word-spacing: 0px; -webkit-text-stroke-width: 0px; background-color: transparent; text-decoration: none; font-family: Arial, Helvetica, sans-serif; float: none; display: inline !important; color: #ff0000;\"><a href=\"https:\/\/www.amypassion.de\" style=\"color: #ff0000;\">www.amypassion.de<\/a><\/span><\/strong><\/span><\/p>\n<p>&nbsp;<\/p>\n<p><span style=\"color: #000000;\"><span style=\"font-size: 14px; font-style: normal; font-variant: normal; font-weight: 400; letter-spacing: normal; text-align: left; text-indent: 0px; text-transform: none; white-space: normal; word-spacing: 0px; -webkit-text-stroke-width: 0px; background-color: transparent; text-decoration: none; font-family: Arial, Helvetica, sans-serif; float: none; display: inline !important;\">Hallo, ich bin Lady Amy,<\/span><\/span><\/p>\n<p><span style=\"color: #000000;\"><span style=\"font-size: 14px; font-style: normal; font-variant: normal; font-weight: 400; letter-spacing: normal; text-align: left; text-indent: 0px; text-transform: none; white-space: normal; word-spacing: 0px; -webkit-text-stroke-width: 0px; background-color: transparent; text-decoration: none; font-family: Arial, Helvetica, sans-serif; float: none; display: inline !important;\">Ich bin eine <strong>Vollblut-Fetischistin, <\/strong>mit einer offenen und ehrlichen Art. Lass Dich von mir leiten und wir testen gemeinsam Deine Grenzen aus. <\/span><\/span><\/p>\n<p><span style=\"color: #000000;\"><span style=\"font-size: 14px; font-style: normal; font-variant: normal; font-weight: 400; letter-spacing: normal; text-align: left; text-indent: 0px; text-transform: none; white-space: normal; word-spacing: 0px; -webkit-text-stroke-width: 0px; background-color: transparent; text-decoration: none; font-family: Arial, Helvetica, sans-serif; float: none; display: inline !important;\">GV gibt es bei mir nicht!<\/span><\/span><\/p>\n<p><span style=\"color: #000000;\"><span style=\"font-size: 14px; font-style: normal; font-variant: normal; font-weight: 400; letter-spacing: normal; text-align: left; text-indent: 0px; text-transform: none; white-space: normal; word-spacing: 0px; -webkit-text-stroke-width: 0px; background-color: transparent; text-decoration: none; font-family: Arial, Helvetica, sans-serif; float: none; display: inline !important;\">Ich habe in der Welt der Erotik mein zu Hause gefunden und liebe es sich vollkommen ausleben zu k\u00f6nnen.\u00a0<\/span><\/span><span style=\"color: #000000;\"><span style=\"font-size: 14px; font-style: normal; font-variant: normal; font-weight: 400; letter-spacing: normal; text-align: left; text-indent: 0px; text-transform: none; white-space: normal; word-spacing: 0px; -webkit-text-stroke-width: 0px; background-color: transparent; text-decoration: none; font-family: Arial, Helvetica, sans-serif; float: none; display: inline !important;\">Raus aus dem Alltags-K\u00e4fig mit Hemmungen und Verzicht&#8230;rein in eine Welt auf Augenh\u00f6he und s\u00fcndigen Fantasien mit <strong>echter, intensiver und ehrlicher Erotik.<\/strong>\u00a0Du liebst das Rollenspiel oder mir zu F\u00fc\u00dfen zu liegen?\u00a0<\/span><\/span><\/p>\n<p><span style=\"color: #000000;\"><span style=\"font-size: 14px; font-style: normal; font-variant: normal; font-weight: 400; letter-spacing: normal; text-align: left; text-indent: 0px; text-transform: none; white-space: normal; word-spacing: 0px; -webkit-text-stroke-width: 0px; background-color: transparent; text-decoration: none; font-family: Arial, Helvetica, sans-serif; float: none; display: inline !important;\">Ich liebe was ich tue und ich verspreche Dir, dass Du das merken wirst.\u00a0<\/span><\/span><\/p>\n<p><span style=\"color: #000000;\"><span style=\"font-size: 14px; font-style: normal; font-variant: normal; font-weight: 400; letter-spacing: normal; text-align: left; text-indent: 0px; text-transform: none; white-space: normal; word-spacing: 0px; -webkit-text-stroke-width: 0px; background-color: transparent; text-decoration: none; font-family: Arial, Helvetica, sans-serif; float: none; display: inline !important;\"><\/span><\/span><\/p>\n<p><span style=\"color: #000000;\"><span style=\"font-size: 14px; font-style: normal; font-variant: normal; font-weight: 400; letter-spacing: normal; text-align: left; text-indent: 0px; text-transform: none; white-space: normal; word-spacing: 0px; -webkit-text-stroke-width: 0px; background-color: transparent; text-decoration: none; font-family: Arial, Helvetica, sans-serif; float: none; display: inline !important;\">Mein Repertoir an Leidenschaft ist gro\u00df<\/span><span style=\"font-size: 14px; font-style: normal; font-variant: normal; font-weight: 400; letter-spacing: normal; text-align: left; text-indent: 0px; text-transform: none; white-space: normal; word-spacing: 0px; -webkit-text-stroke-width: 0px; background-color: transparent; text-decoration: none; font-family: Arial, Helvetica, sans-serif; float: none; display: inline !important;\">\u00a0im <strong>dominanten Bereich der\u00a0Fetisch-Erotik<\/strong><strong style=\"font-weight: 400;\"> mit allen Facetten<\/strong>.\u00a0<\/span><\/span><span style=\"color: #000000;\"><span style=\"font-size: 14px; font-style: normal; font-variant: normal; font-weight: 400; letter-spacing: normal; text-align: left; text-indent: 0px; text-transform: none; white-space: normal; word-spacing: 0px; -webkit-text-stroke-width: 0px; background-color: transparent; text-decoration: none; font-family: Arial, Helvetica, sans-serif; float: none; display: inline !important;\">Ich habe mir ein <strong>eigenes, modernes und sehr diskretes Domizil<\/strong> eingerichtet mit all dem Spielzeug was mich anmacht und was ich Dir gerne zeigen m\u00f6chte.\u00a0<\/span><\/span><\/p>\n<p><span style=\"color: #000000;\"><span style=\"font-size: 14px; font-style: normal; font-variant: normal; font-weight: 400; letter-spacing: normal; text-align: left; text-indent: 0px; text-transform: none; white-space: normal; word-spacing: 0px; -webkit-text-stroke-width: 0px; background-color: transparent; text-decoration: none; font-family: Arial, Helvetica, sans-serif; float: none; display: inline !important;\">Ob Du noch am Anfang stehst oder schon viel Erfahrung hast, ich liebe es mich auf Neues einzulassen und Deine Vorlieben herauszufinden und weiter zu entwickeln. Hast Du vielleicht Fantasien, die Du noch nie ausleben konntest? Sprich mich an&#8230;<\/span><\/span><\/p>\n<p><span style=\"color: #000000;\"><span style=\"font-size: 14px; font-style: normal; font-variant: normal; font-weight: 400; letter-spacing: normal; text-align: left; text-indent: 0px; text-transform: none; white-space: normal; word-spacing: 0px; -webkit-text-stroke-width: 0px; background-color: transparent; text-decoration: none; font-family: Arial, Helvetica, sans-serif; float: none; display: inline !important;\"><\/span><\/span><\/p>\n<p><span style=\"color: #000000;\"><span style=\"font-size: 14px; font-style: normal; font-variant: normal; font-weight: 400; letter-spacing: normal; text-align: left; text-indent: 0px; text-transform: none; white-space: normal; word-spacing: 0px; -webkit-text-stroke-width: 0px; background-color: transparent; text-decoration: none; font-family: Arial, Helvetica, sans-serif; float: none; display: inline !important;\"><\/span><\/span><\/p>\n<p><span style=\"color: #000000;\"><span style=\"font-size: 14px; font-style: normal; font-variant: normal; font-weight: 400; letter-spacing: normal; text-align: left; text-indent: 0px; text-transform: none; white-space: normal; word-spacing: 0px; -webkit-text-stroke-width: 0px; background-color: transparent; text-decoration: none; font-family: Arial, Helvetica, sans-serif; float: none; display: inline !important;\">F\u00fcr mehr Informationen \u00fcber mich &amp; meinen Service besuche gerne meine Homepage:\u00a0<strong><span style=\"color: #ff0000;\"><a href=\"https:\/\/www.amypassion.de\" style=\"color: #ff0000;\">https:\/\/www.amypassion.de<\/a>.<\/span><\/strong><\/span><\/span><\/p>\n<p><span style=\"color: #000000;\"><span style=\"font-size: 14px; font-style: normal; font-variant: normal; font-weight: 400; letter-spacing: normal; text-align: left; text-indent: 0px; text-transform: none; white-space: normal; word-spacing: 0px; -webkit-text-stroke-width: 0px; background-color: transparent; text-decoration: none; font-family: Arial, Helvetica, sans-serif; float: none; display: inline !important;\"><strong><span style=\"color: #ff0000;\"><\/span><\/strong><\/span><\/span><\/p>\n<p><span color=\"#ff0000\" face=\"Arial, Helvetica, sans-serif\" style=\"color: #000000; font-family: Arial, Helvetica, sans-serif; font-size: 14px;\"><span style=\"caret-color: #ff0000;\"><b>Rufe mich an um einen Termin zu vereinbaren: <\/b><\/span><\/span><\/p>\n<p><span color=\"#ff0000\" face=\"Arial, Helvetica, sans-serif\" style=\"color: #000000; font-family: Arial, Helvetica, sans-serif; font-size: 14px;\"><span style=\"caret-color: #ff0000;\"><b>Tel:\u00a00171-55 62 065\u00a0<\/b><\/span><\/span><\/p>\n<p><span color=\"#000000\" face=\"Arial, Helvetica, sans-serif\" style=\"color: #000000; font-family: Arial, Helvetica, sans-serif;\"><span style=\"caret-color: #ff0000; font-size: 14px;\"><b>Deine Lady Amy<\/b><\/span><\/span><\/p>\n<h4><span color=\"#ff0000\" face=\"Arial, Helvetica, sans-serif\" style=\"color: #000000; font-family: Arial, Helvetica, sans-serif; font-size: 14px;\"><span style=\"caret-color: #ff0000;\"><b><\/b><\/span><\/span><\/h4>\n<p><span style=\"color: #000000;\"><span style=\"font-size: 14px; font-style: normal; font-variant: normal; font-weight: 400; letter-spacing: normal; text-align: left; text-indent: 0px; text-transform: none; white-space: normal; word-spacing: 0px; -webkit-text-stroke-width: 0px; background-color: transparent; text-decoration: none; font-family: Arial, Helvetica, sans-serif; float: none; display: inline !important;\">Sag mir doch bitte, dass Du mich auf\u00a0<\/span><b style=\"font-style: normal; font-variant: normal; letter-spacing: normal; text-align: left; text-indent: 0px; text-transform: none; white-space: normal; word-spacing: 0px; -webkit-text-stroke-width: 0px; background-color: transparent; text-decoration: none; font-family: Arial, Helvetica, sans-serif; font-size: 15px; font-weight: bold;\"><u>stadtgelueste<\/u><\/b><u style=\"font-style: normal; font-variant: normal; font-weight: 400; letter-spacing: normal; text-align: left; text-indent: 0px; text-transform: none; white-space: normal; word-spacing: 0px; -webkit-text-stroke-width: 0px; background-color: transparent; font-family: Arial, Helvetica, sans-serif; font-size: 15px; text-decoration: underline;\">.<b>de<\/b><\/u><span style=\"font-size: 14px; font-style: normal; font-variant: normal; font-weight: 400; letter-spacing: normal; text-align: left; text-indent: 0px; text-transform: none; white-space: normal; word-spacing: 0px; -webkit-text-stroke-width: 0px; background-color: transparent; text-decoration: none; font-family: Arial, Helvetica, sans-serif; float: none; display: inline !important;\">\u00a0gefunden hast, die mit der<\/span><b style=\"font-style: normal; font-variant: normal; letter-spacing: normal; text-align: left; text-indent: 0px; text-transform: none; white-space: normal; word-spacing: 0px; -webkit-text-stroke-width: 0px; background-color: transparent; text-decoration: none; font-family: Arial, Helvetica, sans-serif; font-size: 15px; font-weight: bold;\">\u00a0<\/b><u style=\"font-style: normal; font-variant: normal; font-weight: 400; letter-spacing: normal; text-align: left; text-indent: 0px; text-transform: none; white-space: normal; word-spacing: 0px; -webkit-text-stroke-width: 0px; background-color: transparent; font-family: Arial, Helvetica, sans-serif; font-size: 15px; text-decoration: underline;\"><b>gelben Seite<\/b><\/u><span style=\"font-size: 14px; font-style: normal; font-variant: normal; font-weight: 400; letter-spacing: normal; text-align: left; text-indent: 0px; text-transform: none; white-space: normal; word-spacing: 0px; -webkit-text-stroke-width: 0px; background-color: transparent; text-decoration: none; font-family: Arial, Helvetica, sans-serif; float: none; display: inline !important;\">. Danke!<\/span><\/span><\/p>\n<p><span style=\"color: #000000;\">\u00a0<\/span><\/p>\n<p>[\/et_pb_text][\/et_pb_column][\/et_pb_row][\/et_pb_section][et_pb_section fb_built=&#8221;1&#8243; _builder_version=&#8221;3.22.5&#8243; background_color=&#8221;rgba(0,0,0,0)&#8221;][et_pb_row _builder_version=&#8221;3.22.5&#8243;][et_pb_column type=&#8221;4_4&#8243; _builder_version=&#8221;3.22.5&#8243;][et_pb_image src=&#8221;http:\/\/www.stadtgelueste.de\/wp-content\/uploads\/2026\/04\/Lady-Amy20240417_104653-scaled.jpg&#8221; align=&#8221;center&#8221; _builder_version=&#8221;3.22.5&#8243; max_width=&#8221;35%&#8221; max_width_phone=&#8221;100%&#8221; max_width_last_edited=&#8221;on|phone&#8221;][\/et_pb_image][et_pb_image src=&#8221;http:\/\/www.stadtgelueste.de\/wp-content\/uploads\/2026\/04\/Lady-AmyIMG_20240503_002558_101.jpg&#8221; align=&#8221;center&#8221; _builder_version=&#8221;3.22.5&#8243; max_width=&#8221;35%&#8221; max_width_phone=&#8221;100%&#8221; max_width_last_edited=&#8221;on|phone&#8221;][\/et_pb_image][et_pb_image src=&#8221;http:\/\/www.stadtgelueste.de\/wp-content\/uploads\/2026\/04\/Lady-Amy20230620_165400.jpg&#8221; align=&#8221;center&#8221; _builder_version=&#8221;3.22.5&#8243; max_width=&#8221;35%&#8221; max_width_phone=&#8221;100%&#8221; max_width_last_edited=&#8221;on|phone&#8221;][\/et_pb_image][et_pb_image src=&#8221;http:\/\/www.stadtgelueste.de\/wp-content\/uploads\/2026\/04\/Lady-Amy20240413_194630.jpg&#8221; align=&#8221;center&#8221; _builder_version=&#8221;3.22.5&#8243; max_width=&#8221;35%&#8221; max_width_phone=&#8221;100%&#8221; max_width_last_edited=&#8221;on|phone&#8221;][\/et_pb_image][et_pb_image src=&#8221;http:\/\/www.stadtgelueste.de\/wp-content\/uploads\/2026\/04\/Lady-AmyIMG_9481-scaled.jpg&#8221; align=&#8221;center&#8221; _builder_version=&#8221;3.22.5&#8243; max_width=&#8221;55%&#8221; max_width_phone=&#8221;100%&#8221; max_width_last_edited=&#8221;on|phone&#8221;][\/et_pb_image][et_pb_image src=&#8221;https:\/\/www.stadtgelueste.de\/wp-content\/uploads\/2022\/08\/Amy9aaa6edb-d974-4735-8cce-6c6da5e6c1ae.jpg&#8221; align=&#8221;center&#8221; _builder_version=&#8221;3.22.5&#8243; max_width=&#8221;35%&#8221; max_width_phone=&#8221;100%&#8221; max_width_last_edited=&#8221;on|phone&#8221;][\/et_pb_image][et_pb_image src=&#8221;http:\/\/www.stadtgelueste.de\/wp-content\/uploads\/2026\/04\/Lady-Amy20240910_001023.jpg&#8221; align=&#8221;center&#8221; _builder_version=&#8221;3.22.5&#8243; max_width=&#8221;55%&#8221; max_width_phone=&#8221;100%&#8221; max_width_last_edited=&#8221;on|phone&#8221;][\/et_pb_image][et_pb_image src=&#8221;http:\/\/www.stadtgelueste.de\/wp-content\/uploads\/2024\/03\/Amyada1449e-60d5-4c87-b274-fe0c4731766d.jpg&#8221; align=&#8221;center&#8221; _builder_version=&#8221;3.22.5&#8243; max_width=&#8221;35%&#8221; max_width_phone=&#8221;100%&#8221; max_width_last_edited=&#8221;on|phone&#8221;][\/et_pb_image][et_pb_image src=&#8221;http:\/\/www.stadtgelueste.de\/wp-content\/uploads\/2026\/04\/Lady-Amy20230614_205359.jpg&#8221; align=&#8221;center&#8221; _builder_version=&#8221;3.22.5&#8243; max_width=&#8221;35%&#8221; max_width_phone=&#8221;100%&#8221; max_width_last_edited=&#8221;on|phone&#8221;][\/et_pb_image][et_pb_image src=&#8221;http:\/\/www.stadtgelueste.de\/wp-content\/uploads\/2024\/05\/Amyddc9735f-5a0c-46f4-a5eb-1ede041f89e8.jpg&#8221; align=&#8221;center&#8221; _builder_version=&#8221;3.22.5&#8243; max_width=&#8221;35%&#8221; max_width_phone=&#8221;100%&#8221; max_width_last_edited=&#8221;on|phone&#8221;][\/et_pb_image][et_pb_image src=&#8221;http:\/\/www.stadtgelueste.de\/wp-content\/uploads\/2024\/03\/Amy19854244-1e16-4485-bd21-ac3bd89e72ce.jpg&#8221; align=&#8221;center&#8221; _builder_version=&#8221;3.22.5&#8243; max_width=&#8221;35%&#8221; max_width_phone=&#8221;100%&#8221; max_width_last_edited=&#8221;on|phone&#8221;][\/et_pb_image][et_pb_image src=&#8221;http:\/\/www.stadtgelueste.de\/wp-content\/uploads\/2024\/03\/Amyb5cfd7a9-d135-4a3b-817a-7219da1119a9.jpg&#8221; align=&#8221;center&#8221; _builder_version=&#8221;3.22.5&#8243; max_width=&#8221;35%&#8221; max_width_phone=&#8221;100%&#8221; max_width_last_edited=&#8221;on|phone&#8221;][\/et_pb_image][et_pb_image src=&#8221;http:\/\/www.stadtgelueste.de\/wp-content\/uploads\/2026\/04\/Lady-AmyDSCF2841-scaled.jpg&#8221; align=&#8221;center&#8221; _builder_version=&#8221;3.22.5&#8243; max_width=&#8221;35%&#8221; max_width_phone=&#8221;100%&#8221; max_width_last_edited=&#8221;on|phone&#8221;][\/et_pb_image][et_pb_image src=&#8221;http:\/\/www.stadtgelueste.de\/wp-content\/uploads\/2023\/03\/LadyAmy2ff076b4-b807-4fe9-a70f-762820df2aff.jpg&#8221; align=&#8221;center&#8221; _builder_version=&#8221;3.22.5&#8243; max_width=&#8221;35%&#8221; max_width_phone=&#8221;100%&#8221; max_width_last_edited=&#8221;on|phone&#8221;][\/et_pb_image][et_pb_image src=&#8221;http:\/\/www.stadtgelueste.de\/wp-content\/uploads\/2023\/09\/33130a54-6992-4166-9e13-5cf01dca64b6.jpeg&#8221; align=&#8221;center&#8221; _builder_version=&#8221;3.22.5&#8243; max_width=&#8221;55%&#8221; max_width_phone=&#8221;100%&#8221; max_width_last_edited=&#8221;on|phone&#8221;][\/et_pb_image][et_pb_image src=&#8221;http:\/\/www.stadtgelueste.de\/wp-content\/uploads\/2023\/09\/a6d935b5-80e2-4f84-b024-34e0f2add78a.jpeg&#8221; align=&#8221;center&#8221; _builder_version=&#8221;3.22.5&#8243; max_width=&#8221;55%&#8221; max_width_phone=&#8221;100%&#8221; max_width_last_edited=&#8221;on|phone&#8221;][\/et_pb_image][\/et_pb_column][\/et_pb_row][\/et_pb_section][et_pb_section fb_built=&#8221;1&#8243; _builder_version=&#8221;3.22.5&#8243; background_color=&#8221;rgba(0,0,0,0)&#8221;][\/et_pb_section]<\/p>\n","protected":false},"excerpt":{"rendered":"<p>[et_pb_section fb_built=&#8221;1&#8243; _builder_version=&#8221;3.22.5&#8243; background_color=&#8221;rgba(0,0,0,0)&#8221; min_height=&#8221;204px&#8221; custom_padding=&#8221;0px||0px||true|&#8221;][et_pb_row _builder_version=&#8221;3.22.5&#8243;][et_pb_column type=&#8221;4_4&#8243; _builder_version=&#8221;3.22.5&#8243;][et_pb_post_title meta=&#8221;off&#8221; featured_image=&#8221;off&#8221; _builder_version=&#8221;3.22.5&#8243; text_orientation=&#8221;center&#8221; text_shadow_style=&#8221;preset1&#8243;][\/et_pb_post_title][\/et_pb_column][\/et_pb_row][\/et_pb_section][et_pb_section fb_built=&#8221;1&#8243; _builder_version=&#8221;3.22.5&#8243; background_color=&#8221;rgba(0,0,0,0)&#8221;][et_pb_row _builder_version=&#8221;3.22.5&#8243;][et_pb_column type=&#8221;4_4&#8243; _builder_version=&#8221;3.22.5&#8243;][et_pb_text _builder_version=&#8221;3.22.5&#8243; text_font=&#8221;||||||||&#8221; text_font_size=&#8221;1px&#8221; background_color=&#8221;rgba(0,0,0,0)&#8221;] &nbsp; *Besuche mich in meinem\u00a0NEUEN STUDIO in Hanstedt* www.amypassion.de &nbsp; Hallo, ich bin Lady Amy, Ich bin eine Vollblut-Fetischistin, mit einer offenen und ehrlichen Art. Lass Dich von mir leiten und [&hellip;]<\/p>\n","protected":false},"author":1,"featured_media":33238,"parent":0,"menu_order":4,"comment_status":"closed","ping_status":"closed","template":"","meta":{"_et_pb_use_builder":"on","_et_pb_old_content":""},"yoast_head":"<!-- This site is optimized with the Yoast SEO plugin v14.9 - https:\/\/yoast.com\/wordpress\/plugins\/seo\/ -->\n<title>Lady Amy in Hanstedt - Stadtgelueste.de - Sex, ficken in Lady Amy in Hanstedt<\/title>\n<meta name=\"description\" content=\"Lady Amy in Hanstedt - Begleitservice, ficken in stade, huren, nutten, sexdates, stadtgel\u00fcste, nutten in buxtehude, ficken in Harburg, nutten in harburg.\" \/>\n<meta name=\"robots\" content=\"index, follow, max-snippet:-1, max-image-preview:large, max-video-preview:-1\" \/>\n<link rel=\"canonical\" href=\"http:\/\/www.stadtgelueste.de\/?page_id=6115\" \/>\n<meta property=\"og:locale\" content=\"de_DE\" \/>\n<meta property=\"og:type\" content=\"article\" \/>\n<meta property=\"og:title\" content=\"Lady Amy in Hanstedt - Stadtgelueste.de - Sex, ficken in Lady Amy in Hanstedt\" \/>\n<meta property=\"og:description\" content=\"Lady Amy in Hanstedt - Begleitservice, ficken in stade, huren, nutten, sexdates, stadtgel\u00fcste, nutten in buxtehude, ficken in Harburg, nutten in harburg.\" \/>\n<meta property=\"og:url\" content=\"http:\/\/www.stadtgelueste.de\/?page_id=6115\" \/>\n<meta property=\"og:site_name\" content=\"Stadtgelueste.de\" \/>\n<meta property=\"article:modified_time\" content=\"2026-04-04T10:25:49+00:00\" \/>\n<meta property=\"og:image\" content=\"https:\/\/www.stadtgelueste.de\/wp-content\/uploads\/2026\/04\/Lady-Amy20240417_104653-scaled.jpg\" \/>\n\t<meta property=\"og:image:width\" content=\"1440\" \/>\n\t<meta property=\"og:image:height\" content=\"2560\" \/>\n<meta name=\"twitter:card\" content=\"summary_large_image\" \/>\n<script type=\"application\/ld+json\" class=\"yoast-schema-graph\">{\"@context\":\"https:\/\/schema.org\",\"@graph\":[{\"@type\":\"Organization\",\"@id\":\"https:\/\/www.stadtgelueste.de\/#organization\",\"name\":\"Stadtgelueste.de\",\"url\":\"https:\/\/www.stadtgelueste.de\/\",\"sameAs\":[],\"logo\":{\"@type\":\"ImageObject\",\"@id\":\"https:\/\/www.stadtgelueste.de\/#logo\",\"inLanguage\":\"de-DE\",\"url\":\"https:\/\/www.stadtgelueste.de\/wp-content\/uploads\/2020\/09\/logoneuschwarz.png\",\"width\":960,\"height\":560,\"caption\":\"Stadtgelueste.de\"},\"image\":{\"@id\":\"https:\/\/www.stadtgelueste.de\/#logo\"}},{\"@type\":\"WebSite\",\"@id\":\"https:\/\/www.stadtgelueste.de\/#website\",\"url\":\"https:\/\/www.stadtgelueste.de\/\",\"name\":\"Stadtgelueste.de\",\"description\":\"\",\"publisher\":{\"@id\":\"https:\/\/www.stadtgelueste.de\/#organization\"},\"potentialAction\":[{\"@type\":\"SearchAction\",\"target\":\"https:\/\/www.stadtgelueste.de\/?s={search_term_string}\",\"query-input\":\"required name=search_term_string\"}],\"inLanguage\":\"de-DE\"},{\"@type\":\"ImageObject\",\"@id\":\"http:\/\/www.stadtgelueste.de\/?page_id=6115#primaryimage\",\"inLanguage\":\"de-DE\",\"url\":\"https:\/\/www.stadtgelueste.de\/wp-content\/uploads\/2026\/04\/Lady-Amy20240417_104653-scaled.jpg\",\"width\":1440,\"height\":2560},{\"@type\":\"WebPage\",\"@id\":\"http:\/\/www.stadtgelueste.de\/?page_id=6115#webpage\",\"url\":\"http:\/\/www.stadtgelueste.de\/?page_id=6115\",\"name\":\"Lady Amy in Hanstedt - Stadtgelueste.de - Sex, ficken in Lady Amy in Hanstedt\",\"isPartOf\":{\"@id\":\"https:\/\/www.stadtgelueste.de\/#website\"},\"primaryImageOfPage\":{\"@id\":\"http:\/\/www.stadtgelueste.de\/?page_id=6115#primaryimage\"},\"datePublished\":\"2021-11-13T21:59:30+00:00\",\"dateModified\":\"2026-04-04T10:25:49+00:00\",\"description\":\"Lady Amy in Hanstedt - Begleitservice, ficken in stade, huren, nutten, sexdates, stadtgel\\u00fcste, nutten in buxtehude, ficken in Harburg, nutten in harburg.\",\"inLanguage\":\"de-DE\",\"potentialAction\":[{\"@type\":\"ReadAction\",\"target\":[\"http:\/\/www.stadtgelueste.de\/?page_id=6115\"]}]}]}<\/script>\n<!-- \/ Yoast SEO plugin. -->","_links":{"self":[{"href":"https:\/\/www.stadtgelueste.de\/index.php?rest_route=\/wp\/v2\/pages\/6115"}],"collection":[{"href":"https:\/\/www.stadtgelueste.de\/index.php?rest_route=\/wp\/v2\/pages"}],"about":[{"href":"https:\/\/www.stadtgelueste.de\/index.php?rest_route=\/wp\/v2\/types\/page"}],"author":[{"embeddable":true,"href":"https:\/\/www.stadtgelueste.de\/index.php?rest_route=\/wp\/v2\/users\/1"}],"replies":[{"embeddable":true,"href":"https:\/\/www.stadtgelueste.de\/index.php?rest_route=%2Fwp%2Fv2%2Fcomments&post=6115"}],"version-history":[{"count":37,"href":"https:\/\/www.stadtgelueste.de\/index.php?rest_route=\/wp\/v2\/pages\/6115\/revisions"}],"predecessor-version":[{"id":33245,"href":"https:\/\/www.stadtgelueste.de\/index.php?rest_route=\/wp\/v2\/pages\/6115\/revisions\/33245"}],"wp:featuredmedia":[{"embeddable":true,"href":"https:\/\/www.stadtgelueste.de\/index.php?rest_route=\/wp\/v2\/media\/33238"}],"wp:attachment":[{"href":"https:\/\/www.stadtgelueste.de\/index.php?rest_route=%2Fwp%2Fv2%2Fmedia&parent=6115"}],"curies":[{"name":"wp","href":"https:\/\/api.w.org\/{rel}","templated":true}]}}