{"id":33735,"date":"2026-05-09T23:59:43","date_gmt":"2026-05-09T21:59:43","guid":{"rendered":"http:\/\/www.stadtgelueste.de\/?page_id=33735"},"modified":"2026-05-10T09:49:03","modified_gmt":"2026-05-10T07:49:03","slug":"karina-in-horneburg","status":"publish","type":"page","link":"https:\/\/www.stadtgelueste.de\/?page_id=33735","title":{"rendered":"Karina in Horneburg"},"content":{"rendered":"<p>[et_pb_section fb_built=&#8221;1&#8243; _builder_version=&#8221;3.22.5&#8243; background_color=&#8221;rgba(0,0,0,0)&#8221; min_height=&#8221;204px&#8221; custom_padding=&#8221;0px||0px||true|&#8221;][\/et_pb_section][et_pb_section fb_built=&#8221;1&#8243; _builder_version=&#8221;3.22.5&#8243; background_color=&#8221;rgba(0,0,0,0)&#8221; custom_padding=&#8221;2px|||||&#8221;][et_pb_row _builder_version=&#8221;3.22.5&#8243;][et_pb_column type=&#8221;4_4&#8243; _builder_version=&#8221;3.22.5&#8243;][et_pb_post_title meta=&#8221;off&#8221; featured_image=&#8221;off&#8221; _builder_version=&#8221;3.22.5&#8243; title_font=&#8221;||||||||&#8221; border_color_all=&#8221;#f200da&#8221; text_orientation=&#8221;center&#8221; text_shadow_style=&#8221;preset1&#8243;][\/et_pb_post_title][et_pb_button button_url=&#8221;#Bilder&#8221; button_text=&#8221;Zu den Bildern&#8221; button_alignment=&#8221;center&#8221; _builder_version=&#8221;3.22.5&#8243; custom_button=&#8221;on&#8221; button_text_size=&#8221;15px&#8221; button_text_color=&#8221;#f500f9&#8243; button_bg_color=&#8221;#c9c9c9&#8243; button_font=&#8221;||||||||&#8221; button_icon=&#8221;%%18%%&#8221;][\/et_pb_button][et_pb_divider color=&#8221;#f400f0&#8243; _builder_version=&#8221;3.22.5&#8243;][\/et_pb_divider][et_pb_text _builder_version=&#8221;3.22.5&#8243; text_font=&#8221;||||||||&#8221; text_font_size=&#8221;1px&#8221; background_color=&#8221;rgba(0,0,0,0)&#8221;]<\/p>\n<h4><span style=\"font-family: Arial, Helvetica, sans-serif; color: #000000; font-size: medium;\">Hallo, ich bin Karina, <\/span><\/h4>\n<h4><span style=\"font-family: Arial, Helvetica, sans-serif; color: #000000; font-size: medium;\">Ich treffe gerne h\u00f6fliche Herren und bin auch ernst und diskret und kann mit jedem Spa\u00df haben. Ich werde daf\u00fcr sorgen, dass Sie sich von dem Moment an, in dem wir uns treffen, wohl f\u00fchlen.Ich selbst fantasiere st\u00e4ndig davon, mit Spielzeug zu spielen, mich zu verkleiden und viele andere Dinge, die mir gefallen. Lass uns zusammen Spa\u00df haben! Ich kann es kaum erwarten, deine Fantasien zu entdecken, zu leben und zu befr.!<br \/> Gerne auch \u00e4ltere reife M\u00e4nner, die wissen wie man eine Frau die Zeit genie\u00dfen l\u00e4sst!!!<\/span><\/h4>\n<h4><span style=\"font-size: medium;\"><strong><span style=\"font-family: Arial, Helvetica, sans-serif; color: #000000;\">Besuche mich in<\/span><\/strong><\/span><\/h4>\n<div>\n<p style=\"margin-bottom: 0cm; widows: 2;\" align=\"LEFT\"><span style=\"color: #000000; font-size: large;\"><b><span style=\"font-family: Arial, Helvetica, sans-serif;\" size=\"4\" face=\"Arial, Helvetica, sans-serif\">Horneburg, Lange Str. 35, klingel bei Sommer<br \/> <\/span><\/b><\/span><\/p>\n<p style=\"margin-bottom: 0cm; font-style: normal; widows: 2; text-decoration: none;\" align=\"LEFT\"><span style=\"color: #000000; font-size: large;\" color=\"#000000\"><span style=\"font-family: Arial, Helvetica, sans-serif;\" face=\"Arial, Helvetica, sans-serif\"><span size=\"4\"><b>Tel:\u00a00152-16626912<\/b><\/span><\/span><\/span><\/p>\n<\/div>\n<div><span style=\"color: #000000;\"><span style=\"font-size: 15px;\"><\/span><\/span><\/div>\n<div><span style=\"color: #000000;\">\u00a0<\/span><\/div>\n<div><span style=\"font-size: 14px; color: #000000;\">Sag mir doch bitte, dass Du mich auf <b><u>stadtgelueste<\/u><\/b><u>.<b>de<\/b><\/u> gefunden hast, die mit der<b> <\/b><u><b>gelben Seite<\/b><\/u>. Danke!<\/span><\/div>\n<p>[\/et_pb_text][\/et_pb_column][\/et_pb_row][et_pb_row _builder_version=&#8221;3.22.5&#8243;][et_pb_column type=&#8221;4_4&#8243; _builder_version=&#8221;3.22.5&#8243;][et_pb_divider color=&#8221;#f400f0&#8243; module_id=&#8221;Bilder&#8221; _builder_version=&#8221;3.22.5&#8243;][\/et_pb_divider][dsm_perspective_image src=&#8221;http:\/\/www.stadtgelueste.de\/wp-content\/uploads\/2026\/05\/KarinaIMG_9831.jpg&#8221; align=&#8221;center&#8221; _builder_version=&#8221;3.22.5&#8243; max_width=&#8221;35%&#8221; max_width_phone=&#8221;100%&#8221; max_width_last_edited=&#8221;on|phone&#8221;][\/dsm_perspective_image][dsm_perspective_image src=&#8221;http:\/\/www.stadtgelueste.de\/wp-content\/uploads\/2026\/05\/KarinaIMG_9835.jpg&#8221; align=&#8221;center&#8221; _builder_version=&#8221;3.22.5&#8243; max_width=&#8221;35%&#8221; max_width_phone=&#8221;100%&#8221; max_width_last_edited=&#8221;on|desktop&#8221;][\/dsm_perspective_image][dsm_perspective_image src=&#8221;http:\/\/www.stadtgelueste.de\/wp-content\/uploads\/2026\/05\/KarinaIMG_9834.jpg&#8221; align=&#8221;center&#8221; _builder_version=&#8221;3.22.5&#8243; max_width=&#8221;35%&#8221; max_width_phone=&#8221;100%&#8221; max_width_last_edited=&#8221;on|desktop&#8221;][\/dsm_perspective_image][dsm_perspective_image src=&#8221;http:\/\/www.stadtgelueste.de\/wp-content\/uploads\/2026\/05\/KarinaIMG_9833.jpg&#8221; align=&#8221;center&#8221; _builder_version=&#8221;3.22.5&#8243; max_width=&#8221;35%&#8221; max_width_phone=&#8221;100%&#8221; max_width_last_edited=&#8221;on|desktop&#8221;][\/dsm_perspective_image][dsm_perspective_image src=&#8221;http:\/\/www.stadtgelueste.de\/wp-content\/uploads\/2026\/05\/KarinaIMG_9832.jpg&#8221; align=&#8221;center&#8221; _builder_version=&#8221;3.22.5&#8243; max_width=&#8221;35%&#8221; max_width_phone=&#8221;100%&#8221; max_width_last_edited=&#8221;on|desktop&#8221;][\/dsm_perspective_image][\/et_pb_column][\/et_pb_row][\/et_pb_section][et_pb_section fb_built=&#8221;1&#8243; _builder_version=&#8221;3.22.5&#8243; background_color=&#8221;rgba(0,0,0,0)&#8221;][\/et_pb_section]<\/p>\n","protected":false},"excerpt":{"rendered":"<p>[et_pb_section fb_built=&#8221;1&#8243; _builder_version=&#8221;3.22.5&#8243; background_color=&#8221;rgba(0,0,0,0)&#8221; min_height=&#8221;204px&#8221; custom_padding=&#8221;0px||0px||true|&#8221;][\/et_pb_section][et_pb_section fb_built=&#8221;1&#8243; _builder_version=&#8221;3.22.5&#8243; background_color=&#8221;rgba(0,0,0,0)&#8221; custom_padding=&#8221;2px|||||&#8221;][et_pb_row _builder_version=&#8221;3.22.5&#8243;][et_pb_column type=&#8221;4_4&#8243; _builder_version=&#8221;3.22.5&#8243;][et_pb_post_title meta=&#8221;off&#8221; featured_image=&#8221;off&#8221; _builder_version=&#8221;3.22.5&#8243; title_font=&#8221;||||||||&#8221; border_color_all=&#8221;#f200da&#8221; text_orientation=&#8221;center&#8221; text_shadow_style=&#8221;preset1&#8243;][\/et_pb_post_title][et_pb_button button_url=&#8221;#Bilder&#8221; button_text=&#8221;Zu den Bildern&#8221; button_alignment=&#8221;center&#8221; _builder_version=&#8221;3.22.5&#8243; custom_button=&#8221;on&#8221; button_text_size=&#8221;15px&#8221; button_text_color=&#8221;#f500f9&#8243; button_bg_color=&#8221;#c9c9c9&#8243; button_font=&#8221;||||||||&#8221; button_icon=&#8221;%%18%%&#8221;][\/et_pb_button][et_pb_divider color=&#8221;#f400f0&#8243; _builder_version=&#8221;3.22.5&#8243;][\/et_pb_divider][et_pb_text _builder_version=&#8221;3.22.5&#8243; text_font=&#8221;||||||||&#8221; text_font_size=&#8221;1px&#8221; background_color=&#8221;rgba(0,0,0,0)&#8221;] Hallo, ich bin Karina, Ich treffe gerne h\u00f6fliche Herren und bin auch ernst und diskret und kann [&hellip;]<\/p>\n","protected":false},"author":1,"featured_media":33736,"parent":194,"menu_order":300,"comment_status":"closed","ping_status":"closed","template":"","meta":{"_et_pb_use_builder":"on","_et_pb_old_content":""},"yoast_head":"<!-- This site is optimized with the Yoast SEO plugin v14.9 - https:\/\/yoast.com\/wordpress\/plugins\/seo\/ -->\n<title>Stadtgelueste.de - Sex, ficken Karina in Horneburg<\/title>\n<meta name=\"description\" content=\"Karina in Horneburg - Begleitservice, ficken in stade, huren, nutten, sexdates, stadtgel\u00fcste, nutten in buxtehude, ficken in Harburg, nutten in harburg.\" \/>\n<meta name=\"robots\" content=\"index, follow, max-snippet:-1, max-image-preview:large, max-video-preview:-1\" \/>\n<link rel=\"canonical\" href=\"http:\/\/www.stadtgelueste.de\/?page_id=33735\" \/>\n<meta property=\"og:locale\" content=\"de_DE\" \/>\n<meta property=\"og:type\" content=\"article\" \/>\n<meta property=\"og:title\" content=\"Stadtgelueste.de - Sex, ficken Karina in Horneburg\" \/>\n<meta property=\"og:description\" content=\"Karina in Horneburg - Begleitservice, ficken in stade, huren, nutten, sexdates, stadtgel\u00fcste, nutten in buxtehude, ficken in Harburg, nutten in harburg.\" \/>\n<meta property=\"og:url\" content=\"http:\/\/www.stadtgelueste.de\/?page_id=33735\" \/>\n<meta property=\"og:site_name\" content=\"Stadtgelueste.de\" \/>\n<meta property=\"article:modified_time\" content=\"2026-05-10T07:49:03+00:00\" \/>\n<meta property=\"og:image\" content=\"https:\/\/www.stadtgelueste.de\/wp-content\/uploads\/2026\/05\/KarinaIMG_9831.jpg\" \/>\n\t<meta property=\"og:image:width\" content=\"1075\" \/>\n\t<meta property=\"og:image:height\" content=\"1646\" \/>\n<meta name=\"twitter:card\" content=\"summary_large_image\" \/>\n<script type=\"application\/ld+json\" class=\"yoast-schema-graph\">{\"@context\":\"https:\/\/schema.org\",\"@graph\":[{\"@type\":\"Organization\",\"@id\":\"https:\/\/www.stadtgelueste.de\/#organization\",\"name\":\"Stadtgelueste.de\",\"url\":\"https:\/\/www.stadtgelueste.de\/\",\"sameAs\":[],\"logo\":{\"@type\":\"ImageObject\",\"@id\":\"https:\/\/www.stadtgelueste.de\/#logo\",\"inLanguage\":\"de-DE\",\"url\":\"https:\/\/www.stadtgelueste.de\/wp-content\/uploads\/2020\/09\/logoneuschwarz.png\",\"width\":960,\"height\":560,\"caption\":\"Stadtgelueste.de\"},\"image\":{\"@id\":\"https:\/\/www.stadtgelueste.de\/#logo\"}},{\"@type\":\"WebSite\",\"@id\":\"https:\/\/www.stadtgelueste.de\/#website\",\"url\":\"https:\/\/www.stadtgelueste.de\/\",\"name\":\"Stadtgelueste.de\",\"description\":\"\",\"publisher\":{\"@id\":\"https:\/\/www.stadtgelueste.de\/#organization\"},\"potentialAction\":[{\"@type\":\"SearchAction\",\"target\":\"https:\/\/www.stadtgelueste.de\/?s={search_term_string}\",\"query-input\":\"required name=search_term_string\"}],\"inLanguage\":\"de-DE\"},{\"@type\":\"ImageObject\",\"@id\":\"http:\/\/www.stadtgelueste.de\/?page_id=33735#primaryimage\",\"inLanguage\":\"de-DE\",\"url\":\"https:\/\/www.stadtgelueste.de\/wp-content\/uploads\/2026\/05\/KarinaIMG_9831.jpg\",\"width\":1075,\"height\":1646},{\"@type\":\"WebPage\",\"@id\":\"http:\/\/www.stadtgelueste.de\/?page_id=33735#webpage\",\"url\":\"http:\/\/www.stadtgelueste.de\/?page_id=33735\",\"name\":\"Stadtgelueste.de - Sex, ficken Karina in Horneburg\",\"isPartOf\":{\"@id\":\"https:\/\/www.stadtgelueste.de\/#website\"},\"primaryImageOfPage\":{\"@id\":\"http:\/\/www.stadtgelueste.de\/?page_id=33735#primaryimage\"},\"datePublished\":\"2026-05-09T21:59:43+00:00\",\"dateModified\":\"2026-05-10T07:49:03+00:00\",\"description\":\"Karina in Horneburg - Begleitservice, ficken in stade, huren, nutten, sexdates, stadtgel\\u00fcste, nutten in buxtehude, ficken in Harburg, nutten in harburg.\",\"inLanguage\":\"de-DE\",\"potentialAction\":[{\"@type\":\"ReadAction\",\"target\":[\"http:\/\/www.stadtgelueste.de\/?page_id=33735\"]}]}]}<\/script>\n<!-- \/ Yoast SEO plugin. -->","_links":{"self":[{"href":"https:\/\/www.stadtgelueste.de\/index.php?rest_route=\/wp\/v2\/pages\/33735"}],"collection":[{"href":"https:\/\/www.stadtgelueste.de\/index.php?rest_route=\/wp\/v2\/pages"}],"about":[{"href":"https:\/\/www.stadtgelueste.de\/index.php?rest_route=\/wp\/v2\/types\/page"}],"author":[{"embeddable":true,"href":"https:\/\/www.stadtgelueste.de\/index.php?rest_route=\/wp\/v2\/users\/1"}],"replies":[{"embeddable":true,"href":"https:\/\/www.stadtgelueste.de\/index.php?rest_route=%2Fwp%2Fv2%2Fcomments&post=33735"}],"version-history":[{"count":3,"href":"https:\/\/www.stadtgelueste.de\/index.php?rest_route=\/wp\/v2\/pages\/33735\/revisions"}],"predecessor-version":[{"id":33746,"href":"https:\/\/www.stadtgelueste.de\/index.php?rest_route=\/wp\/v2\/pages\/33735\/revisions\/33746"}],"up":[{"embeddable":true,"href":"https:\/\/www.stadtgelueste.de\/index.php?rest_route=\/wp\/v2\/pages\/194"}],"wp:featuredmedia":[{"embeddable":true,"href":"https:\/\/www.stadtgelueste.de\/index.php?rest_route=\/wp\/v2\/media\/33736"}],"wp:attachment":[{"href":"https:\/\/www.stadtgelueste.de\/index.php?rest_route=%2Fwp%2Fv2%2Fmedia&parent=33735"}],"curies":[{"name":"wp","href":"https:\/\/api.w.org\/{rel}","templated":true}]}}