{"id":33630,"date":"2026-05-02T23:59:29","date_gmt":"2026-05-02T21:59:29","guid":{"rendered":"http:\/\/www.stadtgelueste.de\/?page_id=33630"},"modified":"2026-05-02T22:12:13","modified_gmt":"2026-05-02T20:12:13","slug":"lora-in-stade","status":"publish","type":"page","link":"https:\/\/www.stadtgelueste.de\/?page_id=33630","title":{"rendered":"Lora in Stade"},"content":{"rendered":"<p>[et_pb_section fb_built=&#8221;1&#8243; _builder_version=&#8221;3.22.5&#8243; background_color=&#8221;rgba(0,0,0,0)&#8221; min_height=&#8221;204px&#8221; custom_padding=&#8221;0px||0px||true|&#8221;][et_pb_row _builder_version=&#8221;3.22.5&#8243;][et_pb_column type=&#8221;4_4&#8243; _builder_version=&#8221;3.22.5&#8243;][et_pb_post_title meta=&#8221;off&#8221; featured_image=&#8221;off&#8221; _builder_version=&#8221;3.22.5&#8243; text_orientation=&#8221;center&#8221; text_shadow_style=&#8221;preset1&#8243;][\/et_pb_post_title][\/et_pb_column][\/et_pb_row][\/et_pb_section][et_pb_section fb_built=&#8221;1&#8243; _builder_version=&#8221;3.22.5&#8243; background_color=&#8221;rgba(0,0,0,0)&#8221;][et_pb_row _builder_version=&#8221;3.22.5&#8243;][et_pb_column type=&#8221;4_4&#8243; _builder_version=&#8221;3.22.5&#8243;][et_pb_text _builder_version=&#8221;3.22.5&#8243; text_font=&#8221;||||||||&#8221; text_font_size=&#8221;1px&#8221; background_color=&#8221;rgba(0,0,0,0)&#8221;]<\/p>\n<h4>NUR MIT TERMIN<\/h4>\n<h4>Hallo, ich bin Lora,<\/h4>\n<h4>ich empfange Dich hier ganz Privat und Diskret, um Dich ohne Zeitdruck zu verw\u00f6hnen.<\/h4>\n<h4>Du suchst eine erotische und charmante Begleitung, ein prickelndes Date mit Esprit, Humor und sinnlicher Erotik? Ich bin da!<\/h4>\n<h4>Meinen Service und meine Vorlieben beim Sex besprechen wir pers\u00f6nlich.<br \/> Auch AV bei ihm und PR*ST*TA MASSAGEN m\u00f6glich.<\/h4>\n<h4>Termine m\u00f6glich nur nach Absprache.<\/h4>\n<h4>Immer gute Atmosph\u00e4re. Sauberes und diskretes Appartement.<br \/> Klassische Musik und Kerzenlicht.<\/h4>\n<h4>Ich freue mich auf Deinen Besuch.<\/h4>\n<h4>SMS werden nicht beantwortet. Danke.<\/h4>\n<h4><strong><\/strong><\/h4>\n<h4><span><strong>Besuche mich in<\/strong><\/span><\/h4>\n<h4><span color=\"#ff00ff\" style=\"color: #ff00ff;\"><span style=\"caret-color: #ff00ff;\">Stade, Albert-Schweitzer-Str 2, Klingel bei Winter<\/span><\/span><\/h4>\n<h4><span style=\"color: #ff00ff;\"><strong>Tel:\u00a00162-4822014<\/strong><\/span><\/h4>\n<h4><span color=\"#ff00ff\" style=\"color: #ff00ff;\"><span style=\"caret-color: #ff00ff;\"><\/span><\/span><\/h4>\n<h4><\/h4>\n<h4><strong>Zu mir:<\/strong><\/h4>\n<h4>Alter: 28 Jahre<br \/> K\u00f6rpergr\u00f6\u00dfe: 170 cm<br \/> Oberweite: 75 B<br \/> KF: 36<br \/> Gewicht: 52 kg<br \/> Intimbereich: total rasiert<br \/> Haare: blond, r\u00fcckenlang<br \/> Sprachen: Deutsch, Englisch<\/h4>\n<p>&nbsp;<\/p>\n<h6><span style=\"color: #000000;\">Beim Anruf oder Besuch der Dame sag ihr doch bitte, dass Du sie auf <span style=\"text-decoration: underline;\"><span>stadtgelueste.de<\/span><\/span> gefunden hast. Danke!<\/span><\/h6>\n<p style=\"text-align: center;\">\n[\/et_pb_text][\/et_pb_column][\/et_pb_row][\/et_pb_section][et_pb_section fb_built=&#8221;1&#8243; _builder_version=&#8221;3.22.5&#8243; background_color=&#8221;rgba(0,0,0,0)&#8221;][et_pb_row _builder_version=&#8221;3.22.5&#8243;][et_pb_column type=&#8221;4_4&#8243; _builder_version=&#8221;3.22.5&#8243;][et_pb_image src=&#8221;http:\/\/www.stadtgelueste.de\/wp-content\/uploads\/2025\/03\/Lora7f450f0d-11d3-4f43-b75e-c386b4dc7b68.jpg&#8221; align=&#8221;center&#8221; _builder_version=&#8221;3.22.5&#8243; max_width=&#8221;35%&#8221; max_width_phone=&#8221;100%&#8221; max_width_last_edited=&#8221;on|phone&#8221;][\/et_pb_image][et_pb_image src=&#8221;http:\/\/www.stadtgelueste.de\/wp-content\/uploads\/2026\/05\/248aa888-20ac-4221-a1b6-ddc5e1f19919.jpeg&#8221; align=&#8221;center&#8221; _builder_version=&#8221;3.22.5&#8243; max_width=&#8221;35%&#8221; max_width_phone=&#8221;100%&#8221; max_width_last_edited=&#8221;on|phone&#8221;][\/et_pb_image][et_pb_image src=&#8221;http:\/\/www.stadtgelueste.de\/wp-content\/uploads\/2025\/03\/Lorae0730770-73d6-4cf5-bdd6-94f94ab95d34.jpg&#8221; align=&#8221;center&#8221; _builder_version=&#8221;3.22.5&#8243; max_width=&#8221;35%&#8221; max_width_phone=&#8221;100%&#8221; max_width_last_edited=&#8221;on|phone&#8221;][\/et_pb_image][et_pb_image src=&#8221;http:\/\/www.stadtgelueste.de\/wp-content\/uploads\/2025\/03\/Lorae3152ec6-db3e-43ad-a1f7-0df68e799e59.jpg&#8221; align=&#8221;center&#8221; _builder_version=&#8221;3.22.5&#8243; max_width=&#8221;35%&#8221; max_width_phone=&#8221;100%&#8221; max_width_last_edited=&#8221;on|phone&#8221;][\/et_pb_image][et_pb_image src=&#8221;http:\/\/www.stadtgelueste.de\/wp-content\/uploads\/2026\/05\/442d99e2-4166-4737-9c0f-d4728ec5eb2e.jpeg&#8221; align=&#8221;center&#8221; _builder_version=&#8221;3.22.5&#8243; max_width=&#8221;35%&#8221; max_width_phone=&#8221;100%&#8221; max_width_last_edited=&#8221;on|phone&#8221;][\/et_pb_image][et_pb_image src=&#8221;http:\/\/www.stadtgelueste.de\/wp-content\/uploads\/2025\/03\/Loraaa54adec-7390-4d02-8f02-75fe1c9a7315.jpg&#8221; align=&#8221;center&#8221; _builder_version=&#8221;3.22.5&#8243; max_width=&#8221;35%&#8221; max_width_phone=&#8221;100%&#8221; max_width_last_edited=&#8221;on|phone&#8221;][\/et_pb_image][et_pb_image src=&#8221;http:\/\/www.stadtgelueste.de\/wp-content\/uploads\/2025\/03\/Lora99b856f8-c931-4cc9-866b-3f75d5c61588.jpg&#8221; align=&#8221;center&#8221; _builder_version=&#8221;3.22.5&#8243; max_width=&#8221;35%&#8221; max_width_phone=&#8221;100%&#8221; max_width_last_edited=&#8221;on|phone&#8221;][\/et_pb_image][et_pb_image src=&#8221;http:\/\/www.stadtgelueste.de\/wp-content\/uploads\/2026\/05\/427b1f71-a0f8-479a-a2a4-ba2120fe5ace.jpeg&#8221; align=&#8221;center&#8221; _builder_version=&#8221;3.22.5&#8243; max_width=&#8221;35%&#8221; max_width_phone=&#8221;100%&#8221; max_width_last_edited=&#8221;on|phone&#8221;][\/et_pb_image][et_pb_image src=&#8221;http:\/\/www.stadtgelueste.de\/wp-content\/uploads\/2025\/03\/Lora01fbecc3-e692-4407-9b40-49a5dd477877.jpg&#8221; align=&#8221;center&#8221; _builder_version=&#8221;3.22.5&#8243; max_width=&#8221;35%&#8221; max_width_phone=&#8221;100%&#8221; max_width_last_edited=&#8221;on|phone&#8221;][\/et_pb_image][et_pb_image src=&#8221;http:\/\/www.stadtgelueste.de\/wp-content\/uploads\/2024\/05\/Lorafa7b2692-85f5-431d-9075-d9e83626f166.jpg&#8221; align=&#8221;center&#8221; _builder_version=&#8221;3.22.5&#8243; max_width=&#8221;35%&#8221; max_width_phone=&#8221;100%&#8221; max_width_last_edited=&#8221;on|phone&#8221;][\/et_pb_image][et_pb_image src=&#8221;http:\/\/www.stadtgelueste.de\/wp-content\/uploads\/2024\/05\/Loraf25c17af-1929-42b4-b3fe-1ebcad5f4f09.jpg&#8221; align=&#8221;center&#8221; _builder_version=&#8221;3.22.5&#8243; max_width=&#8221;35%&#8221; max_width_phone=&#8221;100%&#8221; max_width_last_edited=&#8221;on|phone&#8221;][\/et_pb_image][et_pb_image src=&#8221;http:\/\/www.stadtgelueste.de\/wp-content\/uploads\/2024\/05\/Lorae81e6161-2c2c-4ff5-8c8e-a9032c442b17.jpg&#8221; align=&#8221;center&#8221; _builder_version=&#8221;3.22.5&#8243; max_width=&#8221;35%&#8221; max_width_phone=&#8221;100%&#8221; max_width_last_edited=&#8221;on|phone&#8221;][\/et_pb_image][et_pb_image src=&#8221;http:\/\/www.stadtgelueste.de\/wp-content\/uploads\/2024\/05\/Lorae2c09c06-298c-4707-ae24-1e0107153caa.jpg&#8221; align=&#8221;center&#8221; _builder_version=&#8221;3.22.5&#8243; max_width=&#8221;35%&#8221; max_width_phone=&#8221;100%&#8221; max_width_last_edited=&#8221;on|phone&#8221;][\/et_pb_image][et_pb_image src=&#8221;http:\/\/www.stadtgelueste.de\/wp-content\/uploads\/2024\/05\/Loradc136db6-d35e-4b5a-9e69-d29646e4b415.jpg&#8221; align=&#8221;center&#8221; _builder_version=&#8221;3.22.5&#8243; max_width=&#8221;35%&#8221; max_width_phone=&#8221;100%&#8221; max_width_last_edited=&#8221;on|phone&#8221;][\/et_pb_image][et_pb_image src=&#8221;http:\/\/www.stadtgelueste.de\/wp-content\/uploads\/2024\/05\/Lorab20d0adc-646b-47e8-bb63-8b06a35d8ba9.jpg&#8221; align=&#8221;center&#8221; _builder_version=&#8221;3.22.5&#8243; max_width=&#8221;35%&#8221; max_width_phone=&#8221;100%&#8221; max_width_last_edited=&#8221;on|phone&#8221;][\/et_pb_image][et_pb_image src=&#8221;http:\/\/www.stadtgelueste.de\/wp-content\/uploads\/2024\/05\/Lora37659010-633d-4b12-8d59-b49d1caf0416.jpg&#8221; align=&#8221;center&#8221; _builder_version=&#8221;3.22.5&#8243; max_width=&#8221;35%&#8221; max_width_phone=&#8221;100%&#8221; max_width_last_edited=&#8221;on|phone&#8221;][\/et_pb_image][et_pb_image src=&#8221;http:\/\/www.stadtgelueste.de\/wp-content\/uploads\/2024\/05\/Lora6060918c-70cf-42ce-b77e-204c8421cd14.jpg&#8221; align=&#8221;center&#8221; _builder_version=&#8221;3.22.5&#8243; max_width=&#8221;35%&#8221; max_width_phone=&#8221;100%&#8221; max_width_last_edited=&#8221;on|phone&#8221;][\/et_pb_image][et_pb_image src=&#8221;http:\/\/www.stadtgelueste.de\/wp-content\/uploads\/2024\/05\/Lora6421a235-500e-4de2-a1a4-e8ecccd6f262.jpg&#8221; align=&#8221;center&#8221; _builder_version=&#8221;3.22.5&#8243; max_width=&#8221;35%&#8221; max_width_phone=&#8221;100%&#8221; max_width_last_edited=&#8221;on|phone&#8221;][\/et_pb_image][et_pb_image src=&#8221;http:\/\/www.stadtgelueste.de\/wp-content\/uploads\/2024\/05\/Lora6155f627-b621-40bb-b4c9-e2ac80a8a715.jpg&#8221; align=&#8221;center&#8221; _builder_version=&#8221;3.22.5&#8243; max_width=&#8221;35%&#8221; max_width_phone=&#8221;100%&#8221; max_width_last_edited=&#8221;on|phone&#8221;][\/et_pb_image][et_pb_image src=&#8221;http:\/\/www.stadtgelueste.de\/wp-content\/uploads\/2024\/05\/Lora845ed123-d30e-4a51-af99-afa8d32a700c.jpg&#8221; align=&#8221;center&#8221; _builder_version=&#8221;3.22.5&#8243; max_width=&#8221;35%&#8221; max_width_phone=&#8221;100%&#8221; max_width_last_edited=&#8221;on|phone&#8221;][\/et_pb_image][et_pb_image src=&#8221;http:\/\/www.stadtgelueste.de\/wp-content\/uploads\/2024\/05\/Lora4ce65734-7950-4575-a378-ea20ce72fc77.jpg&#8221; align=&#8221;center&#8221; _builder_version=&#8221;3.22.5&#8243; max_width=&#8221;35%&#8221; max_width_phone=&#8221;100%&#8221; max_width_last_edited=&#8221;on|phone&#8221;][\/et_pb_image][et_pb_image src=&#8221;http:\/\/www.stadtgelueste.de\/wp-content\/uploads\/2024\/05\/Lora156ac21f-58c1-4dd4-8b5a-58018ecb952a.jpg&#8221; align=&#8221;center&#8221; _builder_version=&#8221;3.22.5&#8243; max_width=&#8221;35%&#8221; max_width_phone=&#8221;100%&#8221; max_width_last_edited=&#8221;on|phone&#8221;][\/et_pb_image][et_pb_image src=&#8221;http:\/\/www.stadtgelueste.de\/wp-content\/uploads\/2024\/05\/Lora63aff98d-6d2e-49fc-a133-028bc3853366.jpg&#8221; align=&#8221;center&#8221; _builder_version=&#8221;3.22.5&#8243; max_width=&#8221;35%&#8221; max_width_phone=&#8221;100%&#8221; max_width_last_edited=&#8221;on|phone&#8221;][\/et_pb_image][et_pb_image src=&#8221;http:\/\/www.stadtgelueste.de\/wp-content\/uploads\/2024\/05\/Lora25fcbb1e-d1a4-40c3-9582-699dd6aa510e.jpg&#8221; align=&#8221;center&#8221; _builder_version=&#8221;3.22.5&#8243; max_width=&#8221;35%&#8221; max_width_phone=&#8221;100%&#8221; max_width_last_edited=&#8221;on|phone&#8221;][\/et_pb_image][et_pb_image src=&#8221;http:\/\/www.stadtgelueste.de\/wp-content\/uploads\/2024\/05\/Lora09feb939-cdf1-4736-bef5-4d6f492f12a8.jpg&#8221; align=&#8221;center&#8221; _builder_version=&#8221;3.22.5&#8243; max_width=&#8221;35%&#8221; max_width_phone=&#8221;100%&#8221; max_width_last_edited=&#8221;on|phone&#8221;][\/et_pb_image][et_pb_image src=&#8221;http:\/\/www.stadtgelueste.de\/wp-content\/uploads\/2026\/05\/8f39660a-35c6-452e-b73a-51d2afc20be8.jpeg&#8221; align=&#8221;center&#8221; _builder_version=&#8221;3.22.5&#8243; max_width=&#8221;55%&#8221; max_width_phone=&#8221;100%&#8221; max_width_last_edited=&#8221;on|phone&#8221;][\/et_pb_image][et_pb_image src=&#8221;http:\/\/www.stadtgelueste.de\/wp-content\/uploads\/2026\/05\/70865ed5-05ce-4fad-839e-cbe4b85acdb1.jpeg&#8221; align=&#8221;center&#8221; _builder_version=&#8221;3.22.5&#8243; max_width=&#8221;55%&#8221; max_width_phone=&#8221;100%&#8221; max_width_last_edited=&#8221;on|phone&#8221;][\/et_pb_image][\/et_pb_column][\/et_pb_row][\/et_pb_section][et_pb_section fb_built=&#8221;1&#8243; _builder_version=&#8221;3.22.5&#8243; background_color=&#8221;rgba(0,0,0,0)&#8221;][\/et_pb_section]<\/p>\n","protected":false},"excerpt":{"rendered":"<p>[et_pb_section fb_built=&#8221;1&#8243; _builder_version=&#8221;3.22.5&#8243; background_color=&#8221;rgba(0,0,0,0)&#8221; min_height=&#8221;204px&#8221; custom_padding=&#8221;0px||0px||true|&#8221;][et_pb_row _builder_version=&#8221;3.22.5&#8243;][et_pb_column type=&#8221;4_4&#8243; _builder_version=&#8221;3.22.5&#8243;][et_pb_post_title meta=&#8221;off&#8221; featured_image=&#8221;off&#8221; _builder_version=&#8221;3.22.5&#8243; text_orientation=&#8221;center&#8221; text_shadow_style=&#8221;preset1&#8243;][\/et_pb_post_title][\/et_pb_column][\/et_pb_row][\/et_pb_section][et_pb_section fb_built=&#8221;1&#8243; _builder_version=&#8221;3.22.5&#8243; background_color=&#8221;rgba(0,0,0,0)&#8221;][et_pb_row _builder_version=&#8221;3.22.5&#8243;][et_pb_column type=&#8221;4_4&#8243; _builder_version=&#8221;3.22.5&#8243;][et_pb_text _builder_version=&#8221;3.22.5&#8243; text_font=&#8221;||||||||&#8221; text_font_size=&#8221;1px&#8221; background_color=&#8221;rgba(0,0,0,0)&#8221;] NUR MIT TERMIN Hallo, ich bin Lora, ich empfange Dich hier ganz Privat und Diskret, um Dich ohne Zeitdruck zu verw\u00f6hnen. Du suchst eine erotische und charmante Begleitung, ein prickelndes Date [&hellip;]<\/p>\n","protected":false},"author":1,"featured_media":26262,"parent":185,"menu_order":300,"comment_status":"closed","ping_status":"closed","template":"","meta":{"_et_pb_use_builder":"on","_et_pb_old_content":""},"yoast_head":"<!-- This site is optimized with the Yoast SEO plugin v14.9 - https:\/\/yoast.com\/wordpress\/plugins\/seo\/ -->\n<title>Lora in Stade - Stadtgelueste.de - Sex, ficken in Lora in Stade<\/title>\n<meta name=\"description\" content=\"Lora in Stade - Begleitservice, ficken in stade, huren, nutten, sexdates, stadtgel\u00fcste, nutten in buxtehude, ficken in Harburg, nutten in harburg.\" \/>\n<meta name=\"robots\" content=\"index, follow, max-snippet:-1, max-image-preview:large, max-video-preview:-1\" \/>\n<link rel=\"canonical\" href=\"https:\/\/www.stadtgelueste.de\/?page_id=33630\" \/>\n<meta property=\"og:locale\" content=\"de_DE\" \/>\n<meta property=\"og:type\" content=\"article\" \/>\n<meta property=\"og:title\" content=\"Lora in Stade - Stadtgelueste.de - Sex, ficken in Lora in Stade\" \/>\n<meta property=\"og:description\" content=\"Lora in Stade - Begleitservice, ficken in stade, huren, nutten, sexdates, stadtgel\u00fcste, nutten in buxtehude, ficken in Harburg, nutten in harburg.\" \/>\n<meta property=\"og:url\" content=\"https:\/\/www.stadtgelueste.de\/?page_id=33630\" \/>\n<meta property=\"og:site_name\" content=\"Stadtgelueste.de\" \/>\n<meta property=\"article:modified_time\" content=\"2026-05-02T20:12:13+00:00\" \/>\n<meta property=\"og:image\" content=\"https:\/\/www.stadtgelueste.de\/wp-content\/uploads\/2025\/03\/Lora7f450f0d-11d3-4f43-b75e-c386b4dc7b68.jpg\" \/>\n\t<meta property=\"og:image:width\" content=\"1067\" \/>\n\t<meta property=\"og:image:height\" content=\"1600\" \/>\n<meta name=\"twitter:card\" content=\"summary_large_image\" \/>\n<script type=\"application\/ld+json\" class=\"yoast-schema-graph\">{\"@context\":\"https:\/\/schema.org\",\"@graph\":[{\"@type\":\"Organization\",\"@id\":\"https:\/\/www.stadtgelueste.de\/#organization\",\"name\":\"Stadtgelueste.de\",\"url\":\"https:\/\/www.stadtgelueste.de\/\",\"sameAs\":[],\"logo\":{\"@type\":\"ImageObject\",\"@id\":\"https:\/\/www.stadtgelueste.de\/#logo\",\"inLanguage\":\"de-DE\",\"url\":\"https:\/\/www.stadtgelueste.de\/wp-content\/uploads\/2020\/09\/logoneuschwarz.png\",\"width\":960,\"height\":560,\"caption\":\"Stadtgelueste.de\"},\"image\":{\"@id\":\"https:\/\/www.stadtgelueste.de\/#logo\"}},{\"@type\":\"WebSite\",\"@id\":\"https:\/\/www.stadtgelueste.de\/#website\",\"url\":\"https:\/\/www.stadtgelueste.de\/\",\"name\":\"Stadtgelueste.de\",\"description\":\"\",\"publisher\":{\"@id\":\"https:\/\/www.stadtgelueste.de\/#organization\"},\"potentialAction\":[{\"@type\":\"SearchAction\",\"target\":\"https:\/\/www.stadtgelueste.de\/?s={search_term_string}\",\"query-input\":\"required name=search_term_string\"}],\"inLanguage\":\"de-DE\"},{\"@type\":\"ImageObject\",\"@id\":\"https:\/\/www.stadtgelueste.de\/?page_id=33630#primaryimage\",\"inLanguage\":\"de-DE\",\"url\":\"https:\/\/www.stadtgelueste.de\/wp-content\/uploads\/2025\/03\/Lora7f450f0d-11d3-4f43-b75e-c386b4dc7b68.jpg\",\"width\":1067,\"height\":1600},{\"@type\":\"WebPage\",\"@id\":\"https:\/\/www.stadtgelueste.de\/?page_id=33630#webpage\",\"url\":\"https:\/\/www.stadtgelueste.de\/?page_id=33630\",\"name\":\"Lora in Stade - Stadtgelueste.de - Sex, ficken in Lora in Stade\",\"isPartOf\":{\"@id\":\"https:\/\/www.stadtgelueste.de\/#website\"},\"primaryImageOfPage\":{\"@id\":\"https:\/\/www.stadtgelueste.de\/?page_id=33630#primaryimage\"},\"datePublished\":\"2026-05-02T21:59:29+00:00\",\"dateModified\":\"2026-05-02T20:12:13+00:00\",\"description\":\"Lora in Stade - Begleitservice, ficken in stade, huren, nutten, sexdates, stadtgel\\u00fcste, nutten in buxtehude, ficken in Harburg, nutten in harburg.\",\"inLanguage\":\"de-DE\",\"potentialAction\":[{\"@type\":\"ReadAction\",\"target\":[\"https:\/\/www.stadtgelueste.de\/?page_id=33630\"]}]}]}<\/script>\n<!-- \/ Yoast SEO plugin. -->","_links":{"self":[{"href":"https:\/\/www.stadtgelueste.de\/index.php?rest_route=\/wp\/v2\/pages\/33630"}],"collection":[{"href":"https:\/\/www.stadtgelueste.de\/index.php?rest_route=\/wp\/v2\/pages"}],"about":[{"href":"https:\/\/www.stadtgelueste.de\/index.php?rest_route=\/wp\/v2\/types\/page"}],"author":[{"embeddable":true,"href":"https:\/\/www.stadtgelueste.de\/index.php?rest_route=\/wp\/v2\/users\/1"}],"replies":[{"embeddable":true,"href":"https:\/\/www.stadtgelueste.de\/index.php?rest_route=%2Fwp%2Fv2%2Fcomments&post=33630"}],"version-history":[{"count":3,"href":"https:\/\/www.stadtgelueste.de\/index.php?rest_route=\/wp\/v2\/pages\/33630\/revisions"}],"predecessor-version":[{"id":33669,"href":"https:\/\/www.stadtgelueste.de\/index.php?rest_route=\/wp\/v2\/pages\/33630\/revisions\/33669"}],"up":[{"embeddable":true,"href":"https:\/\/www.stadtgelueste.de\/index.php?rest_route=\/wp\/v2\/pages\/185"}],"wp:featuredmedia":[{"embeddable":true,"href":"https:\/\/www.stadtgelueste.de\/index.php?rest_route=\/wp\/v2\/media\/26262"}],"wp:attachment":[{"href":"https:\/\/www.stadtgelueste.de\/index.php?rest_route=%2Fwp%2Fv2%2Fmedia&parent=33630"}],"curies":[{"name":"wp","href":"https:\/\/api.w.org\/{rel}","templated":true}]}}