{"id":33609,"date":"2026-05-02T11:20:02","date_gmt":"2026-05-02T09:20:02","guid":{"rendered":"http:\/\/www.stadtgelueste.de\/?page_id=33609"},"modified":"2026-05-02T11:28:01","modified_gmt":"2026-05-02T09:28:01","slug":"vanessa-in-stade-6","status":"publish","type":"page","link":"https:\/\/www.stadtgelueste.de\/?page_id=33609","title":{"rendered":"Vanessa in Stade"},"content":{"rendered":"<p>[et_pb_section fb_built=&#8221;1&#8243; _builder_version=&#8221;3.22.5&#8243; background_color=&#8221;rgba(0,0,0,0)&#8221; min_height=&#8221;204px&#8221; custom_padding=&#8221;0px||0px||true|&#8221;][et_pb_row _builder_version=&#8221;3.22.5&#8243;][et_pb_column type=&#8221;4_4&#8243; _builder_version=&#8221;3.22.5&#8243;][et_pb_post_title meta=&#8221;off&#8221; featured_image=&#8221;off&#8221; text_orientation=&#8221;center&#8221; text_shadow_style=&#8221;preset1&#8243; _builder_version=&#8221;3.22.5&#8243;][\/et_pb_post_title][\/et_pb_column][\/et_pb_row][\/et_pb_section][et_pb_section fb_built=&#8221;1&#8243; _builder_version=&#8221;3.22.5&#8243; background_color=&#8221;rgba(0,0,0,0)&#8221;][et_pb_row _builder_version=&#8221;3.22.5&#8243;][et_pb_column type=&#8221;4_4&#8243; _builder_version=&#8221;3.22.5&#8243;][et_pb_text _builder_version=&#8221;3.22.5&#8243; text_font=&#8221;||||||||&#8221; text_font_size=&#8221;1px&#8221; background_color=&#8221;rgba(0,0,0,0)&#8221;]<\/p>\n<h4>Hallo, ich bin Vanessa,<\/h4>\n<h4>deine hei\u00dfe und wilde Verf\u00fchrerin. Geni\u00dfe den Moment mit mir und vergesse alles um dich herum. Warte nicht lange und komm zu unserem erotischen Date.<\/h4>\n<h4>Besuch mich in<\/h4>\n<h4><strong>Stade, Adresse auf Anfrage.<\/strong><\/h4>\n<h4><strong>Tel: 0152-06681731<\/strong><\/h4>\n<p><span style=\"font-size: 16px; color: #000000;\"><span style=\"font-size: 18px;\"><b><\/b><\/span><\/span><\/p>\n<p>&nbsp;<\/p>\n<h4><span style=\"color: #000000;\">Zu mir: Gr\u00f6\u00dfe: 168 cm, Oberweite: 75 C, natur,\u00a0KF: 36, total rasiert<br \/> Mein Service: GV, Franz, GF6, Span., ZK, KK, Kuscheln, DS aktiv &amp; Passiv, Fingerspiele, KB, EL, Masturb., erot. Massagen&#8230;meinen genauen Service besprechen wir pers\u00f6nlich.<\/span><\/h4>\n<p><span style=\"color: #000000;\"><span style=\"font-size: 14px; font-style: normal; font-variant: normal; font-weight: 400; letter-spacing: normal; text-align: left; text-indent: 0px; text-transform: none; white-space: normal; word-spacing: 0px; -webkit-text-stroke-width: 0px; background-color: transparent; text-decoration: none; font-family: Arial, Helvetica, sans-serif; float: none; display: inline !important;\">Sag mir doch bitte, dass Du mich auf\u00a0<\/span><b style=\"font-style: normal; font-variant: normal; letter-spacing: normal; text-align: left; text-indent: 0px; text-transform: none; white-space: normal; word-spacing: 0px; -webkit-text-stroke-width: 0px; background-color: transparent; text-decoration: none; font-family: Arial, Helvetica, sans-serif; font-size: 15px; font-weight: bold;\"><u>stadtgelueste<\/u><\/b><u style=\"font-style: normal; font-variant: normal; font-weight: 400; letter-spacing: normal; text-align: left; text-indent: 0px; text-transform: none; white-space: normal; word-spacing: 0px; -webkit-text-stroke-width: 0px; background-color: transparent; font-family: Arial, Helvetica, sans-serif; font-size: 15px; text-decoration: underline;\">.<b>de<\/b><\/u><span style=\"font-size: 14px; font-style: normal; font-variant: normal; font-weight: 400; letter-spacing: normal; text-align: left; text-indent: 0px; text-transform: none; white-space: normal; word-spacing: 0px; -webkit-text-stroke-width: 0px; background-color: transparent; text-decoration: none; font-family: Arial, Helvetica, sans-serif; float: none; display: inline !important;\">\u00a0gefunden hast, die mit der<\/span><b style=\"font-style: normal; font-variant: normal; letter-spacing: normal; text-align: left; text-indent: 0px; text-transform: none; white-space: normal; word-spacing: 0px; -webkit-text-stroke-width: 0px; background-color: transparent; text-decoration: none; font-family: Arial, Helvetica, sans-serif; font-size: 15px; font-weight: bold;\">\u00a0<\/b><u style=\"font-style: normal; font-variant: normal; font-weight: 400; letter-spacing: normal; text-align: left; text-indent: 0px; text-transform: none; white-space: normal; word-spacing: 0px; -webkit-text-stroke-width: 0px; background-color: transparent; font-family: Arial, Helvetica, sans-serif; font-size: 15px; text-decoration: underline;\"><b>gelben Seite<\/b><\/u><span style=\"font-size: 14px; font-style: normal; font-variant: normal; font-weight: 400; letter-spacing: normal; text-align: left; text-indent: 0px; text-transform: none; white-space: normal; word-spacing: 0px; -webkit-text-stroke-width: 0px; background-color: transparent; text-decoration: none; font-family: Arial, Helvetica, sans-serif; float: none; display: inline !important;\">. Danke!<\/span><\/span><\/p>\n<p><span style=\"color: #000000;\">\u00a0<\/span><\/p>\n<p>[\/et_pb_text][\/et_pb_column][\/et_pb_row][\/et_pb_section][et_pb_section fb_built=&#8221;1&#8243; _builder_version=&#8221;3.22.5&#8243; background_color=&#8221;rgba(0,0,0,0)&#8221;][et_pb_row _builder_version=&#8221;3.22.5&#8243;][et_pb_column type=&#8221;4_4&#8243; _builder_version=&#8221;3.22.5&#8243;][et_pb_image src=&#8221;http:\/\/www.stadtgelueste.de\/wp-content\/uploads\/2026\/05\/VanessaIMG_9743.jpg&#8221; align=&#8221;center&#8221; _builder_version=&#8221;3.22.5&#8243; max_width=&#8221;35%&#8221; max_width_phone=&#8221;100%&#8221; max_width_last_edited=&#8221;on|phone&#8221;][\/et_pb_image][et_pb_image src=&#8221;http:\/\/www.stadtgelueste.de\/wp-content\/uploads\/2026\/05\/VanessaIMG_9744.jpg&#8221; align=&#8221;center&#8221; _builder_version=&#8221;3.22.5&#8243; max_width=&#8221;35%&#8221; max_width_phone=&#8221;100%&#8221; max_width_last_edited=&#8221;on|phone&#8221;][\/et_pb_image][et_pb_image src=&#8221;http:\/\/www.stadtgelueste.de\/wp-content\/uploads\/2026\/05\/VanessaIMG_9742.jpg&#8221; align=&#8221;center&#8221; _builder_version=&#8221;3.22.5&#8243; max_width=&#8221;35%&#8221; max_width_phone=&#8221;100%&#8221; max_width_last_edited=&#8221;on|phone&#8221;][\/et_pb_image][et_pb_image src=&#8221;http:\/\/www.stadtgelueste.de\/wp-content\/uploads\/2026\/05\/VanessaIMG_9740.jpg&#8221; align=&#8221;center&#8221; _builder_version=&#8221;3.22.5&#8243; max_width=&#8221;35%&#8221; max_width_phone=&#8221;100%&#8221; max_width_last_edited=&#8221;on|phone&#8221;][\/et_pb_image][et_pb_image src=&#8221;http:\/\/www.stadtgelueste.de\/wp-content\/uploads\/2026\/05\/VanessaIMG_9739.jpg&#8221; align=&#8221;center&#8221; _builder_version=&#8221;3.22.5&#8243; max_width=&#8221;35%&#8221; max_width_phone=&#8221;100%&#8221; max_width_last_edited=&#8221;on|phone&#8221;][\/et_pb_image][et_pb_image src=&#8221;http:\/\/www.stadtgelueste.de\/wp-content\/uploads\/2026\/05\/VanessaIMG_9741.jpg&#8221; align=&#8221;center&#8221; _builder_version=&#8221;3.22.5&#8243; max_width=&#8221;55%&#8221; max_width_phone=&#8221;100%&#8221; max_width_last_edited=&#8221;on|phone&#8221;][\/et_pb_image][\/et_pb_column][\/et_pb_row][\/et_pb_section][et_pb_section fb_built=&#8221;1&#8243; _builder_version=&#8221;3.22.5&#8243; background_color=&#8221;rgba(0,0,0,0)&#8221;][\/et_pb_section]<\/p>\n","protected":false},"excerpt":{"rendered":"<p>[et_pb_section fb_built=&#8221;1&#8243; _builder_version=&#8221;3.22.5&#8243; background_color=&#8221;rgba(0,0,0,0)&#8221; min_height=&#8221;204px&#8221; custom_padding=&#8221;0px||0px||true|&#8221;][et_pb_row _builder_version=&#8221;3.22.5&#8243;][et_pb_column type=&#8221;4_4&#8243; _builder_version=&#8221;3.22.5&#8243;][et_pb_post_title meta=&#8221;off&#8221; featured_image=&#8221;off&#8221; text_orientation=&#8221;center&#8221; text_shadow_style=&#8221;preset1&#8243; _builder_version=&#8221;3.22.5&#8243;][\/et_pb_post_title][\/et_pb_column][\/et_pb_row][\/et_pb_section][et_pb_section fb_built=&#8221;1&#8243; _builder_version=&#8221;3.22.5&#8243; background_color=&#8221;rgba(0,0,0,0)&#8221;][et_pb_row _builder_version=&#8221;3.22.5&#8243;][et_pb_column type=&#8221;4_4&#8243; _builder_version=&#8221;3.22.5&#8243;][et_pb_text _builder_version=&#8221;3.22.5&#8243; text_font=&#8221;||||||||&#8221; text_font_size=&#8221;1px&#8221; background_color=&#8221;rgba(0,0,0,0)&#8221;] Hallo, ich bin Vanessa, deine hei\u00dfe und wilde Verf\u00fchrerin. Geni\u00dfe den Moment mit mir und vergesse alles um dich herum. Warte nicht lange und komm zu unserem erotischen Date. Besuch mich [&hellip;]<\/p>\n","protected":false},"author":1,"featured_media":33614,"parent":185,"menu_order":300,"comment_status":"closed","ping_status":"closed","template":"","meta":{"_et_pb_use_builder":"on","_et_pb_old_content":""},"yoast_head":"<!-- This site is optimized with the Yoast SEO plugin v14.9 - https:\/\/yoast.com\/wordpress\/plugins\/seo\/ -->\n<title>Vanessa in Stade - Stadtgelueste.de - Sex, ficken in Vanessa in Stade<\/title>\n<meta name=\"description\" content=\"Vanessa in Stade - Begleitservice, ficken in stade, huren, nutten, sexdates, stadtgel\u00fcste, nutten in buxtehude, ficken in Harburg, nutten in harburg.\" \/>\n<meta name=\"robots\" content=\"index, follow, max-snippet:-1, max-image-preview:large, max-video-preview:-1\" \/>\n<link rel=\"canonical\" href=\"http:\/\/www.stadtgelueste.de\/?page_id=33609\" \/>\n<meta property=\"og:locale\" content=\"de_DE\" \/>\n<meta property=\"og:type\" content=\"article\" \/>\n<meta property=\"og:title\" content=\"Vanessa in Stade - Stadtgelueste.de - Sex, ficken in Vanessa in Stade\" \/>\n<meta property=\"og:description\" content=\"Vanessa in Stade - Begleitservice, ficken in stade, huren, nutten, sexdates, stadtgel\u00fcste, nutten in buxtehude, ficken in Harburg, nutten in harburg.\" \/>\n<meta property=\"og:url\" content=\"http:\/\/www.stadtgelueste.de\/?page_id=33609\" \/>\n<meta property=\"og:site_name\" content=\"Stadtgelueste.de\" \/>\n<meta property=\"article:modified_time\" content=\"2026-05-02T09:28:01+00:00\" \/>\n<meta property=\"og:image\" content=\"https:\/\/www.stadtgelueste.de\/wp-content\/uploads\/2026\/05\/VanessaIMG_9743.jpg\" \/>\n\t<meta property=\"og:image:width\" content=\"338\" \/>\n\t<meta property=\"og:image:height\" content=\"600\" \/>\n<meta name=\"twitter:card\" content=\"summary_large_image\" \/>\n<script type=\"application\/ld+json\" class=\"yoast-schema-graph\">{\"@context\":\"https:\/\/schema.org\",\"@graph\":[{\"@type\":\"Organization\",\"@id\":\"https:\/\/www.stadtgelueste.de\/#organization\",\"name\":\"Stadtgelueste.de\",\"url\":\"https:\/\/www.stadtgelueste.de\/\",\"sameAs\":[],\"logo\":{\"@type\":\"ImageObject\",\"@id\":\"https:\/\/www.stadtgelueste.de\/#logo\",\"inLanguage\":\"de-DE\",\"url\":\"https:\/\/www.stadtgelueste.de\/wp-content\/uploads\/2020\/09\/logoneuschwarz.png\",\"width\":960,\"height\":560,\"caption\":\"Stadtgelueste.de\"},\"image\":{\"@id\":\"https:\/\/www.stadtgelueste.de\/#logo\"}},{\"@type\":\"WebSite\",\"@id\":\"https:\/\/www.stadtgelueste.de\/#website\",\"url\":\"https:\/\/www.stadtgelueste.de\/\",\"name\":\"Stadtgelueste.de\",\"description\":\"\",\"publisher\":{\"@id\":\"https:\/\/www.stadtgelueste.de\/#organization\"},\"potentialAction\":[{\"@type\":\"SearchAction\",\"target\":\"https:\/\/www.stadtgelueste.de\/?s={search_term_string}\",\"query-input\":\"required name=search_term_string\"}],\"inLanguage\":\"de-DE\"},{\"@type\":\"ImageObject\",\"@id\":\"http:\/\/www.stadtgelueste.de\/?page_id=33609#primaryimage\",\"inLanguage\":\"de-DE\",\"url\":\"https:\/\/www.stadtgelueste.de\/wp-content\/uploads\/2026\/05\/VanessaIMG_9743.jpg\",\"width\":338,\"height\":600},{\"@type\":\"WebPage\",\"@id\":\"http:\/\/www.stadtgelueste.de\/?page_id=33609#webpage\",\"url\":\"http:\/\/www.stadtgelueste.de\/?page_id=33609\",\"name\":\"Vanessa in Stade - Stadtgelueste.de - Sex, ficken in Vanessa in Stade\",\"isPartOf\":{\"@id\":\"https:\/\/www.stadtgelueste.de\/#website\"},\"primaryImageOfPage\":{\"@id\":\"http:\/\/www.stadtgelueste.de\/?page_id=33609#primaryimage\"},\"datePublished\":\"2026-05-02T09:20:02+00:00\",\"dateModified\":\"2026-05-02T09:28:01+00:00\",\"description\":\"Vanessa in Stade - Begleitservice, ficken in stade, huren, nutten, sexdates, stadtgel\\u00fcste, nutten in buxtehude, ficken in Harburg, nutten in harburg.\",\"inLanguage\":\"de-DE\",\"potentialAction\":[{\"@type\":\"ReadAction\",\"target\":[\"http:\/\/www.stadtgelueste.de\/?page_id=33609\"]}]}]}<\/script>\n<!-- \/ Yoast SEO plugin. -->","_links":{"self":[{"href":"https:\/\/www.stadtgelueste.de\/index.php?rest_route=\/wp\/v2\/pages\/33609"}],"collection":[{"href":"https:\/\/www.stadtgelueste.de\/index.php?rest_route=\/wp\/v2\/pages"}],"about":[{"href":"https:\/\/www.stadtgelueste.de\/index.php?rest_route=\/wp\/v2\/types\/page"}],"author":[{"embeddable":true,"href":"https:\/\/www.stadtgelueste.de\/index.php?rest_route=\/wp\/v2\/users\/1"}],"replies":[{"embeddable":true,"href":"https:\/\/www.stadtgelueste.de\/index.php?rest_route=%2Fwp%2Fv2%2Fcomments&post=33609"}],"version-history":[{"count":3,"href":"https:\/\/www.stadtgelueste.de\/index.php?rest_route=\/wp\/v2\/pages\/33609\/revisions"}],"predecessor-version":[{"id":33619,"href":"https:\/\/www.stadtgelueste.de\/index.php?rest_route=\/wp\/v2\/pages\/33609\/revisions\/33619"}],"up":[{"embeddable":true,"href":"https:\/\/www.stadtgelueste.de\/index.php?rest_route=\/wp\/v2\/pages\/185"}],"wp:featuredmedia":[{"embeddable":true,"href":"https:\/\/www.stadtgelueste.de\/index.php?rest_route=\/wp\/v2\/media\/33614"}],"wp:attachment":[{"href":"https:\/\/www.stadtgelueste.de\/index.php?rest_route=%2Fwp%2Fv2%2Fmedia&parent=33609"}],"curies":[{"name":"wp","href":"https:\/\/api.w.org\/{rel}","templated":true}]}}