{"id":33549,"date":"2026-04-28T14:07:55","date_gmt":"2026-04-28T12:07:55","guid":{"rendered":"http:\/\/www.stadtgelueste.de\/?page_id=33549"},"modified":"2026-04-28T14:14:43","modified_gmt":"2026-04-28T12:14:43","slug":"amalia-in-horneburg-2","status":"publish","type":"page","link":"https:\/\/www.stadtgelueste.de\/?page_id=33549","title":{"rendered":"Amalia in Horneburg"},"content":{"rendered":"<p>[et_pb_section fb_built=&#8221;1&#8243; _builder_version=&#8221;3.22.5&#8243; background_color=&#8221;rgba(0,0,0,0)&#8221; min_height=&#8221;204px&#8221; custom_padding=&#8221;0px||0px||true|&#8221;][\/et_pb_section][et_pb_section fb_built=&#8221;1&#8243; _builder_version=&#8221;3.22.5&#8243; background_color=&#8221;rgba(0,0,0,0)&#8221; custom_padding=&#8221;2px|||||&#8221;][et_pb_row _builder_version=&#8221;3.22.5&#8243;][et_pb_column type=&#8221;4_4&#8243; _builder_version=&#8221;3.22.5&#8243;][et_pb_post_title meta=&#8221;off&#8221; featured_image=&#8221;off&#8221; _builder_version=&#8221;3.22.5&#8243; title_font=&#8221;||||||||&#8221; border_color_all=&#8221;#f200da&#8221; text_orientation=&#8221;center&#8221; text_shadow_style=&#8221;preset1&#8243;][\/et_pb_post_title][et_pb_button button_url=&#8221;#Bilder&#8221; button_text=&#8221;Zu den Bildern&#8221; button_alignment=&#8221;center&#8221; _builder_version=&#8221;3.22.5&#8243; custom_button=&#8221;on&#8221; button_text_size=&#8221;15px&#8221; button_text_color=&#8221;#f500f9&#8243; button_bg_color=&#8221;#c9c9c9&#8243; button_font=&#8221;||||||||&#8221; button_icon=&#8221;%%18%%&#8221;][\/et_pb_button][et_pb_divider color=&#8221;#f400f0&#8243; _builder_version=&#8221;3.22.5&#8243;][\/et_pb_divider][et_pb_text _builder_version=&#8221;3.22.5&#8243;]<\/p>\n<p><span style=\"color: #000000;\">Hallo, ich bin Amalia,<\/span><\/p>\n<p><span style=\"color: #000000;\">Ich bin Offen und freundlich: Ganz nach deinem Geschmack: Eine attraktive Frau mit Herz und Verstand, eine verst\u00e4ndnisvolle Gespr\u00e4chspartnerin und eine leidenschaftliche Geliebte.<\/span><\/p>\n<p><span style=\"color: #000000;\">Entspannung pur: Ich liebe Massagen, romantische Momente und alles, was Spa\u00df macht.<\/span><br \/> <span style=\"color: #000000;\">Diskretion ist bei mir garantiert: Ich biete dir einen Ort, an dem du dich vollkommen wohlf\u00fchlen kannst. Gemeinsam k\u00f6nnen wir unvergessliche Momente voller Leidenschaft erleben.<\/span><\/p>\n<p><span style=\"color: #000000;\">Ein entspanntes Treffen ohne Zeitdruck ist mir wichtig. Egal ob eine sinnliche Stunde oder eine k\u00fcrzere Begegnung<\/span><\/p>\n<p><span style=\"color: #000000;\">Besondere Vorlieben: Netzstr\u00fcmpfe, Dessous, High-Heels, Latex, Dildos und vieles mehr.<\/span><br \/> <span style=\"color: #000000;\">F\u00fcr M\u00e4nner, die Dominanz und SM m\u00f6gen: Bei deinem Besuch werde ich dich sexuell erregen \u2013 du wirst dich es lieben! Ich werde deine Sinne zum Gl\u00fchen bringen, und du wirst nur eines wollen: mehr von mir!<\/span><\/p>\n<p><span style=\"color: #000000;\">Jeder nette Gast ist willkommen, auch reifere Herren \u00e4ltere M\u00e4nner sind herzlich willkommen<\/span><\/p>\n<p><span style=\"color: #000000;\">\u00a0<\/span><\/p>\n<p><span style=\"color: #000000;\">Ein Treffen ist m\u00f6glich, nur mit vorheriger Vereinbarung, aber in dringenden F\u00e4llen gen\u00fcgt eine kurze Mitteilung 10 Minuten im Voraus. <\/span><\/p>\n<p><span style=\"color: #000000;\">Besuche mich in<\/span><\/p>\n<p style=\"color: #000000; font-family: Arial,Helvetica,sans-serif; font-size: 12px; font-style: normal; font-variant: normal; font-weight: 400; letter-spacing: normal; margin-bottom: 0em; margin-top: 0em; orphans: 2; text-align: left; text-decoration: none; text-indent: 0px; text-transform: none; -webkit-text-stroke-width: 0px; white-space: normal; widows: 2; word-spacing: 0px;\" align=\"LEFT\"><span style=\"color: #000000; font-size: large;\" color=\"#000000\"><span style=\"font-family: Arial, Helvetica, sans-serif;\" face=\"Arial, Helvetica, sans-serif\"><span size=\"4\"><b>Horneburg, Lange Str. 35, klingeln bei K\u00f6nig<br \/> <\/b><\/span><\/span><\/span><\/p>\n<p><span style=\"color: #000000; font-size: large;\"><b><span size=\"4\">Tel:\u00a00176-16322431<span style=\"color: #ff0000;\"><br \/> <\/span><\/span><\/b><\/span><\/p>\n<p><span style=\"color: #000000;\">\u00a0<\/span><\/p>\n<p><span style=\"color: #000000;\">Zu Mir:<\/span><\/p>\n<p><span style=\"color: #000000;\">30 Jahre, Gr\u00f6\u00dfe 170cm, Oberweite 80F, Konfektion 36\/38, total rasiert<\/span><\/p>\n<p><span style=\"color: #000000;\">Mein Service:<\/span><\/p>\n<p><span style=\"color: #000000;\">AV<br \/>GV<br \/>Franz.<br \/>D*p Thr*t<br \/>Span. \/ BV<br \/>GF6<br \/>ZK<br \/>Schmusen, Kuscheln, K\u00f6rperk\u00fcsse<br \/>AV bei Ihm<br \/>DS aktiv &amp; passiv<br \/>FA \/ An*l-Massagen aktiv &amp; passiv<br \/>KB passiv<br \/>Fingerspiele aktiv &amp; passiv<br \/>Masurb.<br \/>Dusch- und Badeservice<br \/>extra langes Vorspiel<br \/>RS<br \/>Fu\u00df- \/ Schuherotik \/\u00a0<\/span><span style=\"color: #000000;\">Verbalerotik<br \/>Squ*rting<br \/>Straps- und Nylonerotik<br \/>erot. Massagen (HE, B2B, Thai, Ganzk\u00f6rper, Intim, \u00d6l, P\u00e4rchen)<br \/>Dom. Biz.-Spielchen<br \/>Fetisch-Spielchen<br \/>WS<br \/>FS<br \/>NS aktiv<br \/>FF passiv<br \/>Bizarr Pers\u00f6nlichkeit<br \/>nahbare Domina<br \/>Abme. mit P.<br \/>Abstraf.<br \/>Abrichtung<br \/>Benut.-Spiele<br \/>Bondage \/ Fess*ung<br \/>CBT<br \/>Dem.<br \/>Disziplinierungen<br \/>Feminisierung<br \/>Fetischspiele<br \/>Fixie*ungen<br \/>Gemeinschafterz.<br \/>Gender Play<br \/>Gewichte<br \/>Ho*enbehan.<br \/>Hur*nausbildung<br \/>Kla*mern<br \/>Kne*el und Ma*ken<br \/>Ma*kentraining<br \/>Milit\u00e4r-Drill<br \/>Mum*fizierung<br \/>Pet-Play<br \/>Rasur \/ Strafrasur<br \/>Schu*-Erz.<br \/>Skl*envertrag<br \/>Stiefel-Erotik<br \/>Strafbock<br \/>strenge Massagen<br \/>Tr*mpl*ng<br \/>Verb. Ern.<br \/>Verh\u00f6re-Spiele<br \/>Verskl.<br \/>Vorf\u00fchrung<br \/>WS<br \/>Meinen genauen Service besprechen wir pers\u00f6nlich.<\/span><\/p>\n<p><span style=\"font-size: 14px; color: #000000;\"><span style=\"display: inline !important; float: none; background-color: transparent; font-family: Arial, Helvetica, sans-serif; font-size: 15px; font-style: normal; font-variant: normal; font-weight: 400; letter-spacing: normal; text-align: left; text-decoration: none; text-indent: 0px; text-transform: none; -webkit-text-stroke-width: 0px; white-space: normal; word-spacing: 0px;\">Sag mir doch bitte, dass Du mich auf <\/span><b style=\"background-color: transparent; font-family: Arial, Helvetica, sans-serif; font-size: 15px; font-style: normal; font-variant: normal; font-weight: bold; letter-spacing: normal; text-align: left; text-decoration: none; text-indent: 0px; text-transform: none; -webkit-text-stroke-width: 0px; white-space: normal; word-spacing: 0px;\"><u>stadtgelueste<\/u><\/b><u style=\"background-color: transparent; font-family: Arial, Helvetica, sans-serif; font-size: 15px; font-style: normal; font-variant: normal; font-weight: 400; letter-spacing: normal; text-align: left; text-decoration: underline; text-indent: 0px; text-transform: none; -webkit-text-stroke-width: 0px; white-space: normal; word-spacing: 0px;\">.<b>de<\/b><\/u><span style=\"display: inline !important; float: none; background-color: transparent; font-family: Arial, Helvetica, sans-serif; font-size: 15px; font-style: normal; font-variant: normal; font-weight: 400; letter-spacing: normal; text-align: left; text-decoration: none; text-indent: 0px; text-transform: none; -webkit-text-stroke-width: 0px; white-space: normal; word-spacing: 0px;\"> gefunden hast, die mit der<\/span><b style=\"background-color: transparent; font-family: Arial, Helvetica, sans-serif; font-size: 15px; font-style: normal; font-variant: normal; font-weight: bold; letter-spacing: normal; text-align: left; text-decoration: none; text-indent: 0px; text-transform: none; -webkit-text-stroke-width: 0px; white-space: normal; word-spacing: 0px;\"> <\/b><u style=\"background-color: transparent; font-family: Arial, Helvetica, sans-serif; font-size: 15px; font-style: normal; font-variant: normal; font-weight: 400; letter-spacing: normal; text-align: left; text-decoration: underline; text-indent: 0px; text-transform: none; -webkit-text-stroke-width: 0px; white-space: normal; word-spacing: 0px;\"><b>gelben Seite<\/b><\/u><span style=\"display: inline !important; float: none; background-color: transparent; font-family: Arial, Helvetica, sans-serif; font-size: 15px; font-style: normal; font-variant: normal; font-weight: 400; letter-spacing: normal; text-align: left; text-decoration: none; text-indent: 0px; text-transform: none; -webkit-text-stroke-width: 0px; white-space: normal; word-spacing: 0px;\">. Danke!<\/span><\/span><\/p>\n<p>[\/et_pb_text][\/et_pb_column][\/et_pb_row][et_pb_row _builder_version=&#8221;3.22.5&#8243;][et_pb_column type=&#8221;4_4&#8243; _builder_version=&#8221;3.22.5&#8243;][et_pb_divider color=&#8221;#f400f0&#8243; module_id=&#8221;Bilder&#8221; _builder_version=&#8221;3.22.5&#8243;][\/et_pb_divider][dsm_perspective_image src=&#8221;http:\/\/www.stadtgelueste.de\/wp-content\/uploads\/2026\/04\/AmeliaBild-9.jpg&#8221; align=&#8221;center&#8221; _builder_version=&#8221;3.22.5&#8243; max_width=&#8221;35%&#8221; max_width_phone=&#8221;100%&#8221; max_width_last_edited=&#8221;on|phone&#8221;][\/dsm_perspective_image][dsm_perspective_image src=&#8221;http:\/\/www.stadtgelueste.de\/wp-content\/uploads\/2026\/04\/AmeliaBild-13.jpg&#8221; align=&#8221;center&#8221; _builder_version=&#8221;3.22.5&#8243; max_width=&#8221;35%&#8221; max_width_phone=&#8221;100%&#8221; max_width_last_edited=&#8221;on|phone&#8221;][\/dsm_perspective_image][dsm_perspective_image src=&#8221;http:\/\/www.stadtgelueste.de\/wp-content\/uploads\/2026\/04\/AmeliaBild-11.jpg&#8221; align=&#8221;center&#8221; _builder_version=&#8221;3.22.5&#8243; max_width=&#8221;35%&#8221; max_width_phone=&#8221;100%&#8221; max_width_last_edited=&#8221;on|phone&#8221;][\/dsm_perspective_image][dsm_perspective_image src=&#8221;http:\/\/www.stadtgelueste.de\/wp-content\/uploads\/2026\/04\/AmeliaBild-10.jpg&#8221; align=&#8221;center&#8221; _builder_version=&#8221;3.22.5&#8243; max_width=&#8221;35%&#8221; max_width_phone=&#8221;100%&#8221; max_width_last_edited=&#8221;on|phone&#8221;][\/dsm_perspective_image][dsm_perspective_image src=&#8221;http:\/\/www.stadtgelueste.de\/wp-content\/uploads\/2026\/04\/AmeliaBild-8.jpg&#8221; align=&#8221;center&#8221; _builder_version=&#8221;3.22.5&#8243; width=&#8221;55%&#8221; width_phone=&#8221;100%&#8221; width_last_edited=&#8221;on|phone&#8221; max_width=&#8221;35%&#8221; max_width_phone=&#8221;100%&#8221; max_width_last_edited=&#8221;on|phone&#8221;][\/dsm_perspective_image][dsm_perspective_image src=&#8221;http:\/\/www.stadtgelueste.de\/wp-content\/uploads\/2026\/04\/AmeliaBild-7.jpg&#8221; align=&#8221;center&#8221; _builder_version=&#8221;3.22.5&#8243; width=&#8221;55%&#8221; width_phone=&#8221;100%&#8221; width_last_edited=&#8221;on|phone&#8221; max_width=&#8221;35%&#8221; max_width_phone=&#8221;100%&#8221; max_width_last_edited=&#8221;on|phone&#8221;][\/dsm_perspective_image][dsm_perspective_image src=&#8221;http:\/\/www.stadtgelueste.de\/wp-content\/uploads\/2026\/04\/AmeliaBild-5.jpg&#8221; align=&#8221;center&#8221; _builder_version=&#8221;3.22.5&#8243; width=&#8221;55%&#8221; width_phone=&#8221;100%&#8221; width_last_edited=&#8221;on|phone&#8221; max_width=&#8221;35%&#8221; max_width_phone=&#8221;100%&#8221; max_width_last_edited=&#8221;on|phone&#8221;][\/dsm_perspective_image][dsm_perspective_image src=&#8221;http:\/\/www.stadtgelueste.de\/wp-content\/uploads\/2026\/04\/AmeliaBild-6.jpg&#8221; align=&#8221;center&#8221; _builder_version=&#8221;3.22.5&#8243; width=&#8221;55%&#8221; width_phone=&#8221;100%&#8221; width_last_edited=&#8221;on|phone&#8221; max_width=&#8221;55%&#8221; max_width_phone=&#8221;100%&#8221; max_width_last_edited=&#8221;on|phone&#8221;][\/dsm_perspective_image][\/et_pb_column][\/et_pb_row][\/et_pb_section][et_pb_section fb_built=&#8221;1&#8243; _builder_version=&#8221;3.22.5&#8243; background_color=&#8221;rgba(0,0,0,0)&#8221;][\/et_pb_section]<\/p>\n","protected":false},"excerpt":{"rendered":"<p>[et_pb_section fb_built=&#8221;1&#8243; _builder_version=&#8221;3.22.5&#8243; background_color=&#8221;rgba(0,0,0,0)&#8221; min_height=&#8221;204px&#8221; custom_padding=&#8221;0px||0px||true|&#8221;][\/et_pb_section][et_pb_section fb_built=&#8221;1&#8243; _builder_version=&#8221;3.22.5&#8243; background_color=&#8221;rgba(0,0,0,0)&#8221; custom_padding=&#8221;2px|||||&#8221;][et_pb_row _builder_version=&#8221;3.22.5&#8243;][et_pb_column type=&#8221;4_4&#8243; _builder_version=&#8221;3.22.5&#8243;][et_pb_post_title meta=&#8221;off&#8221; featured_image=&#8221;off&#8221; _builder_version=&#8221;3.22.5&#8243; title_font=&#8221;||||||||&#8221; border_color_all=&#8221;#f200da&#8221; text_orientation=&#8221;center&#8221; text_shadow_style=&#8221;preset1&#8243;][\/et_pb_post_title][et_pb_button button_url=&#8221;#Bilder&#8221; button_text=&#8221;Zu den Bildern&#8221; button_alignment=&#8221;center&#8221; _builder_version=&#8221;3.22.5&#8243; custom_button=&#8221;on&#8221; button_text_size=&#8221;15px&#8221; button_text_color=&#8221;#f500f9&#8243; button_bg_color=&#8221;#c9c9c9&#8243; button_font=&#8221;||||||||&#8221; button_icon=&#8221;%%18%%&#8221;][\/et_pb_button][et_pb_divider color=&#8221;#f400f0&#8243; _builder_version=&#8221;3.22.5&#8243;][\/et_pb_divider][et_pb_text _builder_version=&#8221;3.22.5&#8243;] Hallo, ich bin Amalia, Ich bin Offen und freundlich: Ganz nach deinem Geschmack: Eine attraktive Frau mit Herz und Verstand, [&hellip;]<\/p>\n","protected":false},"author":1,"featured_media":33554,"parent":194,"menu_order":300,"comment_status":"closed","ping_status":"closed","template":"","meta":{"_et_pb_use_builder":"on","_et_pb_old_content":""},"yoast_head":"<!-- This site is optimized with the Yoast SEO plugin v14.9 - https:\/\/yoast.com\/wordpress\/plugins\/seo\/ -->\n<title>Stadtgelueste.de - Sex, ficken Amalia in Horneburg<\/title>\n<meta name=\"description\" content=\"Amalia in Horneburg - Begleitservice, ficken in stade, huren, nutten, sexdates, stadtgel\u00fcste, nutten in buxtehude, ficken in Harburg, nutten in harburg.\" \/>\n<meta name=\"robots\" content=\"index, follow, max-snippet:-1, max-image-preview:large, max-video-preview:-1\" \/>\n<link rel=\"canonical\" href=\"http:\/\/www.stadtgelueste.de\/?page_id=33549\" \/>\n<meta property=\"og:locale\" content=\"de_DE\" \/>\n<meta property=\"og:type\" content=\"article\" \/>\n<meta property=\"og:title\" content=\"Stadtgelueste.de - Sex, ficken Amalia in Horneburg\" \/>\n<meta property=\"og:description\" content=\"Amalia in Horneburg - Begleitservice, ficken in stade, huren, nutten, sexdates, stadtgel\u00fcste, nutten in buxtehude, ficken in Harburg, nutten in harburg.\" \/>\n<meta property=\"og:url\" content=\"http:\/\/www.stadtgelueste.de\/?page_id=33549\" \/>\n<meta property=\"og:site_name\" content=\"Stadtgelueste.de\" \/>\n<meta property=\"article:modified_time\" content=\"2026-04-28T12:14:43+00:00\" \/>\n<meta property=\"og:image\" content=\"https:\/\/www.stadtgelueste.de\/wp-content\/uploads\/2026\/04\/AmeliaBild-9.jpg\" \/>\n\t<meta property=\"og:image:width\" content=\"1066\" \/>\n\t<meta property=\"og:image:height\" content=\"1600\" \/>\n<meta name=\"twitter:card\" content=\"summary_large_image\" \/>\n<script type=\"application\/ld+json\" class=\"yoast-schema-graph\">{\"@context\":\"https:\/\/schema.org\",\"@graph\":[{\"@type\":\"Organization\",\"@id\":\"https:\/\/www.stadtgelueste.de\/#organization\",\"name\":\"Stadtgelueste.de\",\"url\":\"https:\/\/www.stadtgelueste.de\/\",\"sameAs\":[],\"logo\":{\"@type\":\"ImageObject\",\"@id\":\"https:\/\/www.stadtgelueste.de\/#logo\",\"inLanguage\":\"de-DE\",\"url\":\"https:\/\/www.stadtgelueste.de\/wp-content\/uploads\/2020\/09\/logoneuschwarz.png\",\"width\":960,\"height\":560,\"caption\":\"Stadtgelueste.de\"},\"image\":{\"@id\":\"https:\/\/www.stadtgelueste.de\/#logo\"}},{\"@type\":\"WebSite\",\"@id\":\"https:\/\/www.stadtgelueste.de\/#website\",\"url\":\"https:\/\/www.stadtgelueste.de\/\",\"name\":\"Stadtgelueste.de\",\"description\":\"\",\"publisher\":{\"@id\":\"https:\/\/www.stadtgelueste.de\/#organization\"},\"potentialAction\":[{\"@type\":\"SearchAction\",\"target\":\"https:\/\/www.stadtgelueste.de\/?s={search_term_string}\",\"query-input\":\"required name=search_term_string\"}],\"inLanguage\":\"de-DE\"},{\"@type\":\"ImageObject\",\"@id\":\"http:\/\/www.stadtgelueste.de\/?page_id=33549#primaryimage\",\"inLanguage\":\"de-DE\",\"url\":\"https:\/\/www.stadtgelueste.de\/wp-content\/uploads\/2026\/04\/AmeliaBild-9.jpg\",\"width\":1066,\"height\":1600},{\"@type\":\"WebPage\",\"@id\":\"http:\/\/www.stadtgelueste.de\/?page_id=33549#webpage\",\"url\":\"http:\/\/www.stadtgelueste.de\/?page_id=33549\",\"name\":\"Stadtgelueste.de - Sex, ficken Amalia in Horneburg\",\"isPartOf\":{\"@id\":\"https:\/\/www.stadtgelueste.de\/#website\"},\"primaryImageOfPage\":{\"@id\":\"http:\/\/www.stadtgelueste.de\/?page_id=33549#primaryimage\"},\"datePublished\":\"2026-04-28T12:07:55+00:00\",\"dateModified\":\"2026-04-28T12:14:43+00:00\",\"description\":\"Amalia in Horneburg - Begleitservice, ficken in stade, huren, nutten, sexdates, stadtgel\\u00fcste, nutten in buxtehude, ficken in Harburg, nutten in harburg.\",\"inLanguage\":\"de-DE\",\"potentialAction\":[{\"@type\":\"ReadAction\",\"target\":[\"http:\/\/www.stadtgelueste.de\/?page_id=33549\"]}]}]}<\/script>\n<!-- \/ Yoast SEO plugin. -->","_links":{"self":[{"href":"https:\/\/www.stadtgelueste.de\/index.php?rest_route=\/wp\/v2\/pages\/33549"}],"collection":[{"href":"https:\/\/www.stadtgelueste.de\/index.php?rest_route=\/wp\/v2\/pages"}],"about":[{"href":"https:\/\/www.stadtgelueste.de\/index.php?rest_route=\/wp\/v2\/types\/page"}],"author":[{"embeddable":true,"href":"https:\/\/www.stadtgelueste.de\/index.php?rest_route=\/wp\/v2\/users\/1"}],"replies":[{"embeddable":true,"href":"https:\/\/www.stadtgelueste.de\/index.php?rest_route=%2Fwp%2Fv2%2Fcomments&post=33549"}],"version-history":[{"count":3,"href":"https:\/\/www.stadtgelueste.de\/index.php?rest_route=\/wp\/v2\/pages\/33549\/revisions"}],"predecessor-version":[{"id":33563,"href":"https:\/\/www.stadtgelueste.de\/index.php?rest_route=\/wp\/v2\/pages\/33549\/revisions\/33563"}],"up":[{"embeddable":true,"href":"https:\/\/www.stadtgelueste.de\/index.php?rest_route=\/wp\/v2\/pages\/194"}],"wp:featuredmedia":[{"embeddable":true,"href":"https:\/\/www.stadtgelueste.de\/index.php?rest_route=\/wp\/v2\/media\/33554"}],"wp:attachment":[{"href":"https:\/\/www.stadtgelueste.de\/index.php?rest_route=%2Fwp%2Fv2%2Fmedia&parent=33549"}],"curies":[{"name":"wp","href":"https:\/\/api.w.org\/{rel}","templated":true}]}}