{"id":33462,"date":"2026-04-20T08:25:15","date_gmt":"2026-04-20T06:25:15","guid":{"rendered":"http:\/\/www.stadtgelueste.de\/?page_id=33462"},"modified":"2026-04-20T08:30:38","modified_gmt":"2026-04-20T06:30:38","slug":"juliette-in-stade","status":"publish","type":"page","link":"https:\/\/www.stadtgelueste.de\/?page_id=33462","title":{"rendered":"Juliette in Stade"},"content":{"rendered":"<p>[et_pb_section fb_built=&#8221;1&#8243; _builder_version=&#8221;3.22.5&#8243; background_color=&#8221;rgba(0,0,0,0)&#8221; min_height=&#8221;204px&#8221; custom_padding=&#8221;0px||0px||true|&#8221;][\/et_pb_section][et_pb_section fb_built=&#8221;1&#8243; _builder_version=&#8221;3.22.5&#8243; background_color=&#8221;rgba(0,0,0,0)&#8221; custom_padding=&#8221;2px|||||&#8221;][et_pb_row _builder_version=&#8221;3.22.5&#8243;][et_pb_column type=&#8221;4_4&#8243; _builder_version=&#8221;3.22.5&#8243;][et_pb_post_title meta=&#8221;off&#8221; featured_image=&#8221;off&#8221; _builder_version=&#8221;3.22.5&#8243; title_font=&#8221;||||||||&#8221; border_color_all=&#8221;#f200da&#8221; text_orientation=&#8221;center&#8221; text_shadow_style=&#8221;preset1&#8243;][\/et_pb_post_title][et_pb_button button_url=&#8221;#Bilder&#8221; button_text=&#8221;Zu den Bildern&#8221; button_alignment=&#8221;center&#8221; _builder_version=&#8221;3.22.5&#8243; custom_button=&#8221;on&#8221; button_text_size=&#8221;15px&#8221; button_text_color=&#8221;#f500f9&#8243; button_bg_color=&#8221;#c9c9c9&#8243; button_font=&#8221;||||||||&#8221; button_icon=&#8221;%%18%%&#8221;][\/et_pb_button][et_pb_divider color=&#8221;#f400f0&#8243; _builder_version=&#8221;3.22.5&#8243;][\/et_pb_divider][et_pb_text _builder_version=&#8221;3.22.5&#8243;]<\/p>\n<p style=\"margin-bottom: 0cm;\"><span style=\"color: #000000;\"><\/span><\/p>\n<p><span style=\"font-size: 16px; color: #000000;\"> NEU UND ZUM ERSTEN MAL IN STADE !!\ud83d\ude18 <\/span><\/p>\n<p><span style=\"font-size: 16px; color: #000000;\">\u00a0<\/span><\/p>\n<div class=\"col-xs-12 hidden-sm hidden-xs hidden-print\">\n<h2 class=\"page-heading kuenstlername\"><span style=\"color: #000000;\">Juliette Asiatische<\/span><\/h2>\n<\/div>\n<div class=\"col-lg-5 col-md-5 col-sm-7 col-xs-7 col-print-8\">\n<div class=\"row row_anzeigentext\">\n<div class=\"col-lg-12 col-md-12 col-sm-12 col-xs-12\">\n<div class=\"text-overflow row einzelansicht-text\">\n<div>\n<p><span style=\"color: #000000;\">100% Orig. Bilder<\/span><br \/> <span style=\"color: #000000;\"> BESUCHE NUR NACH TERMINVEREINBARUNG.<\/span><br \/> <span style=\"color: #000000;\"> Bitte rufen Sie genau zur vereinbarten Zeit an<\/span><\/p>\n<p><span style=\"color: #000000;\">* Teeny 18+ so richtig versaut<\/span><\/p>\n<p><span style=\"color: #000000;\">Du wei\u00dft eine au\u00dfergew\u00f6hnliche und belastbare AV-Hobby zu sch\u00e4tzen?<\/span><br \/> <span style=\"color: #000000;\"> Dann bist Du bei mir genau richtig.<\/span><br \/> <span style=\"color: #000000;\"> Ich bin eine fast grenzen. versaut und eine AV-Hostessen.<\/span><br \/> <span style=\"color: #000000;\"> Dir meinen geilen Hintern f\u00fcr fast jedes erdenkliche Spiel<\/span><br \/> <span style=\"color: #000000;\"> AV- jetzt schon bereit!<\/span><\/p>\n<p><span style=\"color: #000000;\">ALLES MIT SCHUTZ<\/span><\/p>\n<\/div>\n<\/div>\n<\/div>\n<\/div>\n<\/div>\n<p><span style=\"font-size: 16px; color: #000000;\">\u00a0<\/span><\/p>\n<p><span style=\"font-size: 16px; color: #000000;\">\u00a0\ud83d\udc8b<\/span><span style=\"color: #000000;\"><span style=\"font-size: 16px;\">Du findest mich t\u00e4glich in<\/span><\/span><\/p>\n<p style=\"color: #000000; font-family: Arial,Helvetica,sans-serif; font-size: 12px; font-style: normal; font-variant: normal; font-weight: 400; letter-spacing: normal; margin-bottom: 0em; margin-top: 0em; orphans: 2; text-align: left; text-decoration: none; text-indent: 0px; text-transform: none; -webkit-text-stroke-width: 0px; white-space: normal; widows: 2; word-spacing: 0px;\" align=\"LEFT\"><span style=\"color: #000000; font-size: large;\" color=\"#000000\"><span style=\"font-family: Arial, Helvetica, sans-serif;\" face=\"Arial, Helvetica, sans-serif\"><span size=\"4\"><b>Stade, Harsefelderstr 18, Klingel bei Juliette<br \/> <\/b><\/span><\/span><\/span><\/p>\n<p><span style=\"color: #000000; font-size: large;\"><b><span size=\"4\">Tel:.<strong itemprop=\"telephone\">0152-19541828<\/strong><\/span><\/b><\/span><\/p>\n<p><span style=\"color: #000000;\">\u00a0<\/span><\/p>\n<p><span style=\"font-size: 14px; color: #000000;\"><span style=\"display: inline !important; float: none; background-color: transparent; font-family: Arial, Helvetica, sans-serif; font-size: 15px; font-style: normal; font-variant: normal; font-weight: 400; letter-spacing: normal; text-align: left; text-decoration: none; text-indent: 0px; text-transform: none; -webkit-text-stroke-width: 0px; white-space: normal; word-spacing: 0px;\">Sag mir doch bitte, dass Du mich auf <\/span><b style=\"background-color: transparent; font-family: Arial, Helvetica, sans-serif; font-size: 15px; font-style: normal; font-variant: normal; font-weight: bold; letter-spacing: normal; text-align: left; text-decoration: none; text-indent: 0px; text-transform: none; -webkit-text-stroke-width: 0px; white-space: normal; word-spacing: 0px;\"><u>stadtgelueste<\/u><\/b><u style=\"background-color: transparent; font-family: Arial, Helvetica, sans-serif; font-size: 15px; font-style: normal; font-variant: normal; font-weight: 400; letter-spacing: normal; text-align: left; text-decoration: underline; text-indent: 0px; text-transform: none; -webkit-text-stroke-width: 0px; white-space: normal; word-spacing: 0px;\">.<b>de<\/b><\/u><span style=\"display: inline !important; float: none; background-color: transparent; font-family: Arial, Helvetica, sans-serif; font-size: 15px; font-style: normal; font-variant: normal; font-weight: 400; letter-spacing: normal; text-align: left; text-decoration: none; text-indent: 0px; text-transform: none; -webkit-text-stroke-width: 0px; white-space: normal; word-spacing: 0px;\"> gefunden hast, die mit der<\/span><b style=\"background-color: transparent; font-family: Arial, Helvetica, sans-serif; font-size: 15px; font-style: normal; font-variant: normal; font-weight: bold; letter-spacing: normal; text-align: left; text-decoration: none; text-indent: 0px; text-transform: none; -webkit-text-stroke-width: 0px; white-space: normal; word-spacing: 0px;\"> <\/b><u style=\"background-color: transparent; font-family: Arial, Helvetica, sans-serif; font-size: 15px; font-style: normal; font-variant: normal; font-weight: 400; letter-spacing: normal; text-align: left; text-decoration: underline; text-indent: 0px; text-transform: none; -webkit-text-stroke-width: 0px; white-space: normal; word-spacing: 0px;\"><b>gelben Seite<\/b><\/u><span style=\"display: inline !important; float: none; background-color: transparent; font-family: Arial, Helvetica, sans-serif; font-size: 15px; font-style: normal; font-variant: normal; font-weight: 400; letter-spacing: normal; text-align: left; text-decoration: none; text-indent: 0px; text-transform: none; -webkit-text-stroke-width: 0px; white-space: normal; word-spacing: 0px;\">. Danke!<\/span><\/span><\/p>\n<p>[\/et_pb_text][\/et_pb_column][\/et_pb_row][et_pb_row _builder_version=&#8221;3.22.5&#8243;][et_pb_column type=&#8221;4_4&#8243; _builder_version=&#8221;3.22.5&#8243;][et_pb_divider color=&#8221;#f400f0&#8243; module_id=&#8221;Bilder&#8221; _builder_version=&#8221;3.22.5&#8243;][\/et_pb_divider][dsm_perspective_image src=&#8221;http:\/\/www.stadtgelueste.de\/wp-content\/uploads\/2026\/04\/454751f5-54ec-4eda-8662-1f50b3137b19.jpeg&#8221; align=&#8221;center&#8221; _builder_version=&#8221;3.22.5&#8243; max_width=&#8221;55%&#8221; max_width_phone=&#8221;100%&#8221; max_width_last_edited=&#8221;on|phone&#8221;][\/dsm_perspective_image][dsm_perspective_image src=&#8221;http:\/\/www.stadtgelueste.de\/wp-content\/uploads\/2026\/04\/a6208395-6cfe-4669-bb51-c46280a2b1a9.jpeg&#8221; align=&#8221;center&#8221; _builder_version=&#8221;3.22.5&#8243; max_width=&#8221;55%&#8221; max_width_phone=&#8221;100%&#8221; max_width_last_edited=&#8221;on|phone&#8221;][\/dsm_perspective_image][dsm_perspective_image src=&#8221;http:\/\/www.stadtgelueste.de\/wp-content\/uploads\/2026\/04\/b3d5d77d-220f-4ef1-b8b3-02b0efbe310f.jpeg&#8221; align=&#8221;center&#8221; _builder_version=&#8221;3.22.5&#8243; max_width=&#8221;55%&#8221; max_width_phone=&#8221;100%&#8221; max_width_last_edited=&#8221;on|phone&#8221;][\/dsm_perspective_image][dsm_perspective_image src=&#8221;http:\/\/www.stadtgelueste.de\/wp-content\/uploads\/2026\/04\/a2386998-38ed-4300-87c0-f845431a1468.jpeg&#8221; align=&#8221;center&#8221; _builder_version=&#8221;3.22.5&#8243; max_width=&#8221;35%&#8221; max_width_phone=&#8221;100%&#8221; max_width_last_edited=&#8221;on|phone&#8221;][\/dsm_perspective_image][dsm_perspective_image src=&#8221;http:\/\/www.stadtgelueste.de\/wp-content\/uploads\/2026\/04\/4ec5b822-cf70-4fc6-8ab8-9b28977cb284.jpeg&#8221; align=&#8221;center&#8221; _builder_version=&#8221;3.22.5&#8243; max_width=&#8221;35%&#8221; max_width_phone=&#8221;100%&#8221; max_width_last_edited=&#8221;on|phone&#8221;][\/dsm_perspective_image][dsm_perspective_image src=&#8221;http:\/\/www.stadtgelueste.de\/wp-content\/uploads\/2026\/04\/0df6e9d0-9dae-4f3a-9339-e863184fc72b.jpeg&#8221; align=&#8221;center&#8221; _builder_version=&#8221;3.22.5&#8243; max_width=&#8221;35%&#8221; max_width_phone=&#8221;100%&#8221; max_width_last_edited=&#8221;on|phone&#8221;][\/dsm_perspective_image][dsm_perspective_image src=&#8221;http:\/\/www.stadtgelueste.de\/wp-content\/uploads\/2026\/04\/40fddef5-f349-43b8-961a-68448aa63830.jpeg&#8221; align=&#8221;center&#8221; _builder_version=&#8221;3.22.5&#8243; max_width=&#8221;35%&#8221; max_width_phone=&#8221;100%&#8221; max_width_last_edited=&#8221;on|phone&#8221;][\/dsm_perspective_image][dsm_perspective_image src=&#8221;http:\/\/www.stadtgelueste.de\/wp-content\/uploads\/2026\/04\/7f399bb8-de1d-40c1-a02a-7773c346ae76.jpeg&#8221; align=&#8221;center&#8221; _builder_version=&#8221;3.22.5&#8243; max_width=&#8221;35%&#8221; max_width_phone=&#8221;100%&#8221; max_width_last_edited=&#8221;on|phone&#8221;][\/dsm_perspective_image][dsm_perspective_image src=&#8221;http:\/\/www.stadtgelueste.de\/wp-content\/uploads\/2026\/04\/dbd91e1e-b436-4d8c-86db-6586c0f9b779.jpeg&#8221; align=&#8221;center&#8221; _builder_version=&#8221;3.22.5&#8243; max_width=&#8221;35%&#8221; max_width_phone=&#8221;100%&#8221; max_width_last_edited=&#8221;on|phone&#8221;][\/dsm_perspective_image][dsm_perspective_image src=&#8221;http:\/\/www.stadtgelueste.de\/wp-content\/uploads\/2026\/04\/3b00824f-6b16-43a1-a1be-c99b6da6cec8.jpeg&#8221; align=&#8221;center&#8221; _builder_version=&#8221;3.22.5&#8243; max_width=&#8221;35%&#8221; max_width_phone=&#8221;100%&#8221; max_width_last_edited=&#8221;on|phone&#8221;][\/dsm_perspective_image][dsm_perspective_image src=&#8221;http:\/\/www.stadtgelueste.de\/wp-content\/uploads\/2026\/04\/485a66b5-ae24-4bc3-8255-a6177a925c6e.jpeg&#8221; align=&#8221;center&#8221; _builder_version=&#8221;3.22.5&#8243; max_width=&#8221;35%&#8221; max_width_phone=&#8221;100%&#8221; max_width_last_edited=&#8221;on|phone&#8221;][\/dsm_perspective_image][dsm_perspective_image src=&#8221;http:\/\/www.stadtgelueste.de\/wp-content\/uploads\/2026\/04\/0383c91e-b4ee-4961-a7e1-45d3ffae2ba8.jpeg&#8221; align=&#8221;center&#8221; _builder_version=&#8221;3.22.5&#8243; max_width=&#8221;35%&#8221; max_width_phone=&#8221;100%&#8221; max_width_last_edited=&#8221;on|phone&#8221;][\/dsm_perspective_image][\/et_pb_column][\/et_pb_row][\/et_pb_section][et_pb_section fb_built=&#8221;1&#8243; _builder_version=&#8221;3.22.5&#8243; background_color=&#8221;rgba(0,0,0,0)&#8221;][\/et_pb_section]<\/p>\n","protected":false},"excerpt":{"rendered":"<p>[et_pb_section fb_built=&#8221;1&#8243; _builder_version=&#8221;3.22.5&#8243; background_color=&#8221;rgba(0,0,0,0)&#8221; min_height=&#8221;204px&#8221; custom_padding=&#8221;0px||0px||true|&#8221;][\/et_pb_section][et_pb_section fb_built=&#8221;1&#8243; _builder_version=&#8221;3.22.5&#8243; background_color=&#8221;rgba(0,0,0,0)&#8221; custom_padding=&#8221;2px|||||&#8221;][et_pb_row _builder_version=&#8221;3.22.5&#8243;][et_pb_column type=&#8221;4_4&#8243; _builder_version=&#8221;3.22.5&#8243;][et_pb_post_title meta=&#8221;off&#8221; featured_image=&#8221;off&#8221; _builder_version=&#8221;3.22.5&#8243; title_font=&#8221;||||||||&#8221; border_color_all=&#8221;#f200da&#8221; text_orientation=&#8221;center&#8221; text_shadow_style=&#8221;preset1&#8243;][\/et_pb_post_title][et_pb_button button_url=&#8221;#Bilder&#8221; button_text=&#8221;Zu den Bildern&#8221; button_alignment=&#8221;center&#8221; _builder_version=&#8221;3.22.5&#8243; custom_button=&#8221;on&#8221; button_text_size=&#8221;15px&#8221; button_text_color=&#8221;#f500f9&#8243; button_bg_color=&#8221;#c9c9c9&#8243; button_font=&#8221;||||||||&#8221; button_icon=&#8221;%%18%%&#8221;][\/et_pb_button][et_pb_divider color=&#8221;#f400f0&#8243; _builder_version=&#8221;3.22.5&#8243;][\/et_pb_divider][et_pb_text _builder_version=&#8221;3.22.5&#8243;] NEU UND ZUM ERSTEN MAL IN STADE !!\ud83d\ude18 \u00a0 Juliette Asiatische 100% Orig. Bilder BESUCHE NUR NACH TERMINVEREINBARUNG. Bitte rufen [&hellip;]<\/p>\n","protected":false},"author":1,"featured_media":33476,"parent":185,"menu_order":300,"comment_status":"closed","ping_status":"closed","template":"","meta":{"_et_pb_use_builder":"on","_et_pb_old_content":""},"yoast_head":"<!-- This site is optimized with the Yoast SEO plugin v14.9 - https:\/\/yoast.com\/wordpress\/plugins\/seo\/ -->\n<title>Stadtgelueste.de - Sex, ficken Juliette in Stade<\/title>\n<meta name=\"description\" content=\"Juliette in Stade - Begleitservice, ficken in stade, huren, nutten, sexdates, stadtgel\u00fcste, nutten in buxtehude, ficken in Harburg, nutten in harburg.\" \/>\n<meta name=\"robots\" content=\"index, follow, max-snippet:-1, max-image-preview:large, max-video-preview:-1\" \/>\n<link rel=\"canonical\" href=\"http:\/\/www.stadtgelueste.de\/?page_id=33462\" \/>\n<meta property=\"og:locale\" content=\"de_DE\" \/>\n<meta property=\"og:type\" content=\"article\" \/>\n<meta property=\"og:title\" content=\"Stadtgelueste.de - Sex, ficken Juliette in Stade\" \/>\n<meta property=\"og:description\" content=\"Juliette in Stade - Begleitservice, ficken in stade, huren, nutten, sexdates, stadtgel\u00fcste, nutten in buxtehude, ficken in Harburg, nutten in harburg.\" \/>\n<meta property=\"og:url\" content=\"http:\/\/www.stadtgelueste.de\/?page_id=33462\" \/>\n<meta property=\"og:site_name\" content=\"Stadtgelueste.de\" \/>\n<meta property=\"article:modified_time\" content=\"2026-04-20T06:30:38+00:00\" \/>\n<meta property=\"og:image\" content=\"https:\/\/www.stadtgelueste.de\/wp-content\/uploads\/2026\/04\/0df6e9d0-9dae-4f3a-9339-e863184fc72b.jpeg\" \/>\n\t<meta property=\"og:image:width\" content=\"1016\" \/>\n\t<meta property=\"og:image:height\" content=\"1490\" \/>\n<meta name=\"twitter:card\" content=\"summary_large_image\" \/>\n<script type=\"application\/ld+json\" class=\"yoast-schema-graph\">{\"@context\":\"https:\/\/schema.org\",\"@graph\":[{\"@type\":\"Organization\",\"@id\":\"https:\/\/www.stadtgelueste.de\/#organization\",\"name\":\"Stadtgelueste.de\",\"url\":\"https:\/\/www.stadtgelueste.de\/\",\"sameAs\":[],\"logo\":{\"@type\":\"ImageObject\",\"@id\":\"https:\/\/www.stadtgelueste.de\/#logo\",\"inLanguage\":\"de-DE\",\"url\":\"https:\/\/www.stadtgelueste.de\/wp-content\/uploads\/2020\/09\/logoneuschwarz.png\",\"width\":960,\"height\":560,\"caption\":\"Stadtgelueste.de\"},\"image\":{\"@id\":\"https:\/\/www.stadtgelueste.de\/#logo\"}},{\"@type\":\"WebSite\",\"@id\":\"https:\/\/www.stadtgelueste.de\/#website\",\"url\":\"https:\/\/www.stadtgelueste.de\/\",\"name\":\"Stadtgelueste.de\",\"description\":\"\",\"publisher\":{\"@id\":\"https:\/\/www.stadtgelueste.de\/#organization\"},\"potentialAction\":[{\"@type\":\"SearchAction\",\"target\":\"https:\/\/www.stadtgelueste.de\/?s={search_term_string}\",\"query-input\":\"required name=search_term_string\"}],\"inLanguage\":\"de-DE\"},{\"@type\":\"ImageObject\",\"@id\":\"http:\/\/www.stadtgelueste.de\/?page_id=33462#primaryimage\",\"inLanguage\":\"de-DE\",\"url\":\"https:\/\/www.stadtgelueste.de\/wp-content\/uploads\/2026\/04\/0df6e9d0-9dae-4f3a-9339-e863184fc72b.jpeg\",\"width\":1016,\"height\":1490},{\"@type\":\"WebPage\",\"@id\":\"http:\/\/www.stadtgelueste.de\/?page_id=33462#webpage\",\"url\":\"http:\/\/www.stadtgelueste.de\/?page_id=33462\",\"name\":\"Stadtgelueste.de - Sex, ficken Juliette in Stade\",\"isPartOf\":{\"@id\":\"https:\/\/www.stadtgelueste.de\/#website\"},\"primaryImageOfPage\":{\"@id\":\"http:\/\/www.stadtgelueste.de\/?page_id=33462#primaryimage\"},\"datePublished\":\"2026-04-20T06:25:15+00:00\",\"dateModified\":\"2026-04-20T06:30:38+00:00\",\"description\":\"Juliette in Stade - Begleitservice, ficken in stade, huren, nutten, sexdates, stadtgel\\u00fcste, nutten in buxtehude, ficken in Harburg, nutten in harburg.\",\"inLanguage\":\"de-DE\",\"potentialAction\":[{\"@type\":\"ReadAction\",\"target\":[\"http:\/\/www.stadtgelueste.de\/?page_id=33462\"]}]}]}<\/script>\n<!-- \/ Yoast SEO plugin. -->","_links":{"self":[{"href":"https:\/\/www.stadtgelueste.de\/index.php?rest_route=\/wp\/v2\/pages\/33462"}],"collection":[{"href":"https:\/\/www.stadtgelueste.de\/index.php?rest_route=\/wp\/v2\/pages"}],"about":[{"href":"https:\/\/www.stadtgelueste.de\/index.php?rest_route=\/wp\/v2\/types\/page"}],"author":[{"embeddable":true,"href":"https:\/\/www.stadtgelueste.de\/index.php?rest_route=\/wp\/v2\/users\/1"}],"replies":[{"embeddable":true,"href":"https:\/\/www.stadtgelueste.de\/index.php?rest_route=%2Fwp%2Fv2%2Fcomments&post=33462"}],"version-history":[{"count":2,"href":"https:\/\/www.stadtgelueste.de\/index.php?rest_route=\/wp\/v2\/pages\/33462\/revisions"}],"predecessor-version":[{"id":33481,"href":"https:\/\/www.stadtgelueste.de\/index.php?rest_route=\/wp\/v2\/pages\/33462\/revisions\/33481"}],"up":[{"embeddable":true,"href":"https:\/\/www.stadtgelueste.de\/index.php?rest_route=\/wp\/v2\/pages\/185"}],"wp:featuredmedia":[{"embeddable":true,"href":"https:\/\/www.stadtgelueste.de\/index.php?rest_route=\/wp\/v2\/media\/33476"}],"wp:attachment":[{"href":"https:\/\/www.stadtgelueste.de\/index.php?rest_route=%2Fwp%2Fv2%2Fmedia&parent=33462"}],"curies":[{"name":"wp","href":"https:\/\/api.w.org\/{rel}","templated":true}]}}