{"id":32592,"date":"2026-04-11T23:59:37","date_gmt":"2026-04-11T21:59:37","guid":{"rendered":"http:\/\/www.stadtgelueste.de\/?page_id=32592"},"modified":"2026-04-11T09:53:13","modified_gmt":"2026-04-11T07:53:13","slug":"kristin-in-stade","status":"publish","type":"page","link":"https:\/\/www.stadtgelueste.de\/?page_id=32592","title":{"rendered":"Kristin in Stade"},"content":{"rendered":"<p>[et_pb_section fb_built=&#8221;1&#8243; _builder_version=&#8221;3.22.5&#8243; background_color=&#8221;rgba(0,0,0,0)&#8221; min_height=&#8221;204px&#8221; custom_padding=&#8221;0px||0px||true|&#8221;][\/et_pb_section][et_pb_section fb_built=&#8221;1&#8243; _builder_version=&#8221;3.22.5&#8243; background_color=&#8221;rgba(0,0,0,0)&#8221; custom_padding=&#8221;2px|||||&#8221;][et_pb_row _builder_version=&#8221;3.22.5&#8243;][et_pb_column type=&#8221;4_4&#8243; _builder_version=&#8221;3.22.5&#8243;][et_pb_post_title meta=&#8221;off&#8221; featured_image=&#8221;off&#8221; _builder_version=&#8221;3.22.5&#8243; title_font=&#8221;||||||||&#8221; border_color_all=&#8221;#f200da&#8221; text_orientation=&#8221;center&#8221; text_shadow_style=&#8221;preset1&#8243;][\/et_pb_post_title][et_pb_button button_url=&#8221;#Bilder&#8221; button_text=&#8221;Zu den Bildern&#8221; button_alignment=&#8221;center&#8221; _builder_version=&#8221;3.22.5&#8243; custom_button=&#8221;on&#8221; button_text_size=&#8221;15px&#8221; button_text_color=&#8221;#f500f9&#8243; button_bg_color=&#8221;#c9c9c9&#8243; button_font=&#8221;||||||||&#8221; button_icon=&#8221;%%18%%&#8221;][\/et_pb_button][et_pb_divider color=&#8221;#f400f0&#8243; _builder_version=&#8221;3.22.5&#8243;][\/et_pb_divider][et_pb_text _builder_version=&#8221;3.22.5&#8243;]<\/p>\n<p><span style=\"color: #000000;\"><\/span><\/p>\n<p><span style=\"font-size: 18px; color: #000000;\"><b><\/b><\/span><span style=\"color: #000000;\">BRANDNEU!<\/span><\/p>\n<p><span style=\"color: #000000;\"><span>Ich bin Traumtraum. Kommt zu mir, um die Euphorie zu sp\u00fcren. Erotische Gipfel zu Erreichen. Um das Vergn\u00fcgen meiner Liebkosungen zu sp\u00fcren.<\/span><\/span><\/p>\n<p><span style=\"color: #000000;\"> Mein Service ist vielf\u00e4ltig (GV, Franz, GF6, KK, KB, Span\/BV, Finherspiele, erot. Massagen &#8230;),<\/span><span style=\"color: #000000;\">\u00a0die Details besprechen wir pers\u00f6nlich.<\/span><\/p>\n<p><span style=\"font-size: 18px; color: #000000;\"><b>Besuche mich t\u00e4glich von 9-23 Uhr in <\/b><\/span><\/p>\n<p><span style=\"font-size: 18px; color: #000000;\"><b>Stade, Immelmannstr. 3, 1. Stock rechts, klingel bei Kristin<\/b><\/span><\/p>\n<p><span style=\"font-size: 18px; color: #000000;\"><b>Tel: 0157-83100757<\/b><\/span><\/p>\n<p><span style=\"color: #000000;\">\u00a0<\/span><\/p>\n<p><span style=\"font-size: 14px; color: #000000;\">Sag mir doch bitte, dass Du mich auf <b><u>stadtgelueste<\/u><\/b><u>.<b>de<\/b><\/u> gefunden hast, die mit der<b> <\/b><u><b>gelben Seite<\/b><\/u>. Danke!<\/span><\/p>\n<p>[\/et_pb_text][\/et_pb_column][\/et_pb_row][et_pb_row _builder_version=&#8221;3.22.5&#8243;][et_pb_column type=&#8221;4_4&#8243; _builder_version=&#8221;3.22.5&#8243;][et_pb_divider color=&#8221;#f400f0&#8243; module_id=&#8221;Bilder&#8221; _builder_version=&#8221;3.22.5&#8243;][\/et_pb_divider][dsm_perspective_image src=&#8221;http:\/\/www.stadtgelueste.de\/wp-content\/uploads\/2026\/02\/Kristin6ca80862-7be2-485f-80c3-cdc67cf8e06c-1.jpg&#8221; align=&#8221;center&#8221; _builder_version=&#8221;3.22.5&#8243; max_width=&#8221;35%&#8221; max_width_phone=&#8221;100%&#8221; max_width_last_edited=&#8221;on|phone&#8221;][\/dsm_perspective_image][dsm_perspective_image src=&#8221;http:\/\/www.stadtgelueste.de\/wp-content\/uploads\/2026\/02\/Kristin1ca66ac4-6490-4cad-9bef-4bb12b393fa6.jpg&#8221; align=&#8221;center&#8221; _builder_version=&#8221;3.22.5&#8243; max_width=&#8221;35%&#8221; max_width_phone=&#8221;100%&#8221; max_width_last_edited=&#8221;on|phone&#8221;][\/dsm_perspective_image][dsm_perspective_image src=&#8221;http:\/\/www.stadtgelueste.de\/wp-content\/uploads\/2026\/02\/Kristin48b09644-62a3-4fa8-9d2b-48c78cbee733.jpg&#8221; align=&#8221;center&#8221; _builder_version=&#8221;3.22.5&#8243; max_width=&#8221;35%&#8221; max_width_phone=&#8221;100%&#8221; max_width_last_edited=&#8221;on|phone&#8221;][\/dsm_perspective_image][dsm_perspective_image src=&#8221;http:\/\/www.stadtgelueste.de\/wp-content\/uploads\/2026\/02\/Kristin601dc942-103b-40cd-b84e-6afd4e690cef.jpg&#8221; align=&#8221;center&#8221; _builder_version=&#8221;3.22.5&#8243; max_width=&#8221;35%&#8221; max_width_phone=&#8221;100%&#8221; max_width_last_edited=&#8221;on|phone&#8221;][\/dsm_perspective_image][dsm_perspective_image src=&#8221;http:\/\/www.stadtgelueste.de\/wp-content\/uploads\/2026\/02\/Kristin9637cc40-77b4-49c8-ad75-2248006eba66.jpg&#8221; align=&#8221;center&#8221; _builder_version=&#8221;3.22.5&#8243; max_width=&#8221;35%&#8221; max_width_phone=&#8221;100%&#8221; max_width_last_edited=&#8221;on|phone&#8221;][\/dsm_perspective_image][dsm_perspective_image src=&#8221;http:\/\/www.stadtgelueste.de\/wp-content\/uploads\/2026\/02\/Kristin29706cd1-8398-49c5-a6eb-7a16f7cd799a.jpg&#8221; align=&#8221;center&#8221; _builder_version=&#8221;3.22.5&#8243; max_width=&#8221;35%&#8221; max_width_phone=&#8221;100%&#8221; max_width_last_edited=&#8221;on|phone&#8221;][\/dsm_perspective_image][dsm_perspective_image src=&#8221;http:\/\/www.stadtgelueste.de\/wp-content\/uploads\/2026\/02\/Kristinb5d8ce9d-dafc-4e43-9386-6661f3878975.jpg&#8221; align=&#8221;center&#8221; _builder_version=&#8221;3.22.5&#8243; max_width=&#8221;35%&#8221; max_width_phone=&#8221;100%&#8221; max_width_last_edited=&#8221;on|phone&#8221;][\/dsm_perspective_image][dsm_perspective_image src=&#8221;http:\/\/www.stadtgelueste.de\/wp-content\/uploads\/2026\/02\/Kristincb1e567e-64e9-4a0c-8449-2cc2b98633f3.jpg&#8221; align=&#8221;center&#8221; _builder_version=&#8221;3.22.5&#8243; max_width=&#8221;35%&#8221; max_width_phone=&#8221;100%&#8221; max_width_last_edited=&#8221;on|phone&#8221;][\/dsm_perspective_image][\/et_pb_column][\/et_pb_row][\/et_pb_section][et_pb_section fb_built=&#8221;1&#8243; _builder_version=&#8221;3.22.5&#8243; background_color=&#8221;rgba(0,0,0,0)&#8221;][\/et_pb_section]<\/p>\n","protected":false},"excerpt":{"rendered":"<p>[et_pb_section fb_built=&#8221;1&#8243; _builder_version=&#8221;3.22.5&#8243; background_color=&#8221;rgba(0,0,0,0)&#8221; min_height=&#8221;204px&#8221; custom_padding=&#8221;0px||0px||true|&#8221;][\/et_pb_section][et_pb_section fb_built=&#8221;1&#8243; _builder_version=&#8221;3.22.5&#8243; background_color=&#8221;rgba(0,0,0,0)&#8221; custom_padding=&#8221;2px|||||&#8221;][et_pb_row _builder_version=&#8221;3.22.5&#8243;][et_pb_column type=&#8221;4_4&#8243; _builder_version=&#8221;3.22.5&#8243;][et_pb_post_title meta=&#8221;off&#8221; featured_image=&#8221;off&#8221; _builder_version=&#8221;3.22.5&#8243; title_font=&#8221;||||||||&#8221; border_color_all=&#8221;#f200da&#8221; text_orientation=&#8221;center&#8221; text_shadow_style=&#8221;preset1&#8243;][\/et_pb_post_title][et_pb_button button_url=&#8221;#Bilder&#8221; button_text=&#8221;Zu den Bildern&#8221; button_alignment=&#8221;center&#8221; _builder_version=&#8221;3.22.5&#8243; custom_button=&#8221;on&#8221; button_text_size=&#8221;15px&#8221; button_text_color=&#8221;#f500f9&#8243; button_bg_color=&#8221;#c9c9c9&#8243; button_font=&#8221;||||||||&#8221; button_icon=&#8221;%%18%%&#8221;][\/et_pb_button][et_pb_divider color=&#8221;#f400f0&#8243; _builder_version=&#8221;3.22.5&#8243;][\/et_pb_divider][et_pb_text _builder_version=&#8221;3.22.5&#8243;] BRANDNEU! Ich bin Traumtraum. Kommt zu mir, um die Euphorie zu sp\u00fcren. Erotische Gipfel zu Erreichen. Um das Vergn\u00fcgen meiner [&hellip;]<\/p>\n","protected":false},"author":1,"featured_media":32595,"parent":185,"menu_order":300,"comment_status":"closed","ping_status":"closed","template":"","meta":{"_et_pb_use_builder":"on","_et_pb_old_content":""},"yoast_head":"<!-- This site is optimized with the Yoast SEO plugin v14.9 - https:\/\/yoast.com\/wordpress\/plugins\/seo\/ -->\n<title>Kristin in Stade - Stadtgelueste.de<\/title>\n<meta name=\"robots\" content=\"index, follow, max-snippet:-1, max-image-preview:large, max-video-preview:-1\" \/>\n<link rel=\"canonical\" href=\"https:\/\/www.stadtgelueste.de\/?page_id=32592\" \/>\n<meta property=\"og:locale\" content=\"de_DE\" \/>\n<meta property=\"og:type\" content=\"article\" \/>\n<meta property=\"og:title\" content=\"Kristin in Stade - Stadtgelueste.de\" \/>\n<meta property=\"og:description\" content=\"[et_pb_section fb_built=&#8221;1&#8243; _builder_version=&#8221;3.22.5&#8243; background_color=&#8221;rgba(0,0,0,0)&#8221; min_height=&#8221;204px&#8221; custom_padding=&#8221;0px||0px||true|&#8221;][\/et_pb_section][et_pb_section fb_built=&#8221;1&#8243; _builder_version=&#8221;3.22.5&#8243; background_color=&#8221;rgba(0,0,0,0)&#8221; custom_padding=&#8221;2px|||||&#8221;][et_pb_row _builder_version=&#8221;3.22.5&#8243;][et_pb_column type=&#8221;4_4&#8243; _builder_version=&#8221;3.22.5&#8243;][et_pb_post_title meta=&#8221;off&#8221; featured_image=&#8221;off&#8221; _builder_version=&#8221;3.22.5&#8243; title_font=&#8221;||||||||&#8221; border_color_all=&#8221;#f200da&#8221; text_orientation=&#8221;center&#8221; text_shadow_style=&#8221;preset1&#8243;][\/et_pb_post_title][et_pb_button button_url=&#8221;#Bilder&#8221; button_text=&#8221;Zu den Bildern&#8221; button_alignment=&#8221;center&#8221; _builder_version=&#8221;3.22.5&#8243; custom_button=&#8221;on&#8221; button_text_size=&#8221;15px&#8221; button_text_color=&#8221;#f500f9&#8243; button_bg_color=&#8221;#c9c9c9&#8243; button_font=&#8221;||||||||&#8221; button_icon=&#8221;&#8221;][\/et_pb_button][et_pb_divider color=&#8221;#f400f0&#8243; _builder_version=&#8221;3.22.5&#8243;][\/et_pb_divider][et_pb_text _builder_version=&#8221;3.22.5&#8243;] BRANDNEU! Ich bin Traumtraum. Kommt zu mir, um die Euphorie zu sp\u00fcren. Erotische Gipfel zu Erreichen. Um das Vergn\u00fcgen meiner [&hellip;]\" \/>\n<meta property=\"og:url\" content=\"https:\/\/www.stadtgelueste.de\/?page_id=32592\" \/>\n<meta property=\"og:site_name\" content=\"Stadtgelueste.de\" \/>\n<meta property=\"article:modified_time\" content=\"2026-04-11T07:53:13+00:00\" \/>\n<meta property=\"og:image\" content=\"https:\/\/www.stadtgelueste.de\/wp-content\/uploads\/2026\/02\/Kristin6ca80862-7be2-485f-80c3-cdc67cf8e06c.jpg\" \/>\n\t<meta property=\"og:image:width\" content=\"600\" \/>\n\t<meta property=\"og:image:height\" content=\"600\" \/>\n<meta name=\"twitter:card\" content=\"summary_large_image\" \/>\n<script type=\"application\/ld+json\" class=\"yoast-schema-graph\">{\"@context\":\"https:\/\/schema.org\",\"@graph\":[{\"@type\":\"Organization\",\"@id\":\"https:\/\/www.stadtgelueste.de\/#organization\",\"name\":\"Stadtgelueste.de\",\"url\":\"https:\/\/www.stadtgelueste.de\/\",\"sameAs\":[],\"logo\":{\"@type\":\"ImageObject\",\"@id\":\"https:\/\/www.stadtgelueste.de\/#logo\",\"inLanguage\":\"de-DE\",\"url\":\"https:\/\/www.stadtgelueste.de\/wp-content\/uploads\/2020\/09\/logoneuschwarz.png\",\"width\":960,\"height\":560,\"caption\":\"Stadtgelueste.de\"},\"image\":{\"@id\":\"https:\/\/www.stadtgelueste.de\/#logo\"}},{\"@type\":\"WebSite\",\"@id\":\"https:\/\/www.stadtgelueste.de\/#website\",\"url\":\"https:\/\/www.stadtgelueste.de\/\",\"name\":\"Stadtgelueste.de\",\"description\":\"\",\"publisher\":{\"@id\":\"https:\/\/www.stadtgelueste.de\/#organization\"},\"potentialAction\":[{\"@type\":\"SearchAction\",\"target\":\"https:\/\/www.stadtgelueste.de\/?s={search_term_string}\",\"query-input\":\"required name=search_term_string\"}],\"inLanguage\":\"de-DE\"},{\"@type\":\"ImageObject\",\"@id\":\"https:\/\/www.stadtgelueste.de\/?page_id=32592#primaryimage\",\"inLanguage\":\"de-DE\",\"url\":\"https:\/\/www.stadtgelueste.de\/wp-content\/uploads\/2026\/02\/Kristin6ca80862-7be2-485f-80c3-cdc67cf8e06c.jpg\",\"width\":600,\"height\":600},{\"@type\":\"WebPage\",\"@id\":\"https:\/\/www.stadtgelueste.de\/?page_id=32592#webpage\",\"url\":\"https:\/\/www.stadtgelueste.de\/?page_id=32592\",\"name\":\"Kristin in Stade - Stadtgelueste.de\",\"isPartOf\":{\"@id\":\"https:\/\/www.stadtgelueste.de\/#website\"},\"primaryImageOfPage\":{\"@id\":\"https:\/\/www.stadtgelueste.de\/?page_id=32592#primaryimage\"},\"datePublished\":\"2026-04-11T21:59:37+00:00\",\"dateModified\":\"2026-04-11T07:53:13+00:00\",\"inLanguage\":\"de-DE\",\"potentialAction\":[{\"@type\":\"ReadAction\",\"target\":[\"https:\/\/www.stadtgelueste.de\/?page_id=32592\"]}]}]}<\/script>\n<!-- \/ Yoast SEO plugin. -->","_links":{"self":[{"href":"https:\/\/www.stadtgelueste.de\/index.php?rest_route=\/wp\/v2\/pages\/32592"}],"collection":[{"href":"https:\/\/www.stadtgelueste.de\/index.php?rest_route=\/wp\/v2\/pages"}],"about":[{"href":"https:\/\/www.stadtgelueste.de\/index.php?rest_route=\/wp\/v2\/types\/page"}],"author":[{"embeddable":true,"href":"https:\/\/www.stadtgelueste.de\/index.php?rest_route=\/wp\/v2\/users\/1"}],"replies":[{"embeddable":true,"href":"https:\/\/www.stadtgelueste.de\/index.php?rest_route=%2Fwp%2Fv2%2Fcomments&post=32592"}],"version-history":[{"count":5,"href":"https:\/\/www.stadtgelueste.de\/index.php?rest_route=\/wp\/v2\/pages\/32592\/revisions"}],"predecessor-version":[{"id":33317,"href":"https:\/\/www.stadtgelueste.de\/index.php?rest_route=\/wp\/v2\/pages\/32592\/revisions\/33317"}],"up":[{"embeddable":true,"href":"https:\/\/www.stadtgelueste.de\/index.php?rest_route=\/wp\/v2\/pages\/185"}],"wp:featuredmedia":[{"embeddable":true,"href":"https:\/\/www.stadtgelueste.de\/index.php?rest_route=\/wp\/v2\/media\/32595"}],"wp:attachment":[{"href":"https:\/\/www.stadtgelueste.de\/index.php?rest_route=%2Fwp%2Fv2%2Fmedia&parent=32592"}],"curies":[{"name":"wp","href":"https:\/\/api.w.org\/{rel}","templated":true}]}}