{"id":29107,"date":"2026-04-25T23:59:54","date_gmt":"2026-04-25T21:59:54","guid":{"rendered":"http:\/\/www.stadtgelueste.de\/?page_id=29107"},"modified":"2026-04-26T08:20:05","modified_gmt":"2026-04-26T06:20:05","slug":"trans-kelly-in-stade","status":"publish","type":"page","link":"https:\/\/www.stadtgelueste.de\/?page_id=29107","title":{"rendered":"Trans Kelly in Stade"},"content":{"rendered":"<p>[et_pb_section fb_built=&#8221;1&#8243; _builder_version=&#8221;3.22.5&#8243; background_color=&#8221;rgba(0,0,0,0)&#8221; min_height=&#8221;204px&#8221; custom_padding=&#8221;0px||0px||true|&#8221;][\/et_pb_section][et_pb_section fb_built=&#8221;1&#8243; _builder_version=&#8221;3.22.5&#8243; background_color=&#8221;rgba(0,0,0,0)&#8221; custom_padding=&#8221;2px|||||&#8221;][et_pb_row _builder_version=&#8221;3.22.5&#8243;][et_pb_column type=&#8221;4_4&#8243; _builder_version=&#8221;3.22.5&#8243;][et_pb_post_title meta=&#8221;off&#8221; featured_image=&#8221;off&#8221; _builder_version=&#8221;3.22.5&#8243; title_font=&#8221;||||||||&#8221; border_color_all=&#8221;#f200da&#8221; text_orientation=&#8221;center&#8221; text_shadow_style=&#8221;preset1&#8243;][\/et_pb_post_title][et_pb_button button_url=&#8221;#Bilder&#8221; button_text=&#8221;Zu den Bildern&#8221; button_alignment=&#8221;center&#8221; _builder_version=&#8221;3.22.5&#8243; custom_button=&#8221;on&#8221; button_text_size=&#8221;15px&#8221; button_text_color=&#8221;#f500f9&#8243; button_bg_color=&#8221;#c9c9c9&#8243; button_font=&#8221;||||||||&#8221; button_icon=&#8221;%%18%%&#8221;][\/et_pb_button][et_pb_divider color=&#8221;#f400f0&#8243; _builder_version=&#8221;3.22.5&#8243;][\/et_pb_divider][et_pb_text _builder_version=&#8221;3.22.5&#8243;]<\/p>\n<p><span style=\"color: #000000;\">Hallo, ich bin <strong>Trans Latina Kelly<\/strong>.<\/span><\/p>\n<p><span style=\"color: #000000;\">Ich bin eine sch\u00f6ne, sympathische und sehr vollkommene Transsexuelle, ich werde alle deine verborgensten Fantasien erf\u00fcllen und du wirst bald zu mir zur\u00fcckkehren, um das Abenteuer zu wiederholen. Ich werde dich mit Vergn\u00fcgen und Spa\u00df umgeben werde auf dich warten.<\/span><\/p>\n<p><span style=\"color: #000000;\">Besuche mich t\u00e4glich in:<\/span><\/p>\n<h4><span style=\"color: #000000;\"><strong>Stade. Harsefelderstr 18, Klingel bei Trans Latina Kelly<\/strong><\/span><\/h4>\n<p style=\"font-style: normal; widows: 2; text-decoration: none;\" align=\"LEFT\"><span style=\"font-size: 18px; color: #000000;\"><b><span style=\"color: #000000;\">Tel: 0176-20693119<br \/>\n<\/span><br \/>\n<\/b><\/span><\/p>\n<p><span style=\"color: #000000;\">&nbsp;<\/span><\/p>\n<p style=\"text-align: left;\"><span style=\"font-size: 14px; color: #000000;\">Sag mir doch bitte, dass Du mich auf <b><u>stadtgelueste<\/u><\/b><u>.<b>de<\/b><\/u> gefunden hast, die mit der<b> <\/b><u><b>gelben Seite<\/b><\/u>. Danke!<\/span><\/p>\n<p>[\/et_pb_text][\/et_pb_column][\/et_pb_row][et_pb_row _builder_version=&#8221;3.22.5&#8243;][et_pb_column type=&#8221;4_4&#8243; _builder_version=&#8221;3.22.5&#8243;][et_pb_divider color=&#8221;#f400f0&#8243; module_id=&#8221;Bilder&#8221; _builder_version=&#8221;3.22.5&#8243; custom_margin=&#8221;||39px|||&#8221;][\/et_pb_divider][dsm_perspective_image src=&#8221;http:\/\/www.stadtgelueste.de\/wp-content\/uploads\/2024\/11\/Trans-Kelly-neua070a7ec-b3c9-464a-8673-599063fa6f94.jpg&#8221; align=&#8221;center&#8221; _builder_version=&#8221;3.22.5&#8243; max_width=&#8221;35%&#8221; max_width_phone=&#8221;100%&#8221; max_width_last_edited=&#8221;on|phone&#8221;][\/dsm_perspective_image][dsm_perspective_image src=&#8221;http:\/\/www.stadtgelueste.de\/wp-content\/uploads\/2024\/11\/Trans-Kelly-neu.jpg&#8221; align=&#8221;center&#8221; _builder_version=&#8221;3.22.5&#8243; max_width=&#8221;35%&#8221; max_width_phone=&#8221;100%&#8221; max_width_last_edited=&#8221;on|phone&#8221;][\/dsm_perspective_image][dsm_perspective_image src=&#8221;http:\/\/www.stadtgelueste.de\/wp-content\/uploads\/2024\/11\/Trans-Kelly-neufdc81e78-c62c-45a7-b57f-63daefe3914f.jpg&#8221; align=&#8221;center&#8221; _builder_version=&#8221;3.22.5&#8243; max_width=&#8221;35%&#8221; max_width_phone=&#8221;100%&#8221; max_width_last_edited=&#8221;on|phone&#8221;][\/dsm_perspective_image][dsm_perspective_image src=&#8221;http:\/\/www.stadtgelueste.de\/wp-content\/uploads\/2024\/11\/Trans-Kelly-neu9ecbe2ac-c2d4-4883-98f1-0a02e5587364.jpg&#8221; align=&#8221;center&#8221; _builder_version=&#8221;3.22.5&#8243; max_width=&#8221;35%&#8221; max_width_phone=&#8221;100%&#8221; max_width_last_edited=&#8221;on|phone&#8221;][\/dsm_perspective_image][dsm_perspective_image src=&#8221;http:\/\/www.stadtgelueste.de\/wp-content\/uploads\/2024\/11\/Trans-Kelly-neu1d9ff5f5-5d99-465c-9c02-b46b7f2431af.jpg&#8221; align=&#8221;center&#8221; _builder_version=&#8221;3.22.5&#8243; max_width=&#8221;35%&#8221; max_width_phone=&#8221;100%&#8221; max_width_last_edited=&#8221;on|phone&#8221;][\/dsm_perspective_image][\/et_pb_column][\/et_pb_row][\/et_pb_section][et_pb_section fb_built=&#8221;1&#8243; _builder_version=&#8221;3.22.5&#8243; background_color=&#8221;rgba(0,0,0,0)&#8221;][\/et_pb_section]<\/p>\n","protected":false},"excerpt":{"rendered":"<p>[et_pb_section fb_built=&#8221;1&#8243; _builder_version=&#8221;3.22.5&#8243; background_color=&#8221;rgba(0,0,0,0)&#8221; min_height=&#8221;204px&#8221; custom_padding=&#8221;0px||0px||true|&#8221;][\/et_pb_section][et_pb_section fb_built=&#8221;1&#8243; _builder_version=&#8221;3.22.5&#8243; background_color=&#8221;rgba(0,0,0,0)&#8221; custom_padding=&#8221;2px|||||&#8221;][et_pb_row _builder_version=&#8221;3.22.5&#8243;][et_pb_column type=&#8221;4_4&#8243; _builder_version=&#8221;3.22.5&#8243;][et_pb_post_title meta=&#8221;off&#8221; featured_image=&#8221;off&#8221; _builder_version=&#8221;3.22.5&#8243; title_font=&#8221;||||||||&#8221; border_color_all=&#8221;#f200da&#8221; text_orientation=&#8221;center&#8221; text_shadow_style=&#8221;preset1&#8243;][\/et_pb_post_title][et_pb_button button_url=&#8221;#Bilder&#8221; button_text=&#8221;Zu den Bildern&#8221; button_alignment=&#8221;center&#8221; _builder_version=&#8221;3.22.5&#8243; custom_button=&#8221;on&#8221; button_text_size=&#8221;15px&#8221; button_text_color=&#8221;#f500f9&#8243; button_bg_color=&#8221;#c9c9c9&#8243; button_font=&#8221;||||||||&#8221; button_icon=&#8221;%%18%%&#8221;][\/et_pb_button][et_pb_divider color=&#8221;#f400f0&#8243; _builder_version=&#8221;3.22.5&#8243;][\/et_pb_divider][et_pb_text _builder_version=&#8221;3.22.5&#8243;] Hallo, ich bin Trans Latina Kelly. Ich bin eine sch\u00f6ne, sympathische und sehr vollkommene Transsexuelle, ich werde alle deine verborgensten [&hellip;]<\/p>\n","protected":false},"author":1,"featured_media":24636,"parent":185,"menu_order":3,"comment_status":"closed","ping_status":"closed","template":"","meta":{"_et_pb_use_builder":"on","_et_pb_old_content":""},"yoast_head":"<!-- This site is optimized with the Yoast SEO plugin v14.9 - https:\/\/yoast.com\/wordpress\/plugins\/seo\/ -->\n<title>Trans Kelly in Stade - Stadtgelueste.de<\/title>\n<meta name=\"robots\" content=\"index, follow, max-snippet:-1, max-image-preview:large, max-video-preview:-1\" \/>\n<link rel=\"canonical\" href=\"http:\/\/www.stadtgelueste.de\/?page_id=29107\" \/>\n<meta property=\"og:locale\" content=\"de_DE\" \/>\n<meta property=\"og:type\" content=\"article\" \/>\n<meta property=\"og:title\" content=\"Trans Kelly in Stade - Stadtgelueste.de\" \/>\n<meta property=\"og:description\" content=\"[et_pb_section fb_built=&#8221;1&#8243; _builder_version=&#8221;3.22.5&#8243; background_color=&#8221;rgba(0,0,0,0)&#8221; min_height=&#8221;204px&#8221; custom_padding=&#8221;0px||0px||true|&#8221;][\/et_pb_section][et_pb_section fb_built=&#8221;1&#8243; _builder_version=&#8221;3.22.5&#8243; background_color=&#8221;rgba(0,0,0,0)&#8221; custom_padding=&#8221;2px|||||&#8221;][et_pb_row _builder_version=&#8221;3.22.5&#8243;][et_pb_column type=&#8221;4_4&#8243; _builder_version=&#8221;3.22.5&#8243;][et_pb_post_title meta=&#8221;off&#8221; featured_image=&#8221;off&#8221; _builder_version=&#8221;3.22.5&#8243; title_font=&#8221;||||||||&#8221; border_color_all=&#8221;#f200da&#8221; text_orientation=&#8221;center&#8221; text_shadow_style=&#8221;preset1&#8243;][\/et_pb_post_title][et_pb_button button_url=&#8221;#Bilder&#8221; button_text=&#8221;Zu den Bildern&#8221; button_alignment=&#8221;center&#8221; _builder_version=&#8221;3.22.5&#8243; custom_button=&#8221;on&#8221; button_text_size=&#8221;15px&#8221; button_text_color=&#8221;#f500f9&#8243; button_bg_color=&#8221;#c9c9c9&#8243; button_font=&#8221;||||||||&#8221; button_icon=&#8221;&#8221;][\/et_pb_button][et_pb_divider color=&#8221;#f400f0&#8243; _builder_version=&#8221;3.22.5&#8243;][\/et_pb_divider][et_pb_text _builder_version=&#8221;3.22.5&#8243;] Hallo, ich bin Trans Latina Kelly. Ich bin eine sch\u00f6ne, sympathische und sehr vollkommene Transsexuelle, ich werde alle deine verborgensten [&hellip;]\" \/>\n<meta property=\"og:url\" content=\"http:\/\/www.stadtgelueste.de\/?page_id=29107\" \/>\n<meta property=\"og:site_name\" content=\"Stadtgelueste.de\" \/>\n<meta property=\"article:modified_time\" content=\"2026-04-26T06:20:05+00:00\" \/>\n<meta property=\"og:image\" content=\"https:\/\/www.stadtgelueste.de\/wp-content\/uploads\/2024\/11\/Trans-Kelly-neua070a7ec-b3c9-464a-8673-599063fa6f94.jpg\" \/>\n\t<meta property=\"og:image:width\" content=\"1066\" \/>\n\t<meta property=\"og:image:height\" content=\"1600\" \/>\n<meta name=\"twitter:card\" content=\"summary_large_image\" \/>\n<script type=\"application\/ld+json\" class=\"yoast-schema-graph\">{\"@context\":\"https:\/\/schema.org\",\"@graph\":[{\"@type\":\"Organization\",\"@id\":\"https:\/\/www.stadtgelueste.de\/#organization\",\"name\":\"Stadtgelueste.de\",\"url\":\"https:\/\/www.stadtgelueste.de\/\",\"sameAs\":[],\"logo\":{\"@type\":\"ImageObject\",\"@id\":\"https:\/\/www.stadtgelueste.de\/#logo\",\"inLanguage\":\"de-DE\",\"url\":\"https:\/\/www.stadtgelueste.de\/wp-content\/uploads\/2020\/09\/logoneuschwarz.png\",\"width\":960,\"height\":560,\"caption\":\"Stadtgelueste.de\"},\"image\":{\"@id\":\"https:\/\/www.stadtgelueste.de\/#logo\"}},{\"@type\":\"WebSite\",\"@id\":\"https:\/\/www.stadtgelueste.de\/#website\",\"url\":\"https:\/\/www.stadtgelueste.de\/\",\"name\":\"Stadtgelueste.de\",\"description\":\"\",\"publisher\":{\"@id\":\"https:\/\/www.stadtgelueste.de\/#organization\"},\"potentialAction\":[{\"@type\":\"SearchAction\",\"target\":\"https:\/\/www.stadtgelueste.de\/?s={search_term_string}\",\"query-input\":\"required name=search_term_string\"}],\"inLanguage\":\"de-DE\"},{\"@type\":\"ImageObject\",\"@id\":\"http:\/\/www.stadtgelueste.de\/?page_id=29107#primaryimage\",\"inLanguage\":\"de-DE\",\"url\":\"https:\/\/www.stadtgelueste.de\/wp-content\/uploads\/2024\/11\/Trans-Kelly-neua070a7ec-b3c9-464a-8673-599063fa6f94.jpg\",\"width\":1066,\"height\":1600},{\"@type\":\"WebPage\",\"@id\":\"http:\/\/www.stadtgelueste.de\/?page_id=29107#webpage\",\"url\":\"http:\/\/www.stadtgelueste.de\/?page_id=29107\",\"name\":\"Trans Kelly in Stade - Stadtgelueste.de\",\"isPartOf\":{\"@id\":\"https:\/\/www.stadtgelueste.de\/#website\"},\"primaryImageOfPage\":{\"@id\":\"http:\/\/www.stadtgelueste.de\/?page_id=29107#primaryimage\"},\"datePublished\":\"2026-04-25T21:59:54+00:00\",\"dateModified\":\"2026-04-26T06:20:05+00:00\",\"inLanguage\":\"de-DE\",\"potentialAction\":[{\"@type\":\"ReadAction\",\"target\":[\"http:\/\/www.stadtgelueste.de\/?page_id=29107\"]}]}]}<\/script>\n<!-- \/ Yoast SEO plugin. -->","_links":{"self":[{"href":"https:\/\/www.stadtgelueste.de\/index.php?rest_route=\/wp\/v2\/pages\/29107"}],"collection":[{"href":"https:\/\/www.stadtgelueste.de\/index.php?rest_route=\/wp\/v2\/pages"}],"about":[{"href":"https:\/\/www.stadtgelueste.de\/index.php?rest_route=\/wp\/v2\/types\/page"}],"author":[{"embeddable":true,"href":"https:\/\/www.stadtgelueste.de\/index.php?rest_route=\/wp\/v2\/users\/1"}],"replies":[{"embeddable":true,"href":"https:\/\/www.stadtgelueste.de\/index.php?rest_route=%2Fwp%2Fv2%2Fcomments&post=29107"}],"version-history":[{"count":3,"href":"https:\/\/www.stadtgelueste.de\/index.php?rest_route=\/wp\/v2\/pages\/29107\/revisions"}],"predecessor-version":[{"id":29865,"href":"https:\/\/www.stadtgelueste.de\/index.php?rest_route=\/wp\/v2\/pages\/29107\/revisions\/29865"}],"up":[{"embeddable":true,"href":"https:\/\/www.stadtgelueste.de\/index.php?rest_route=\/wp\/v2\/pages\/185"}],"wp:featuredmedia":[{"embeddable":true,"href":"https:\/\/www.stadtgelueste.de\/index.php?rest_route=\/wp\/v2\/media\/24636"}],"wp:attachment":[{"href":"https:\/\/www.stadtgelueste.de\/index.php?rest_route=%2Fwp%2Fv2%2Fmedia&parent=29107"}],"curies":[{"name":"wp","href":"https:\/\/api.w.org\/{rel}","templated":true}]}}