{"id":28149,"date":"2026-04-12T15:08:31","date_gmt":"2026-04-12T13:08:31","guid":{"rendered":"http:\/\/www.stadtgelueste.de\/?page_id=28149"},"modified":"2026-04-12T15:13:05","modified_gmt":"2026-04-12T13:13:05","slug":"deutsche-antonia-in-stelle","status":"publish","type":"page","link":"https:\/\/www.stadtgelueste.de\/?page_id=28149","title":{"rendered":"Deutsche Lucy in Stade"},"content":{"rendered":"<p>[et_pb_section fb_built=&#8221;1&#8243; _builder_version=&#8221;3.22.5&#8243; background_color=&#8221;rgba(0,0,0,0)&#8221; min_height=&#8221;204px&#8221; custom_padding=&#8221;0px||0px||true|&#8221;][et_pb_row custom_padding=&#8221;15px|||||&#8221; _builder_version=&#8221;3.22.5&#8243;][et_pb_column type=&#8221;4_4&#8243; _builder_version=&#8221;3.22.5&#8243;][et_pb_post_title meta=&#8221;off&#8221; featured_image=&#8221;off&#8221; _builder_version=&#8221;3.22.5&#8243; text_orientation=&#8221;center&#8221; text_shadow_style=&#8221;preset1&#8243;][\/et_pb_post_title][\/et_pb_column][\/et_pb_row][\/et_pb_section][et_pb_section fb_built=&#8221;1&#8243; _builder_version=&#8221;3.22.5&#8243; background_color=&#8221;rgba(0,0,0,0)&#8221; custom_padding=&#8221;24px|||||&#8221;][et_pb_row _builder_version=&#8221;3.22.5&#8243;][et_pb_column type=&#8221;4_4&#8243; _builder_version=&#8221;3.22.5&#8243;][et_pb_text _builder_version=&#8221;3.22.5&#8243; text_font=&#8221;||||||||&#8221; text_font_size=&#8221;1px&#8221; background_color=&#8221;rgba(0,0,0,0)&#8221;]<\/p>\n<h5>\u2728\u2728\u2728 Hey, Unbekannter!<\/h5>\n<h5>Ich bin die Lucy, ein echtes Berliner M\u00e4del und ich biete dir ein Erlebnis, dass du nicht vergessen wirst! \u2728\u2728\u2728<\/h5>\n<h5>Ich bin Expertin in sinnlichen Massagen, die unter die Haut gehen. Gerne zeige ich dir meine Welt der anspruchsvollen Erotik. Lass uns gemeinsam ein prickelndes Abenteuer erleben! \ud83d\udd25\ud83d\udd25\ud83d\udd25 Mit meinem sexy K\u00f6rper fahre ich langsam \u00fcber dich und du wirst jede Ber\u00fchrung intensiv sp\u00fcren w\u00e4hrend dich meine geschickten H\u00e4nde immer mehr in Ekstase versetzen. Bin ich ein braves M\u00e4dchen, oder hat die Katze auch Krallen? \ud83d\ude08\ud83d\ude08\ud83d\ude08 Finde es heraus und schau dir mein Angebot an. Ich kann es kaum erwarten!<\/h5>\n<h5>\u2728\u2728\u2728Mein Angebot nur f\u00fcr dich:\u2728\u2728\u2728<\/h5>\n<h5>&#8211; entspannter und gef\u00fchlvoller Girlfriendsex (mit Kondom)<br \/>\n&#8211; versauter Doggystyle<br \/>\n&#8211; leidenschaftliche Blowjobs<br \/>\n&#8211; prickelnde Body-to-Body Massagen<br \/>\n&#8211; scharfe Lingam Massagen<br \/>\n&#8211; Tantra-Massagen<br \/>\n&#8211; Massagen mit \u00d6l<br \/>\n&#8211; Nylon-Erotik<br \/>\n&#8211; Dominante Massagen in Lack und Leder<br \/>\n&#8211; erotische Massagen nach Wunsch<\/h5>\n<h5>und nat\u00fcrlich sind auch klassische Massagen m\u00f6glich! \u2764\ufe0f\u200d\ud83d\udd25\u2764\ufe0f\u200d\ud83d\udd25\u2764\ufe0f\u200d\ud83d\udd25<\/h5>\n<h5>Oder soll es etwas ganz anderes sein? Frag mich einfach \ud83d\ude18 Mit meinen H\u00e4nden wei\u00df ich genau, wie man entspannt, verw\u00f6hnt und den Kopf ausschaltet. \ud83d\ude18\ud83d\ude18\ud83d\ude18<\/h5>\n<h5>Ich liebe Sex in all seinen Varianten und brauche jeden Tag meine Streicheleinheiten, bitte lass mich nicht lange warten! Ich kann dein Engel im Bett sein, aber auch dein Teufelchen! \ud83d\ude07\ud83d\ude08 Je besser du mich behandelst, desto mehr gebe ich dir zur\u00fcck! \ud83d\ude18<\/h5>\n<h5>Es gibt auch hei\u00dfe Bilder und Videos von mir. Sag mir einfach worauf du stehst! \ud83d\udd25\ud83d\udd25\ud83d\udd25<\/h5>\n<h5>Also \u00fcberleg&#8217; nicht lange und g\u00f6nn&#8217; dir etwas ganz Besonderes! Lass dich von meiner authentischen und humorvollen Art \u00fcberzeugen!<\/h5>\n<h5>Ich bin jetzt f\u00fcr dich exklusiv erreichbar! \ud83d\ude18<\/h5>\n<h5><\/h5>\n<h5>Kisses Lucy \ud83d\udc8b\ud83d\udc8b\ud83d\udc8b<\/h5>\n<h5><\/h5>\n<h5>Besuche mich in<\/h5>\n<h4><span style=\"color: #000000;\"><strong>Stade, Teichstr. 1, klingel bei Graf<\/strong><\/span><\/h4>\n<h4><span style=\"color: #000000;\"><strong>Tel:&nbsp;0152-55458915<\/strong><\/span><\/h4>\n<p><span style=\"color: #000000;\"><strong><\/strong><\/span><\/p>\n<h5><span style=\"color: #000000;\"><strong>Von 10-22 Uhr &#8211; BITTE VEREINBARE VORAB EINEN TERMIN<\/strong><\/span><\/h5>\n<h5><span style=\"color: #000000;\"><strong>Haus\/Hotelbesuche <\/strong><\/span><span style=\"color: #000000;\"><strong>Stade, Horneburg &amp; Umgebung <\/strong><\/span><\/h5>\n<p><span style=\"color: #000000;\"><strong><\/strong><\/span><\/p>\n<p><span style=\"color: #000000;\"><strong><\/strong><\/span><\/p>\n<p><span style=\"color: #000000;\"><strong><\/strong><\/span><\/p>\n<p><span style=\"color: #000000;\"><strong><\/strong><\/span><\/p>\n<p><span style=\"color: #000000;\"><strong><\/strong><\/span><\/p>\n<p><span style=\"color: #000000;\"><strong><\/strong><\/span><\/p>\n<p><span style=\"color: #000000;\"><strong><\/strong><\/span><\/p>\n<p><span style=\"color: #000000;\"><strong><\/strong><\/span><\/p>\n<p><span style=\"color: #000000;\"><strong><\/strong><\/span><\/p>\n<p><span style=\"color: #000000;\"><strong><\/strong><\/span><\/p>\n<p><span style=\"color: #000000;\"><strong><\/strong><\/span><\/p>\n<p><span style=\"color: #000000;\"><strong><\/strong><\/span><\/p>\n<p><span style=\"color: #000000;\"><strong><\/strong><\/span><\/p>\n<p><span style=\"color: #000000;\"><strong><\/strong><\/span><\/p>\n<p><span style=\"color: #000000;\"><strong><\/strong><\/span><\/p>\n<p><span style=\"color: #000000;\"><strong><\/strong><\/span><\/p>\n<h5><strong>Zu mir:<\/strong><\/h5>\n<h5>Alter: 32 Jahre<br \/>\nK\u00f6rpergr\u00f6\u00dfe: 168 cm<br \/>\nOberweite: natur 80B<br \/>\nHerkunft: aus dem sch\u00f6nen Berlin Deutschlands<br \/>\nKF: 38<br \/>\nIntimbereich: total rasiert<br \/>\nHaare: blond r\u00fcckenlang<\/h5>\n<h5><\/h5>\n<h5><strong>Mein Service:<\/strong><\/h5>\n<h5>F\u00fcr Herren und Paare:<\/h5>\n<h5>Sehr sch\u00f6ne Massagen: Erot. Massagen, Ganzk\u00f6rpermassage, \u00d6l-Massage, Intim-Massage<\/h5>\n<h5>GV, Franz, GF6, KB, Dreier, KK, AV bei ihm, DS aktiv&amp;passiv, FA \/ An*l Massage aktiv, Fingerspiele aktiv&amp;passiv, EL, Mast, Dusch- und Badeservice, Fu\u00df-\/-Schuherotik, RS, Strabs- und Nylonerotik, HE, Erot. Massagen ( Ganzk\u00f6rper, \u00d6l, Intim), Dom. Biz. Spielchen, Lack \/ Leder \/Latex, Abb, BW-Banhandlung, CBT, FS, Spanking, Verbale Ern. &#8230;<\/h5>\n<h5>weiteres auf Anfrage pes\u00f6nlich<\/h5>\n<p>&nbsp;<\/p>\n<h6><span style=\"color: #000000;\">Beim Anruf oder Besuch der Dame sag ihr doch bitte, dass Du sie auf <span style=\"text-decoration: underline;\">stadtgelueste.de<\/span> gefunden hast. Danke!<\/span><\/h6>\n<p style=\"text-align: center;\">[\/et_pb_text][\/et_pb_column][\/et_pb_row][\/et_pb_section][et_pb_section fb_built=&#8221;1&#8243; _builder_version=&#8221;3.22.5&#8243; background_color=&#8221;rgba(0,0,0,0)&#8221;][et_pb_row _builder_version=&#8221;3.22.5&#8243;][et_pb_column type=&#8221;4_4&#8243; _builder_version=&#8221;3.22.5&#8243;][et_pb_image src=&#8221;http:\/\/www.stadtgelueste.de\/wp-content\/uploads\/2026\/04\/Stacy-Lucy.jpg&#8221; align=&#8221;center&#8221; _builder_version=&#8221;3.22.5&#8243; max_width=&#8221;35%&#8221; max_width_phone=&#8221;100%&#8221; max_width_last_edited=&#8221;on|phone&#8221;][\/et_pb_image][et_pb_image src=&#8221;http:\/\/www.stadtgelueste.de\/wp-content\/uploads\/2023\/01\/Stacy-Summer6d22d8b1-8338-4ee6-8d93-691449c7a515.jpg&#8221; align=&#8221;center&#8221; _builder_version=&#8221;3.22.5&#8243; max_width=&#8221;55%&#8221; max_width_phone=&#8221;100%&#8221; max_width_last_edited=&#8221;on|phone&#8221;][\/et_pb_image][et_pb_image src=&#8221;http:\/\/www.stadtgelueste.de\/wp-content\/uploads\/2023\/01\/Stacy-Summera7d9143f-2514-47bd-9942-4aba59e616b3.jpg&#8221; align=&#8221;center&#8221; _builder_version=&#8221;3.22.5&#8243; max_width=&#8221;55%&#8221; max_width_phone=&#8221;100%&#8221; max_width_last_edited=&#8221;on|phone&#8221;][\/et_pb_image][et_pb_image src=&#8221;http:\/\/www.stadtgelueste.de\/wp-content\/uploads\/2023\/01\/Stacy-Summer35374a67-891c-4afb-b1e7-85680a501d89.jpg&#8221; align=&#8221;center&#8221; _builder_version=&#8221;3.22.5&#8243; max_width=&#8221;55%&#8221; max_width_phone=&#8221;100%&#8221; max_width_last_edited=&#8221;on|phone&#8221;][\/et_pb_image][et_pb_image src=&#8221;http:\/\/www.stadtgelueste.de\/wp-content\/uploads\/2023\/01\/Stacy-Summer7b34fe2a-5ced-4f1f-8508-fea2b8f6f2cc.jpg&#8221; align=&#8221;center&#8221; _builder_version=&#8221;3.22.5&#8243; max_width=&#8221;55%&#8221; max_width_phone=&#8221;100%&#8221; max_width_last_edited=&#8221;on|phone&#8221;][\/et_pb_image][et_pb_image src=&#8221;http:\/\/www.stadtgelueste.de\/wp-content\/uploads\/2023\/01\/Stacy-Summer84cb52dc-fdb4-48f1-b88e-9ad3ad1df92e.jpg&#8221; align=&#8221;center&#8221; _builder_version=&#8221;3.22.5&#8243; max_width=&#8221;55%&#8221; max_width_phone=&#8221;100%&#8221; max_width_last_edited=&#8221;on|phone&#8221;][\/et_pb_image][et_pb_image src=&#8221;http:\/\/www.stadtgelueste.de\/wp-content\/uploads\/2023\/01\/Stacy-Summer4902d014-417b-4670-95e5-105382d0c6ef.jpg&#8221; align=&#8221;center&#8221; _builder_version=&#8221;3.22.5&#8243; max_width=&#8221;35%&#8221; max_width_phone=&#8221;100%&#8221; max_width_last_edited=&#8221;on|phone&#8221;][\/et_pb_image][et_pb_image src=&#8221;http:\/\/www.stadtgelueste.de\/wp-content\/uploads\/2023\/01\/Stacy-Summer3c833c2f-f7f9-46d6-88dc-6305e53e1058.jpg&#8221; align=&#8221;center&#8221; _builder_version=&#8221;3.22.5&#8243; max_width=&#8221;55%&#8221; max_width_phone=&#8221;100%&#8221; max_width_last_edited=&#8221;on|phone&#8221;][\/et_pb_image][et_pb_image src=&#8221;http:\/\/www.stadtgelueste.de\/wp-content\/uploads\/2025\/01\/e7e5c612-806f-4f56-9de4-cbf3c988234a.jpg&#8221; align=&#8221;center&#8221; _builder_version=&#8221;3.22.5&#8243; max_width=&#8221;35%&#8221; max_width_phone=&#8221;100%&#8221; max_width_last_edited=&#8221;on|phone&#8221;][\/et_pb_image][et_pb_image src=&#8221;http:\/\/www.stadtgelueste.de\/wp-content\/uploads\/2024\/12\/9f7ae382-b14e-4155-88fd-e793301d86bd.jpg&#8221; align=&#8221;center&#8221; _builder_version=&#8221;3.22.5&#8243; max_width=&#8221;55%&#8221; max_width_phone=&#8221;100%&#8221; max_width_last_edited=&#8221;on|phone&#8221;][\/et_pb_image][et_pb_image src=&#8221;http:\/\/www.stadtgelueste.de\/wp-content\/uploads\/2025\/01\/751a8664-1979-4015-ade0-c4f6e4a0c73f.jpg&#8221; align=&#8221;center&#8221; _builder_version=&#8221;3.22.5&#8243; max_width=&#8221;35%&#8221; max_width_phone=&#8221;100%&#8221; max_width_last_edited=&#8221;on|phone&#8221;][\/et_pb_image][\/et_pb_column][\/et_pb_row][\/et_pb_section][et_pb_section fb_built=&#8221;1&#8243; _builder_version=&#8221;3.22.5&#8243; background_color=&#8221;rgba(0,0,0,0)&#8221;][\/et_pb_section]<\/p>\n","protected":false},"excerpt":{"rendered":"<p>[et_pb_section fb_built=&#8221;1&#8243; _builder_version=&#8221;3.22.5&#8243; background_color=&#8221;rgba(0,0,0,0)&#8221; min_height=&#8221;204px&#8221; custom_padding=&#8221;0px||0px||true|&#8221;][et_pb_row custom_padding=&#8221;15px|||||&#8221; _builder_version=&#8221;3.22.5&#8243;][et_pb_column type=&#8221;4_4&#8243; _builder_version=&#8221;3.22.5&#8243;][et_pb_post_title meta=&#8221;off&#8221; featured_image=&#8221;off&#8221; _builder_version=&#8221;3.22.5&#8243; text_orientation=&#8221;center&#8221; text_shadow_style=&#8221;preset1&#8243;][\/et_pb_post_title][\/et_pb_column][\/et_pb_row][\/et_pb_section][et_pb_section fb_built=&#8221;1&#8243; _builder_version=&#8221;3.22.5&#8243; background_color=&#8221;rgba(0,0,0,0)&#8221; custom_padding=&#8221;24px|||||&#8221;][et_pb_row _builder_version=&#8221;3.22.5&#8243;][et_pb_column type=&#8221;4_4&#8243; _builder_version=&#8221;3.22.5&#8243;][et_pb_text _builder_version=&#8221;3.22.5&#8243; text_font=&#8221;||||||||&#8221; text_font_size=&#8221;1px&#8221; background_color=&#8221;rgba(0,0,0,0)&#8221;] \u2728\u2728\u2728 Hey, Unbekannter! Ich bin die Lucy, ein echtes Berliner M\u00e4del und ich biete dir ein Erlebnis, dass du nicht vergessen wirst! \u2728\u2728\u2728 Ich bin Expertin in sinnlichen Massagen, [&hellip;]<\/p>\n","protected":false},"author":1,"featured_media":33367,"parent":185,"menu_order":300,"comment_status":"closed","ping_status":"closed","template":"","meta":{"_et_pb_use_builder":"on","_et_pb_old_content":""},"yoast_head":"<!-- This site is optimized with the Yoast SEO plugin v14.9 - https:\/\/yoast.com\/wordpress\/plugins\/seo\/ -->\n<title>Deutsche Lucy in Stade - Stadtgelueste.de - Sex, ficken in Deutsche Lucy in Stade<\/title>\n<meta name=\"description\" content=\"Deutsche Lucy in Stade - Begleitservice, ficken in stade, huren, nutten, sexdates, stadtgel\u00fcste, nutten in buxtehude, ficken in Harburg, nutten in harburg.\" \/>\n<meta name=\"robots\" content=\"index, follow, max-snippet:-1, max-image-preview:large, max-video-preview:-1\" \/>\n<link rel=\"canonical\" href=\"http:\/\/www.stadtgelueste.de\/?page_id=28149\" \/>\n<meta property=\"og:locale\" content=\"de_DE\" \/>\n<meta property=\"og:type\" content=\"article\" \/>\n<meta property=\"og:title\" content=\"Deutsche Lucy in Stade - Stadtgelueste.de - Sex, ficken in Deutsche Lucy in Stade\" \/>\n<meta property=\"og:description\" content=\"Deutsche Lucy in Stade - Begleitservice, ficken in stade, huren, nutten, sexdates, stadtgel\u00fcste, nutten in buxtehude, ficken in Harburg, nutten in harburg.\" \/>\n<meta property=\"og:url\" content=\"http:\/\/www.stadtgelueste.de\/?page_id=28149\" \/>\n<meta property=\"og:site_name\" content=\"Stadtgelueste.de\" \/>\n<meta property=\"article:modified_time\" content=\"2026-04-12T13:13:05+00:00\" \/>\n<meta property=\"og:image\" content=\"https:\/\/www.stadtgelueste.de\/wp-content\/uploads\/2026\/04\/Stacy-Lucy.jpg\" \/>\n\t<meta property=\"og:image:width\" content=\"1536\" \/>\n\t<meta property=\"og:image:height\" content=\"2048\" \/>\n<meta name=\"twitter:card\" content=\"summary_large_image\" \/>\n<script type=\"application\/ld+json\" class=\"yoast-schema-graph\">{\"@context\":\"https:\/\/schema.org\",\"@graph\":[{\"@type\":\"Organization\",\"@id\":\"https:\/\/www.stadtgelueste.de\/#organization\",\"name\":\"Stadtgelueste.de\",\"url\":\"https:\/\/www.stadtgelueste.de\/\",\"sameAs\":[],\"logo\":{\"@type\":\"ImageObject\",\"@id\":\"https:\/\/www.stadtgelueste.de\/#logo\",\"inLanguage\":\"de-DE\",\"url\":\"https:\/\/www.stadtgelueste.de\/wp-content\/uploads\/2020\/09\/logoneuschwarz.png\",\"width\":960,\"height\":560,\"caption\":\"Stadtgelueste.de\"},\"image\":{\"@id\":\"https:\/\/www.stadtgelueste.de\/#logo\"}},{\"@type\":\"WebSite\",\"@id\":\"https:\/\/www.stadtgelueste.de\/#website\",\"url\":\"https:\/\/www.stadtgelueste.de\/\",\"name\":\"Stadtgelueste.de\",\"description\":\"\",\"publisher\":{\"@id\":\"https:\/\/www.stadtgelueste.de\/#organization\"},\"potentialAction\":[{\"@type\":\"SearchAction\",\"target\":\"https:\/\/www.stadtgelueste.de\/?s={search_term_string}\",\"query-input\":\"required name=search_term_string\"}],\"inLanguage\":\"de-DE\"},{\"@type\":\"ImageObject\",\"@id\":\"http:\/\/www.stadtgelueste.de\/?page_id=28149#primaryimage\",\"inLanguage\":\"de-DE\",\"url\":\"https:\/\/www.stadtgelueste.de\/wp-content\/uploads\/2026\/04\/Stacy-Lucy.jpg\",\"width\":1536,\"height\":2048},{\"@type\":\"WebPage\",\"@id\":\"http:\/\/www.stadtgelueste.de\/?page_id=28149#webpage\",\"url\":\"http:\/\/www.stadtgelueste.de\/?page_id=28149\",\"name\":\"Deutsche Lucy in Stade - Stadtgelueste.de - Sex, ficken in Deutsche Lucy in Stade\",\"isPartOf\":{\"@id\":\"https:\/\/www.stadtgelueste.de\/#website\"},\"primaryImageOfPage\":{\"@id\":\"http:\/\/www.stadtgelueste.de\/?page_id=28149#primaryimage\"},\"datePublished\":\"2026-04-12T13:08:31+00:00\",\"dateModified\":\"2026-04-12T13:13:05+00:00\",\"description\":\"Deutsche Lucy in Stade - Begleitservice, ficken in stade, huren, nutten, sexdates, stadtgel\\u00fcste, nutten in buxtehude, ficken in Harburg, nutten in harburg.\",\"inLanguage\":\"de-DE\",\"potentialAction\":[{\"@type\":\"ReadAction\",\"target\":[\"http:\/\/www.stadtgelueste.de\/?page_id=28149\"]}]}]}<\/script>\n<!-- \/ Yoast SEO plugin. -->","_links":{"self":[{"href":"https:\/\/www.stadtgelueste.de\/index.php?rest_route=\/wp\/v2\/pages\/28149"}],"collection":[{"href":"https:\/\/www.stadtgelueste.de\/index.php?rest_route=\/wp\/v2\/pages"}],"about":[{"href":"https:\/\/www.stadtgelueste.de\/index.php?rest_route=\/wp\/v2\/types\/page"}],"author":[{"embeddable":true,"href":"https:\/\/www.stadtgelueste.de\/index.php?rest_route=\/wp\/v2\/users\/1"}],"replies":[{"embeddable":true,"href":"https:\/\/www.stadtgelueste.de\/index.php?rest_route=%2Fwp%2Fv2%2Fcomments&post=28149"}],"version-history":[{"count":22,"href":"https:\/\/www.stadtgelueste.de\/index.php?rest_route=\/wp\/v2\/pages\/28149\/revisions"}],"predecessor-version":[{"id":33369,"href":"https:\/\/www.stadtgelueste.de\/index.php?rest_route=\/wp\/v2\/pages\/28149\/revisions\/33369"}],"up":[{"embeddable":true,"href":"https:\/\/www.stadtgelueste.de\/index.php?rest_route=\/wp\/v2\/pages\/185"}],"wp:featuredmedia":[{"embeddable":true,"href":"https:\/\/www.stadtgelueste.de\/index.php?rest_route=\/wp\/v2\/media\/33367"}],"wp:attachment":[{"href":"https:\/\/www.stadtgelueste.de\/index.php?rest_route=%2Fwp%2Fv2%2Fmedia&parent=28149"}],"curies":[{"name":"wp","href":"https:\/\/api.w.org\/{rel}","templated":true}]}}