{"id":27656,"date":"2026-04-11T23:59:32","date_gmt":"2026-04-11T21:59:32","guid":{"rendered":"http:\/\/www.stadtgelueste.de\/?page_id=27656"},"modified":"2026-04-11T11:41:06","modified_gmt":"2026-04-11T09:41:06","slug":"trans-patricia-in-neu-wulmstorf","status":"publish","type":"page","link":"https:\/\/www.stadtgelueste.de\/?page_id=27656","title":{"rendered":"TRANS Patricia in Neu Wulmstorf"},"content":{"rendered":"<p>[et_pb_section fb_built=&#8221;1&#8243; _builder_version=&#8221;3.22.5&#8243; background_color=&#8221;rgba(0,0,0,0)&#8221; min_height=&#8221;204px&#8221; custom_padding=&#8221;0px||0px||true|&#8221;][\/et_pb_section][et_pb_section fb_built=&#8221;1&#8243; _builder_version=&#8221;3.22.5&#8243; background_color=&#8221;rgba(0,0,0,0)&#8221; custom_padding=&#8221;2px|||||&#8221;][et_pb_row _builder_version=&#8221;3.22.5&#8243;][et_pb_column type=&#8221;4_4&#8243; _builder_version=&#8221;3.22.5&#8243;][et_pb_post_title meta=&#8221;off&#8221; featured_image=&#8221;off&#8221; _builder_version=&#8221;3.22.5&#8243; title_font=&#8221;||||||||&#8221; border_color_all=&#8221;#f200da&#8221; text_orientation=&#8221;center&#8221; text_shadow_style=&#8221;preset1&#8243;][\/et_pb_post_title][et_pb_button button_url=&#8221;#Bilder&#8221; button_text=&#8221;Zu den Bildern&#8221; button_alignment=&#8221;center&#8221; _builder_version=&#8221;3.22.5&#8243; custom_button=&#8221;on&#8221; button_text_size=&#8221;15px&#8221; button_text_color=&#8221;#f500f9&#8243; button_bg_color=&#8221;#c9c9c9&#8243; button_font=&#8221;||||||||&#8221; button_icon=&#8221;%%18%%&#8221;][\/et_pb_button][et_pb_divider color=&#8221;#f400f0&#8243; _builder_version=&#8221;3.22.5&#8243;][\/et_pb_divider][et_pb_text _builder_version=&#8221;3.22.5&#8243; text_font=&#8221;||||||||&#8221; text_font_size=&#8221;1px&#8221; background_color=&#8221;rgba(0,0,0,0)&#8221;]<\/p>\n<p><span style=\"font-size: 15px; color: #000000;\">Hallo, ich bin <b>TRANS Patricia<\/b>.<\/span><\/p>\n<p><span style=\"font-size: 15px; color: #000000;\">\u00a0<\/span><\/p>\n<p><span style=\"font-size: 15px; color: #000000;\">Ich wei\u00df was Du willst und brauchst und was dich richtig scharf macht.<\/span><\/p>\n<p><span style=\"font-size: 15px; color: #000000;\">Probiere mal etwas Neues und komm vorbei um einen Service erster Klasse zu genie\u00dfen. Aktiv und Passiv bekommst Du hier genau das was du suchst! Sie wird dich umd en Versand **** und es dir deinen W\u00fcnschen entsprechend besorgen. Ihre prallen Br\u00fcste von 80D k\u00f6nnen sich sehen lassen, genau wie ihr Prachtst*ck von 21 cm. NS a, KV a und vieles mehr auf Anfrage m\u00f6glich.<\/span><\/p>\n<h4><span style=\"font-size: 15px; color: #000000;\">Besuche mich t\u00e4glich in<\/span><\/h4>\n<h4><span style=\"color: #000000;\"><span style=\"font-size: 18px;\"><b>Neu Wulmstorf, Lessingstr. 65,<\/b><\/span><b><span style=\"font-size: 18px;\">\u00a0klingel bei Trans Patricia<br \/> <\/span><\/b><\/span><\/h4>\n<p><span style=\"color: #000000; font-size: 18px;\"><b>Tel:\u00a00172-9725783 \/\u00a00152-55443325<\/b><\/span><\/p>\n<p><span style=\"color: #000000;\">\u00a0<\/span><\/p>\n<p><span style=\"color: #000000;\"><span style=\"font-family: Arial, Helvetica, sans-serif; font-style: normal; font-variant: normal; font-weight: 400; letter-spacing: normal; text-indent: 0px; text-transform: none; white-space: normal; word-spacing: 0px; -webkit-text-stroke-width: 0px; background-color: transparent; text-decoration: none; display: inline; float: none; font-size: 14px; text-align: left;\">Sag mir doch bitte, dass Du mich auf\u00a0<\/span><b style=\"font-family: Arial, Helvetica, sans-serif; font-style: normal; font-variant: normal; letter-spacing: normal; text-indent: 0px; text-transform: none; white-space: normal; word-spacing: 0px; -webkit-text-stroke-width: 0px; background-color: transparent; text-decoration: none; font-size: 15px; font-weight: bold; text-align: left;\"><u>stadtgelueste<\/u><\/b><u style=\"font-family: Arial, Helvetica, sans-serif; font-style: normal; font-variant: normal; font-weight: 400; letter-spacing: normal; text-indent: 0px; text-transform: none; white-space: normal; word-spacing: 0px; -webkit-text-stroke-width: 0px; background-color: transparent; font-size: 15px; text-align: left; text-decoration: underline;\">.<b>de<\/b><\/u><span style=\"font-family: Arial, Helvetica, sans-serif; font-style: normal; font-variant: normal; font-weight: 400; letter-spacing: normal; text-indent: 0px; text-transform: none; white-space: normal; word-spacing: 0px; -webkit-text-stroke-width: 0px; background-color: transparent; text-decoration: none; display: inline; float: none; font-size: 14px; text-align: left;\">\u00a0gefunden hast, die mit der<\/span><b style=\"font-family: Arial, Helvetica, sans-serif; font-style: normal; font-variant: normal; letter-spacing: normal; text-indent: 0px; text-transform: none; white-space: normal; word-spacing: 0px; -webkit-text-stroke-width: 0px; background-color: transparent; text-decoration: none; font-size: 15px; font-weight: bold; text-align: left;\">\u00a0<\/b><u style=\"font-family: Arial, Helvetica, sans-serif; font-style: normal; font-variant: normal; font-weight: 400; letter-spacing: normal; text-indent: 0px; text-transform: none; white-space: normal; word-spacing: 0px; -webkit-text-stroke-width: 0px; background-color: transparent; font-size: 15px; text-align: left; text-decoration: underline;\"><b>gelben Seite<\/b><\/u><span style=\"font-family: Arial, Helvetica, sans-serif; font-style: normal; font-variant: normal; font-weight: 400; letter-spacing: normal; text-indent: 0px; text-transform: none; white-space: normal; word-spacing: 0px; -webkit-text-stroke-width: 0px; background-color: transparent; text-decoration: none; display: inline; float: none; font-size: 14px; text-align: left;\">. Danke!<\/span><\/span><\/p>\n<p>[\/et_pb_text][\/et_pb_column][\/et_pb_row][et_pb_row _builder_version=&#8221;3.22.5&#8243;][et_pb_column type=&#8221;4_4&#8243; _builder_version=&#8221;3.22.5&#8243;][et_pb_divider color=&#8221;#f400f0&#8243; module_id=&#8221;Bilder&#8221; _builder_version=&#8221;3.22.5&#8243;][\/et_pb_divider][dsm_perspective_image src=&#8221;http:\/\/www.stadtgelueste.de\/wp-content\/uploads\/2025\/05\/TS-Sara-neu3a1db392-fd60-47e7-97d2-bec8ab20410b.jpg&#8221; align=&#8221;center&#8221; _builder_version=&#8221;3.22.5&#8243; max_width=&#8221;35%&#8221; max_width_phone=&#8221;100%&#8221; max_width_last_edited=&#8221;on|phone&#8221;][\/dsm_perspective_image][dsm_perspective_image src=&#8221;http:\/\/www.stadtgelueste.de\/wp-content\/uploads\/2025\/05\/TS-Sara-neu6f46f8b0-25a4-4139-9d5e-0dfdfa169159.jpg&#8221; align=&#8221;center&#8221; _builder_version=&#8221;3.22.5&#8243; max_width=&#8221;35%&#8221; max_width_phone=&#8221;100%&#8221; max_width_last_edited=&#8221;on|phone&#8221;][\/dsm_perspective_image][dsm_perspective_image src=&#8221;http:\/\/www.stadtgelueste.de\/wp-content\/uploads\/2025\/05\/TS-Sara-neu42dd8c03-f309-4b60-8113-2740f086ed52.jpg&#8221; align=&#8221;center&#8221; _builder_version=&#8221;3.22.5&#8243; max_width=&#8221;35%&#8221; max_width_phone=&#8221;100%&#8221; max_width_last_edited=&#8221;on|phone&#8221;][\/dsm_perspective_image][dsm_perspective_image src=&#8221;http:\/\/www.stadtgelueste.de\/wp-content\/uploads\/2025\/05\/TS-Sara-neu337e209b-593d-4588-bd80-1175f4d4ec86.jpg&#8221; align=&#8221;center&#8221; _builder_version=&#8221;3.22.5&#8243; max_width=&#8221;35%&#8221; max_width_phone=&#8221;100%&#8221; max_width_last_edited=&#8221;on|phone&#8221;][\/dsm_perspective_image][dsm_perspective_image src=&#8221;http:\/\/www.stadtgelueste.de\/wp-content\/uploads\/2025\/05\/TS-Sara-neu95616bbb-e87e-4842-836c-95edeec69164.jpg&#8221; align=&#8221;center&#8221; _builder_version=&#8221;3.22.5&#8243; max_width=&#8221;35%&#8221; max_width_phone=&#8221;100%&#8221; max_width_last_edited=&#8221;on|phone&#8221;][\/dsm_perspective_image][dsm_perspective_image src=&#8221;http:\/\/www.stadtgelueste.de\/wp-content\/uploads\/2025\/05\/TS-Sara-neubb96577c-e6d0-4549-8608-bc9e99faa77a.jpg&#8221; align=&#8221;center&#8221; _builder_version=&#8221;3.22.5&#8243; max_width=&#8221;35%&#8221; max_width_phone=&#8221;100%&#8221; max_width_last_edited=&#8221;on|phone&#8221;][\/dsm_perspective_image][dsm_perspective_image src=&#8221;http:\/\/www.stadtgelueste.de\/wp-content\/uploads\/2025\/05\/TS-Sara-neubca8aa0e-5f2e-4aba-8b01-1fb6563c1f8f.jpg&#8221; align=&#8221;center&#8221; _builder_version=&#8221;3.22.5&#8243; max_width=&#8221;35%&#8221; max_width_phone=&#8221;100%&#8221; max_width_last_edited=&#8221;on|phone&#8221;][\/dsm_perspective_image][dsm_perspective_image src=&#8221;http:\/\/www.stadtgelueste.de\/wp-content\/uploads\/2025\/05\/TS-Sara-neueb6797f8-2e12-45b6-8bcd-efe59e248300.jpg&#8221; align=&#8221;center&#8221; _builder_version=&#8221;3.22.5&#8243; max_width=&#8221;35%&#8221; max_width_phone=&#8221;100%&#8221; max_width_last_edited=&#8221;on|phone&#8221;][\/dsm_perspective_image][dsm_perspective_image src=&#8221;http:\/\/www.stadtgelueste.de\/wp-content\/uploads\/2025\/05\/TS-Sara-neuec00663a-e8c4-433c-ad66-c96e998ec118.jpg&#8221; align=&#8221;center&#8221; _builder_version=&#8221;3.22.5&#8243; max_width=&#8221;35%&#8221; max_width_phone=&#8221;100%&#8221; max_width_last_edited=&#8221;on|phone&#8221;][\/dsm_perspective_image][\/et_pb_column][\/et_pb_row][\/et_pb_section][et_pb_section fb_built=&#8221;1&#8243; _builder_version=&#8221;3.22.5&#8243; background_color=&#8221;rgba(0,0,0,0)&#8221;][\/et_pb_section]<\/p>\n","protected":false},"excerpt":{"rendered":"<p>[et_pb_section fb_built=&#8221;1&#8243; _builder_version=&#8221;3.22.5&#8243; background_color=&#8221;rgba(0,0,0,0)&#8221; min_height=&#8221;204px&#8221; custom_padding=&#8221;0px||0px||true|&#8221;][\/et_pb_section][et_pb_section fb_built=&#8221;1&#8243; _builder_version=&#8221;3.22.5&#8243; background_color=&#8221;rgba(0,0,0,0)&#8221; custom_padding=&#8221;2px|||||&#8221;][et_pb_row _builder_version=&#8221;3.22.5&#8243;][et_pb_column type=&#8221;4_4&#8243; _builder_version=&#8221;3.22.5&#8243;][et_pb_post_title meta=&#8221;off&#8221; featured_image=&#8221;off&#8221; _builder_version=&#8221;3.22.5&#8243; title_font=&#8221;||||||||&#8221; border_color_all=&#8221;#f200da&#8221; text_orientation=&#8221;center&#8221; text_shadow_style=&#8221;preset1&#8243;][\/et_pb_post_title][et_pb_button button_url=&#8221;#Bilder&#8221; button_text=&#8221;Zu den Bildern&#8221; button_alignment=&#8221;center&#8221; _builder_version=&#8221;3.22.5&#8243; custom_button=&#8221;on&#8221; button_text_size=&#8221;15px&#8221; button_text_color=&#8221;#f500f9&#8243; button_bg_color=&#8221;#c9c9c9&#8243; button_font=&#8221;||||||||&#8221; button_icon=&#8221;%%18%%&#8221;][\/et_pb_button][et_pb_divider color=&#8221;#f400f0&#8243; _builder_version=&#8221;3.22.5&#8243;][\/et_pb_divider][et_pb_text _builder_version=&#8221;3.22.5&#8243; text_font=&#8221;||||||||&#8221; text_font_size=&#8221;1px&#8221; background_color=&#8221;rgba(0,0,0,0)&#8221;] Hallo, ich bin TRANS Patricia. \u00a0 Ich wei\u00df was Du willst und brauchst und was dich richtig [&hellip;]<\/p>\n","protected":false},"author":1,"featured_media":27475,"parent":191,"menu_order":3,"comment_status":"closed","ping_status":"closed","template":"","meta":{"_et_pb_use_builder":"on","_et_pb_old_content":""},"yoast_head":"<!-- This site is optimized with the Yoast SEO plugin v14.9 - https:\/\/yoast.com\/wordpress\/plugins\/seo\/ -->\n<title>Stadtgelueste.de - Sex, ficken TRANS Patricia in Neu Wulmstorf<\/title>\n<meta name=\"description\" content=\"TRANS Patricia in Neu Wulmstorf - Begleitservice, ficken in stade, huren, nutten, sexdates, stadtgel\u00fcste, nutten in buxtehude, ficken in Harburg, nutten in harburg.\" \/>\n<meta name=\"robots\" content=\"index, follow, max-snippet:-1, max-image-preview:large, max-video-preview:-1\" \/>\n<link rel=\"canonical\" href=\"https:\/\/www.stadtgelueste.de\/?page_id=27656\" \/>\n<meta property=\"og:locale\" content=\"de_DE\" \/>\n<meta property=\"og:type\" content=\"article\" \/>\n<meta property=\"og:title\" content=\"Stadtgelueste.de - Sex, ficken TRANS Patricia in Neu Wulmstorf\" \/>\n<meta property=\"og:description\" content=\"TRANS Patricia in Neu Wulmstorf - Begleitservice, ficken in stade, huren, nutten, sexdates, stadtgel\u00fcste, nutten in buxtehude, ficken in Harburg, nutten in harburg.\" \/>\n<meta property=\"og:url\" content=\"https:\/\/www.stadtgelueste.de\/?page_id=27656\" \/>\n<meta property=\"og:site_name\" content=\"Stadtgelueste.de\" \/>\n<meta property=\"article:modified_time\" content=\"2026-04-11T09:41:06+00:00\" \/>\n<meta property=\"og:image\" content=\"https:\/\/www.stadtgelueste.de\/wp-content\/uploads\/2025\/05\/TS-Sara-neubb96577c-e6d0-4549-8608-bc9e99faa77a.jpg\" \/>\n\t<meta property=\"og:image:width\" content=\"697\" \/>\n\t<meta property=\"og:image:height\" content=\"1202\" \/>\n<meta name=\"twitter:card\" content=\"summary_large_image\" \/>\n<script type=\"application\/ld+json\" class=\"yoast-schema-graph\">{\"@context\":\"https:\/\/schema.org\",\"@graph\":[{\"@type\":\"Organization\",\"@id\":\"https:\/\/www.stadtgelueste.de\/#organization\",\"name\":\"Stadtgelueste.de\",\"url\":\"https:\/\/www.stadtgelueste.de\/\",\"sameAs\":[],\"logo\":{\"@type\":\"ImageObject\",\"@id\":\"https:\/\/www.stadtgelueste.de\/#logo\",\"inLanguage\":\"de-DE\",\"url\":\"https:\/\/www.stadtgelueste.de\/wp-content\/uploads\/2020\/09\/logoneuschwarz.png\",\"width\":960,\"height\":560,\"caption\":\"Stadtgelueste.de\"},\"image\":{\"@id\":\"https:\/\/www.stadtgelueste.de\/#logo\"}},{\"@type\":\"WebSite\",\"@id\":\"https:\/\/www.stadtgelueste.de\/#website\",\"url\":\"https:\/\/www.stadtgelueste.de\/\",\"name\":\"Stadtgelueste.de\",\"description\":\"\",\"publisher\":{\"@id\":\"https:\/\/www.stadtgelueste.de\/#organization\"},\"potentialAction\":[{\"@type\":\"SearchAction\",\"target\":\"https:\/\/www.stadtgelueste.de\/?s={search_term_string}\",\"query-input\":\"required name=search_term_string\"}],\"inLanguage\":\"de-DE\"},{\"@type\":\"ImageObject\",\"@id\":\"https:\/\/www.stadtgelueste.de\/?page_id=27656#primaryimage\",\"inLanguage\":\"de-DE\",\"url\":\"https:\/\/www.stadtgelueste.de\/wp-content\/uploads\/2025\/05\/TS-Sara-neubb96577c-e6d0-4549-8608-bc9e99faa77a.jpg\",\"width\":697,\"height\":1202},{\"@type\":\"WebPage\",\"@id\":\"https:\/\/www.stadtgelueste.de\/?page_id=27656#webpage\",\"url\":\"https:\/\/www.stadtgelueste.de\/?page_id=27656\",\"name\":\"Stadtgelueste.de - Sex, ficken TRANS Patricia in Neu Wulmstorf\",\"isPartOf\":{\"@id\":\"https:\/\/www.stadtgelueste.de\/#website\"},\"primaryImageOfPage\":{\"@id\":\"https:\/\/www.stadtgelueste.de\/?page_id=27656#primaryimage\"},\"datePublished\":\"2026-04-11T21:59:32+00:00\",\"dateModified\":\"2026-04-11T09:41:06+00:00\",\"description\":\"TRANS Patricia in Neu Wulmstorf - Begleitservice, ficken in stade, huren, nutten, sexdates, stadtgel\\u00fcste, nutten in buxtehude, ficken in Harburg, nutten in harburg.\",\"inLanguage\":\"de-DE\",\"potentialAction\":[{\"@type\":\"ReadAction\",\"target\":[\"https:\/\/www.stadtgelueste.de\/?page_id=27656\"]}]}]}<\/script>\n<!-- \/ Yoast SEO plugin. -->","_links":{"self":[{"href":"https:\/\/www.stadtgelueste.de\/index.php?rest_route=\/wp\/v2\/pages\/27656"}],"collection":[{"href":"https:\/\/www.stadtgelueste.de\/index.php?rest_route=\/wp\/v2\/pages"}],"about":[{"href":"https:\/\/www.stadtgelueste.de\/index.php?rest_route=\/wp\/v2\/types\/page"}],"author":[{"embeddable":true,"href":"https:\/\/www.stadtgelueste.de\/index.php?rest_route=\/wp\/v2\/users\/1"}],"replies":[{"embeddable":true,"href":"https:\/\/www.stadtgelueste.de\/index.php?rest_route=%2Fwp%2Fv2%2Fcomments&post=27656"}],"version-history":[{"count":8,"href":"https:\/\/www.stadtgelueste.de\/index.php?rest_route=\/wp\/v2\/pages\/27656\/revisions"}],"predecessor-version":[{"id":33318,"href":"https:\/\/www.stadtgelueste.de\/index.php?rest_route=\/wp\/v2\/pages\/27656\/revisions\/33318"}],"up":[{"embeddable":true,"href":"https:\/\/www.stadtgelueste.de\/index.php?rest_route=\/wp\/v2\/pages\/191"}],"wp:featuredmedia":[{"embeddable":true,"href":"https:\/\/www.stadtgelueste.de\/index.php?rest_route=\/wp\/v2\/media\/27475"}],"wp:attachment":[{"href":"https:\/\/www.stadtgelueste.de\/index.php?rest_route=%2Fwp%2Fv2%2Fmedia&parent=27656"}],"curies":[{"name":"wp","href":"https:\/\/api.w.org\/{rel}","templated":true}]}}