{"id":26393,"date":"2026-04-04T23:59:44","date_gmt":"2026-04-04T21:59:44","guid":{"rendered":"http:\/\/www.stadtgelueste.de\/?page_id=26393"},"modified":"2026-04-04T10:32:58","modified_gmt":"2026-04-04T08:32:58","slug":"trans-naomi-in-stade","status":"publish","type":"page","link":"https:\/\/www.stadtgelueste.de\/?page_id=26393","title":{"rendered":"Trans Naomi in Stade"},"content":{"rendered":"<p>[et_pb_section fb_built=&#8221;1&#8243; _builder_version=&#8221;3.22.5&#8243; background_color=&#8221;rgba(0,0,0,0)&#8221; min_height=&#8221;204px&#8221; custom_padding=&#8221;0px||0px||true|&#8221;][et_pb_row _builder_version=&#8221;3.22.5&#8243;][et_pb_column type=&#8221;4_4&#8243; _builder_version=&#8221;3.22.5&#8243;][et_pb_post_title meta=&#8221;off&#8221; featured_image=&#8221;off&#8221; _builder_version=&#8221;3.22.5&#8243; text_orientation=&#8221;center&#8221; text_shadow_style=&#8221;preset1&#8243;][\/et_pb_post_title][\/et_pb_column][\/et_pb_row][\/et_pb_section][et_pb_section fb_built=&#8221;1&#8243; _builder_version=&#8221;3.22.5&#8243; background_color=&#8221;rgba(0,0,0,0)&#8221;][et_pb_row _builder_version=&#8221;3.22.5&#8243;][et_pb_column type=&#8221;4_4&#8243; _builder_version=&#8221;3.22.5&#8243;][et_pb_text _builder_version=&#8221;3.22.5&#8243;]<\/p>\n<p><span style=\"color: #000000;\">TS Naomi<\/span><br \/> <span style=\"color: #000000;\">NUR MIT TERMINE!<\/span><br \/> <span style=\"color: #000000;\">30MIN DAVOR<\/span><\/p>\n<p><span style=\"color: #000000;\">TS NAOMI!<\/span><\/p>\n<p><span style=\"color: #000000;\">Bildh\u00fcbsche TS, fraulich schlank mit scharfen Liebes<\/span><br \/> <span style=\"color: #000000;\">\u00c4pfeln und s\u00fc\u00dfem Knack-Po.<\/span><\/p>\n<p><span style=\"color: #000000;\">Dieses bezaubernde L*der hat mittelblondes, \u00fcber die<\/span><br \/> <span style=\"color: #000000;\">Schultern lange Haare und sch\u00f6ne, schlanke, lange Beine.<\/span><\/p>\n<p><span style=\"color: #000000;\">Lasse Dich verzaubern und genie\u00dfe ihren aktiv\/ passiven<\/span><br \/> <span style=\"color: #000000;\">Service der kaum einen Wunsch offen l\u00e4sst.<\/span><\/p>\n<p><span style=\"color: #000000;\">100% A\/P !<\/span><\/p>\n<p><span style=\"color: #000000;\">Sie verw\u00f6hnt Dich liebevoll und voller Leidenschaft.<\/span><br \/> <span style=\"color: #000000;\">Anf\u00e4nger willkommen.<\/span><\/p>\n<p><span style=\"color: #000000;\"><\/span><\/p>\n<p><strong><span style=\"color: #000000;\">Besuche mich t\u00e4glich in <\/span><\/strong><\/p>\n<h4><strong><span style=\"color: #000000;\">Stade,\u00a0<\/span><\/strong><span color=\"#000000\" style=\"color: #000000;\"><span style=\"caret-color: #000000;\"><b>Harsefelderstr. 18, klingel bei TS Naomi<\/b><\/span><\/span><\/h4>\n<h4 style=\"margin-bottom: 0cm;\"><strong><span style=\"color: #000000;\">Tel: 0176-13629056<\/span><\/strong><\/h4>\n<p>&nbsp;<\/p>\n<p><span style=\"color: #000000;\"><\/span><\/p>\n<p style=\"background-color: transparent; color: #000000; font-family: Arial,Helvetica,sans-serif; font-size: 12px; font-style: normal; font-variant: normal; font-weight: 400; letter-spacing: normal; margin-bottom: 0px; margin-top: 0px; orphans: 2; text-align: left; text-decoration: none; text-indent: 0px; text-transform: none; -webkit-text-stroke-width: 0px; white-space: normal; word-spacing: 0px;\"><span style=\"font-size: 14px; color: #000000;\">Sag mir doch bitte, dass Du mich auf <b><u>stadtgelueste<\/u><\/b><u>.<b>de<\/b><\/u> gefunden hast, die mit der<b> <\/b><u><b>gelben Seite<\/b><\/u>. Danke!<\/span><\/p>\n<p>[\/et_pb_text][\/et_pb_column][\/et_pb_row][\/et_pb_section][et_pb_section fb_built=&#8221;1&#8243; _builder_version=&#8221;3.22.5&#8243; background_color=&#8221;rgba(0,0,0,0)&#8221; custom_padding=&#8221;14px|||||&#8221;][et_pb_row _builder_version=&#8221;3.22.5&#8243;][et_pb_column type=&#8221;4_4&#8243; _builder_version=&#8221;3.22.5&#8243;][et_pb_image src=&#8221;http:\/\/www.stadtgelueste.de\/wp-content\/uploads\/2025\/03\/TS-Naomi9db747ca-16a5-46bf-a033-2a43a8012362.jpg&#8221; align=&#8221;center&#8221; _builder_version=&#8221;3.22.5&#8243; max_width=&#8221;35%&#8221; max_width_phone=&#8221;100%&#8221; max_width_last_edited=&#8221;on|phone&#8221;][\/et_pb_image][et_pb_image src=&#8221;http:\/\/www.stadtgelueste.de\/wp-content\/uploads\/2025\/03\/TS-Naomide9a0594-90fd-4d06-b250-b1c067b9521e.jpg&#8221; align=&#8221;center&#8221; _builder_version=&#8221;3.22.5&#8243; max_width=&#8221;35%&#8221; max_width_phone=&#8221;100%&#8221; max_width_last_edited=&#8221;on|phone&#8221;][\/et_pb_image][et_pb_image src=&#8221;http:\/\/www.stadtgelueste.de\/wp-content\/uploads\/2025\/03\/TS-Naomicd18a6a4-3e53-430f-bf57-692f7ed3b481.jpg&#8221; align=&#8221;center&#8221; _builder_version=&#8221;3.22.5&#8243; max_width=&#8221;35%&#8221; max_width_phone=&#8221;100%&#8221; max_width_last_edited=&#8221;on|phone&#8221;][\/et_pb_image][et_pb_image src=&#8221;http:\/\/www.stadtgelueste.de\/wp-content\/uploads\/2025\/03\/TS-Naomi0a67405a-68da-4e24-b526-13424a2863a3.jpg&#8221; align=&#8221;center&#8221; _builder_version=&#8221;3.22.5&#8243; max_width=&#8221;35%&#8221; max_width_phone=&#8221;100%&#8221; max_width_last_edited=&#8221;on|phone&#8221;][\/et_pb_image][et_pb_image src=&#8221;http:\/\/www.stadtgelueste.de\/wp-content\/uploads\/2025\/03\/TS-Naomi0f0f6fa5-4ef6-4866-8b16-d3c33d74d9a8.jpg&#8221; align=&#8221;center&#8221; _builder_version=&#8221;3.22.5&#8243; max_width=&#8221;55%&#8221; max_width_phone=&#8221;100%&#8221; max_width_last_edited=&#8221;on|desktop&#8221;][\/et_pb_image][\/et_pb_column][\/et_pb_row][\/et_pb_section][et_pb_section fb_built=&#8221;1&#8243; _builder_version=&#8221;3.22.5&#8243; background_color=&#8221;rgba(0,0,0,0)&#8221;][\/et_pb_section]<\/p>\n","protected":false},"excerpt":{"rendered":"<p>[et_pb_section fb_built=&#8221;1&#8243; _builder_version=&#8221;3.22.5&#8243; background_color=&#8221;rgba(0,0,0,0)&#8221; min_height=&#8221;204px&#8221; custom_padding=&#8221;0px||0px||true|&#8221;][et_pb_row _builder_version=&#8221;3.22.5&#8243;][et_pb_column type=&#8221;4_4&#8243; _builder_version=&#8221;3.22.5&#8243;][et_pb_post_title meta=&#8221;off&#8221; featured_image=&#8221;off&#8221; _builder_version=&#8221;3.22.5&#8243; text_orientation=&#8221;center&#8221; text_shadow_style=&#8221;preset1&#8243;][\/et_pb_post_title][\/et_pb_column][\/et_pb_row][\/et_pb_section][et_pb_section fb_built=&#8221;1&#8243; _builder_version=&#8221;3.22.5&#8243; background_color=&#8221;rgba(0,0,0,0)&#8221;][et_pb_row _builder_version=&#8221;3.22.5&#8243;][et_pb_column type=&#8221;4_4&#8243; _builder_version=&#8221;3.22.5&#8243;][et_pb_text _builder_version=&#8221;3.22.5&#8243;] TS Naomi NUR MIT TERMINE! 30MIN DAVOR TS NAOMI! Bildh\u00fcbsche TS, fraulich schlank mit scharfen Liebes \u00c4pfeln und s\u00fc\u00dfem Knack-Po. Dieses bezaubernde L*der hat mittelblondes, \u00fcber die Schultern lange Haare und sch\u00f6ne, schlanke, lange [&hellip;]<\/p>\n","protected":false},"author":1,"featured_media":26396,"parent":185,"menu_order":300,"comment_status":"closed","ping_status":"closed","template":"","meta":{"_et_pb_use_builder":"on","_et_pb_old_content":""},"yoast_head":"<!-- This site is optimized with the Yoast SEO plugin v14.9 - https:\/\/yoast.com\/wordpress\/plugins\/seo\/ -->\n<title>Trans Naomi in Stade - Stadtgelueste.de - Sex, ficken in Trans Naomi in Stade<\/title>\n<meta name=\"description\" content=\"Trans Naomi in Stade - Begleitservice, ficken in stade, huren, nutten, sexdates, stadtgel\u00fcste, nutten in buxtehude, ficken in Harburg, nutten in harburg.\" \/>\n<meta name=\"robots\" content=\"index, follow, max-snippet:-1, max-image-preview:large, max-video-preview:-1\" \/>\n<link rel=\"canonical\" href=\"https:\/\/www.stadtgelueste.de\/?page_id=26393\" \/>\n<meta property=\"og:locale\" content=\"de_DE\" \/>\n<meta property=\"og:type\" content=\"article\" \/>\n<meta property=\"og:title\" content=\"Trans Naomi in Stade - Stadtgelueste.de - Sex, ficken in Trans Naomi in Stade\" \/>\n<meta property=\"og:description\" content=\"Trans Naomi in Stade - Begleitservice, ficken in stade, huren, nutten, sexdates, stadtgel\u00fcste, nutten in buxtehude, ficken in Harburg, nutten in harburg.\" \/>\n<meta property=\"og:url\" content=\"https:\/\/www.stadtgelueste.de\/?page_id=26393\" \/>\n<meta property=\"og:site_name\" content=\"Stadtgelueste.de\" \/>\n<meta property=\"article:modified_time\" content=\"2026-04-04T08:32:58+00:00\" \/>\n<meta property=\"og:image\" content=\"https:\/\/www.stadtgelueste.de\/wp-content\/uploads\/2025\/03\/TS-Naomi9db747ca-16a5-46bf-a033-2a43a8012362.jpg\" \/>\n\t<meta property=\"og:image:width\" content=\"919\" \/>\n\t<meta property=\"og:image:height\" content=\"932\" \/>\n<meta name=\"twitter:card\" content=\"summary_large_image\" \/>\n<script type=\"application\/ld+json\" class=\"yoast-schema-graph\">{\"@context\":\"https:\/\/schema.org\",\"@graph\":[{\"@type\":\"Organization\",\"@id\":\"https:\/\/www.stadtgelueste.de\/#organization\",\"name\":\"Stadtgelueste.de\",\"url\":\"https:\/\/www.stadtgelueste.de\/\",\"sameAs\":[],\"logo\":{\"@type\":\"ImageObject\",\"@id\":\"https:\/\/www.stadtgelueste.de\/#logo\",\"inLanguage\":\"de-DE\",\"url\":\"https:\/\/www.stadtgelueste.de\/wp-content\/uploads\/2020\/09\/logoneuschwarz.png\",\"width\":960,\"height\":560,\"caption\":\"Stadtgelueste.de\"},\"image\":{\"@id\":\"https:\/\/www.stadtgelueste.de\/#logo\"}},{\"@type\":\"WebSite\",\"@id\":\"https:\/\/www.stadtgelueste.de\/#website\",\"url\":\"https:\/\/www.stadtgelueste.de\/\",\"name\":\"Stadtgelueste.de\",\"description\":\"\",\"publisher\":{\"@id\":\"https:\/\/www.stadtgelueste.de\/#organization\"},\"potentialAction\":[{\"@type\":\"SearchAction\",\"target\":\"https:\/\/www.stadtgelueste.de\/?s={search_term_string}\",\"query-input\":\"required name=search_term_string\"}],\"inLanguage\":\"de-DE\"},{\"@type\":\"ImageObject\",\"@id\":\"https:\/\/www.stadtgelueste.de\/?page_id=26393#primaryimage\",\"inLanguage\":\"de-DE\",\"url\":\"https:\/\/www.stadtgelueste.de\/wp-content\/uploads\/2025\/03\/TS-Naomi9db747ca-16a5-46bf-a033-2a43a8012362.jpg\",\"width\":919,\"height\":932},{\"@type\":\"WebPage\",\"@id\":\"https:\/\/www.stadtgelueste.de\/?page_id=26393#webpage\",\"url\":\"https:\/\/www.stadtgelueste.de\/?page_id=26393\",\"name\":\"Trans Naomi in Stade - Stadtgelueste.de - Sex, ficken in Trans Naomi in Stade\",\"isPartOf\":{\"@id\":\"https:\/\/www.stadtgelueste.de\/#website\"},\"primaryImageOfPage\":{\"@id\":\"https:\/\/www.stadtgelueste.de\/?page_id=26393#primaryimage\"},\"datePublished\":\"2026-04-04T21:59:44+00:00\",\"dateModified\":\"2026-04-04T08:32:58+00:00\",\"description\":\"Trans Naomi in Stade - Begleitservice, ficken in stade, huren, nutten, sexdates, stadtgel\\u00fcste, nutten in buxtehude, ficken in Harburg, nutten in harburg.\",\"inLanguage\":\"de-DE\",\"potentialAction\":[{\"@type\":\"ReadAction\",\"target\":[\"https:\/\/www.stadtgelueste.de\/?page_id=26393\"]}]}]}<\/script>\n<!-- \/ Yoast SEO plugin. -->","_links":{"self":[{"href":"https:\/\/www.stadtgelueste.de\/index.php?rest_route=\/wp\/v2\/pages\/26393"}],"collection":[{"href":"https:\/\/www.stadtgelueste.de\/index.php?rest_route=\/wp\/v2\/pages"}],"about":[{"href":"https:\/\/www.stadtgelueste.de\/index.php?rest_route=\/wp\/v2\/types\/page"}],"author":[{"embeddable":true,"href":"https:\/\/www.stadtgelueste.de\/index.php?rest_route=\/wp\/v2\/users\/1"}],"replies":[{"embeddable":true,"href":"https:\/\/www.stadtgelueste.de\/index.php?rest_route=%2Fwp%2Fv2%2Fcomments&post=26393"}],"version-history":[{"count":7,"href":"https:\/\/www.stadtgelueste.de\/index.php?rest_route=\/wp\/v2\/pages\/26393\/revisions"}],"predecessor-version":[{"id":33202,"href":"https:\/\/www.stadtgelueste.de\/index.php?rest_route=\/wp\/v2\/pages\/26393\/revisions\/33202"}],"up":[{"embeddable":true,"href":"https:\/\/www.stadtgelueste.de\/index.php?rest_route=\/wp\/v2\/pages\/185"}],"wp:featuredmedia":[{"embeddable":true,"href":"https:\/\/www.stadtgelueste.de\/index.php?rest_route=\/wp\/v2\/media\/26396"}],"wp:attachment":[{"href":"https:\/\/www.stadtgelueste.de\/index.php?rest_route=%2Fwp%2Fv2%2Fmedia&parent=26393"}],"curies":[{"name":"wp","href":"https:\/\/api.w.org\/{rel}","templated":true}]}}