{"id":25809,"date":"2026-05-10T12:38:39","date_gmt":"2026-05-10T10:38:39","guid":{"rendered":"http:\/\/www.stadtgelueste.de\/?page_id=25809"},"modified":"2026-05-10T12:41:47","modified_gmt":"2026-05-10T10:41:47","slug":"rosse-in-horneburg","status":"publish","type":"page","link":"https:\/\/www.stadtgelueste.de\/?page_id=25809","title":{"rendered":"Julia in Horneburg"},"content":{"rendered":"<p>[et_pb_section fb_built=&#8221;1&#8243; _builder_version=&#8221;3.22.5&#8243; background_color=&#8221;rgba(0,0,0,0)&#8221; min_height=&#8221;204px&#8221; custom_padding=&#8221;0px||0px||true|&#8221;][\/et_pb_section][et_pb_section fb_built=&#8221;1&#8243; _builder_version=&#8221;3.22.5&#8243; background_color=&#8221;rgba(0,0,0,0)&#8221; custom_padding=&#8221;2px|||||&#8221;][et_pb_row _builder_version=&#8221;3.22.5&#8243;][et_pb_column type=&#8221;4_4&#8243; _builder_version=&#8221;3.22.5&#8243;][et_pb_post_title meta=&#8221;off&#8221; featured_image=&#8221;off&#8221; _builder_version=&#8221;3.22.5&#8243; title_font=&#8221;||||||||&#8221; border_color_all=&#8221;#f200da&#8221; text_orientation=&#8221;center&#8221; text_shadow_style=&#8221;preset1&#8243;][\/et_pb_post_title][et_pb_button button_url=&#8221;#Bilder&#8221; button_text=&#8221;Zu den Bildern&#8221; button_alignment=&#8221;center&#8221; _builder_version=&#8221;3.22.5&#8243; custom_button=&#8221;on&#8221; button_text_size=&#8221;15px&#8221; button_text_color=&#8221;#f500f9&#8243; button_bg_color=&#8221;#c9c9c9&#8243; button_font=&#8221;||||||||&#8221; button_icon=&#8221;%%18%%&#8221;][\/et_pb_button][et_pb_divider color=&#8221;#f400f0&#8243; _builder_version=&#8221;3.22.5&#8243;][\/et_pb_divider][et_pb_text _builder_version=&#8221;3.22.5&#8243;]<\/p>\n<p><span style=\"color: #000000;\"><\/span><\/p>\n<p><span style=\"color: #000000;\">Willkommen auf meinem Profil<\/span><br \/> <span style=\"color: #000000;\"> Z\u00e4rtlicher Service :<\/span><br \/> <span style=\"color: #000000;\"> Ich hoffe es gef\u00e4llt euch, was ihr da sieht&#8230;Meine Bilder sind 100% echt &amp; aktuell Meine gro\u00dfen Br\u00fcste sind nat\u00fcrlich !Ich bin offen, freundlich und immer gut gelaunt. Ohne Starall\u00fcren!!! Du findest in mir, was Du schon immer gesucht hast: eine gut aussehende Frau mit Herz und Verstand, eine verst\u00e4ndnisvolle Gespr\u00e4chspartnerin, eine hem***lose Geliebte. Ich liebe Massage mit hei\u00dfem \u00d6l&#8230; Romantischer S*x&#8230;. .und sonst alles, was Spa\u00df macht. Ich kann Dir einen sch\u00f6nen, warmen, entspannenden Ort anbieten und m\u00f6chte, dass du dich bei mir wohl f\u00fchlst.. Wir k\u00f6nnen eine sch\u00f6ne Zeit voller Leidenschaft und unvergesslicher Momente zusammen verbringen. Ich werde Dir den Atem und den Verstand rauben&#8230;.. Lass dich verf\u00fchren und verw\u00f6hnen. .<\/span><br \/> <span style=\"color: #000000;\"> DU FINDEST MICH IN EINER SEHR DISKRETEN PRIVAT WOHNUNG<\/span><br \/> <span style=\"color: #000000;\"> Lass dich verw\u00f6hnen! Ich habe es nie eilig &#8230;&#8230;.Ein sch\u00f6nes Treffen, ganz ohne Zeitdruck funktioniert am besten, wenn Du Dir auch die Zeit f\u00fcr Dich nimmst. Ich treffe mich am liebsten f\u00fcr eine sch\u00f6ne Stunde aber auch gerne f\u00fcr einen k\u00fcrzeren Zeitraum.<\/span><br \/> <span style=\"color: #000000;\"> Strumpfhosen, Str\u00fcmpfe, Netzstr\u00fcmpfe, Dessous, High-Heels , Latex, Handschellen, Sexy Handschuhe.,D*ld*s<\/span><br \/> <span style=\"color: #000000;\"> Jeder nette Gast auch REIFERE HERREN sind Herzlich Willkommen<\/span><\/p>\n<p><span style=\"color: #000000;\">Mit Termine, kein Stress. Alternativ k\u00f6nnen Sie mir auch 10 Minuten im Voraus Bescheid geben.<\/span><\/p>\n<p><span style=\"color: #000000;\">\u00a0<\/span><span style=\"color: #000000;\">Dominanz-Spi*le<\/span><br \/> <span style=\"color: #000000;\"> Ich lade auch Gentlemen ein, die Dominanz\/SM m\u00f6gen . &#8230;. Wir treffen uns im Internet. Ich lade Sie zu mir ein. Wenn du mich besuchst, werde ich dich f*ltern und sexuell m**br***en. Du wirst verwirrt, verloren und du wirst es lieben! Ich treibe dich in den Wahnsinn und du wirst nur eines wollen, mehr von Mir!<\/span><\/p>\n<h4><span style=\"color: #000000;\"><\/span><\/h4>\n<h4><span style=\"color: #000000;\">Besuche mich t\u00e4glich in\u00a0<\/span><\/h4>\n<h3><strong><span style=\"color: #000000;\">Horneburg, Lange Str. 35, klingel bei K\u00f6nig<\/span><\/strong><\/h3>\n<h3><strong><span style=\"color: #000000;\">Tel.: 0163-6524226<\/span><\/strong><\/h3>\n<p><strong><span style=\"color: #000000;\"><\/span><\/strong><\/p>\n<p><span style=\"text-decoration: underline;\"><span style=\"color: #000000; text-decoration: underline;\">Zu Mir:<\/span><\/span><\/p>\n<p><span style=\"color: #000000;\">Alter 30 Jahre, Gr\u00f6\u00dfe: 170 cm, Oberweite: 80 F, Konfektionsgr\u00f6\u00dfe: 38, total rasiert, Augen: braun, Sprachen: Deutsch\/Englisch\/Spanisch<\/span><\/p>\n<p><span style=\"text-decoration: underline; color: #000000;\">Mein Service:<\/span><br \/> <span style=\"color: #000000;\"> GV<\/span><br \/> <span style=\"color: #000000;\"> AV<\/span><br \/> <span style=\"color: #000000;\"> Franz.<\/span><br \/> <span style=\"color: #000000;\"> Franz. bei Ihr<\/span><br \/> <span style=\"color: #000000;\"> Franz. beidseitig<\/span><br \/> <span style=\"color: #000000;\"> D*p Thr*t<\/span><br \/> <span style=\"color: #000000;\"> Span. \/ BV<\/span><br \/> <span style=\"color: #000000;\"> GF6<\/span><br \/> <span style=\"color: #000000;\"> Zu dritt (MMF)<\/span><br \/> <span style=\"color: #000000;\"> Flotter Dreier (MFF)<\/span><br \/> <span style=\"color: #000000;\"> Service f\u00fcr<\/span><br \/> <span style=\"color: #000000;\"> Herren<\/span><br \/> <span style=\"color: #000000;\"> Service<\/span><br \/> <span style=\"color: #000000;\"> Schmusen, Kuscheln<\/span><br \/> <span style=\"color: #000000;\"> AV bei Ihm<\/span><br \/> <span style=\"color: #000000;\"> DS aktiv<\/span><br \/> <span style=\"color: #000000;\"> DS passiv<\/span><br \/> <span style=\"color: #000000;\"> FA \/ An*l-Massagen aktiv<\/span><br \/> <span style=\"color: #000000;\"> FA \/ An*l-Massagen passiv<\/span><br \/> <span style=\"color: #000000;\"> KB passiv<\/span><br \/> <span style=\"color: #000000;\"> Fingerspiele aktiv<\/span><br \/> <span style=\"color: #000000;\"> Fingerspiele passiv<\/span><br \/> <span style=\"color: #000000;\"> Mast.<\/span><br \/> <span style=\"color: #000000;\"> Badeservice<\/span><br \/> <span style=\"color: #000000;\"> Duschservice<\/span><br \/> <span style=\"color: #000000;\"> extra langes Vorspiel<\/span><br \/> <span style=\"color: #000000;\"> RS<\/span><br \/> <span style=\"color: #000000;\"> Fu\u00df- \/ Schuherotik<\/span><br \/> <span style=\"color: #000000;\"> Verbalerotik<\/span><br \/> <span style=\"color: #000000;\"> Strapserotik<\/span><br \/> <span style=\"color: #000000;\"> Nylonerotik<\/span><br \/> <span style=\"color: #000000;\"> Massagen<\/span><br \/> <span style=\"color: #000000;\"> erot. Massagen<\/span><br \/> <span style=\"color: #000000;\"> HE<\/span><br \/> <span style=\"color: #000000;\"> Body-to-Body-Massage<\/span><br \/> <span style=\"color: #000000;\"> Thai-Massage<\/span><br \/> <span style=\"color: #000000;\"> Ganzk\u00f6rpermassage<\/span><br \/> <span style=\"color: #000000;\"> Intim-Massagen<\/span><br \/> <span style=\"color: #000000;\"> \u00d6l-Massage<\/span><br \/> <span style=\"color: #000000;\"> Pr*stata-Massage<\/span><br \/> <span style=\"color: #000000;\"> Po-Massage<\/span><br \/> <span style=\"color: #000000;\"> Spanische-Massage<\/span><br \/> <span style=\"color: #000000;\"> Bizarr-Massage<\/span><br \/> <span style=\"color: #000000;\"> Fetisch \/ Softbizarr<\/span><br \/> <span style=\"color: #000000;\"> Dom. Biz.-Spielchen<\/span><br \/> <span style=\"color: #000000;\"> Fetisch-Spielchen<\/span><br \/> <span style=\"color: #000000;\"> Lack u. Leder<\/span><br \/> <span style=\"color: #000000;\"> FS<\/span><br \/> <span style=\"color: #000000;\"> leichte Erz.<\/span><br \/> <span style=\"color: #000000;\"> sanfte Schl.<\/span><br \/> <span style=\"color: #000000;\"> NS aktiv<\/span><br \/> <span style=\"color: #000000;\"> FF aktiv<\/span><br \/> <span style=\"color: #000000;\"> Fess.-Spielchen aktiv<\/span><br \/> <span style=\"color: #000000;\"> Bru*tw.-Spiele aktiv<\/span><br \/> <span style=\"color: #000000;\"> Bizarr Pers\u00f6nlichkeit<\/span><br \/> <span style=\"color: #000000;\"> nahbare Domina<\/span><br \/> <span style=\"color: #000000;\"> Bizarr Service<\/span><br \/> <span style=\"color: #000000;\"> Abstraf.<\/span><br \/> <span style=\"color: #000000;\"> A*lbeh.<\/span><br \/> <span style=\"color: #000000;\"> A*ldeh.<\/span><br \/> <span style=\"color: #000000;\"> Benut.-Spiele<\/span><br \/> <span style=\"color: #000000;\"> Bondage \/ Fess*ung<\/span><br \/> <span style=\"color: #000000;\"> BW-Behandl.<\/span><br \/> <span style=\"color: #000000;\"> CBT<\/span><br \/> <span style=\"color: #000000;\"> Crushing<\/span><br \/> <span style=\"color: #000000;\"> Deh*ungs-Spiele<\/span><br \/> <span style=\"color: #000000;\"> Dem.<\/span><br \/> <span style=\"color: #000000;\"> Disziplinierungen<\/span><br \/> <span style=\"color: #000000;\"> Eis-Behandl.<\/span><br \/> <span style=\"color: #000000;\"> Engl. Erz.<\/span><br \/> <span style=\"color: #000000;\"> Ernied.<\/span><br \/> <span style=\"color: #000000;\"> Erz.<\/span><br \/> <span style=\"color: #000000;\"> FS (prof.)<\/span><br \/> <span style=\"color: #000000;\"> Feminisierung<\/span><br \/> <span style=\"color: #000000;\"> Flag.<\/span><br \/> <span style=\"color: #000000;\"> Folien<\/span><br \/> <span style=\"color: #000000;\"> Fu\u00df- u. Schuherotik (prof.)<\/span><br \/> <span style=\"color: #000000;\"> Ho*enbehan.<\/span><br \/> <span style=\"color: #000000;\"> High Heels-Fetisch<\/span><br \/> <span style=\"color: #000000;\"> Kne*el und Ma*ken<\/span><br \/> <span style=\"color: #000000;\"> Lack und Leder (prof.)<\/span><br \/> <span style=\"color: #000000;\"> Nylons- \/ Strumpf-Erot. (prof.)<\/span><br \/> <span style=\"color: #000000;\"> Pet-Play<\/span><br \/> <span style=\"color: #000000;\"> Rohrst.-Erz.<\/span><br \/> <span style=\"color: #000000;\"> prof. RS<\/span><br \/> <span style=\"color: #000000;\"> Spanking<\/span><br \/> <span style=\"color: #000000;\"> Stiefel-Erotik<\/span><br \/> <span style=\"color: #000000;\"> strenge Massagen<\/span><br \/> <span style=\"color: #000000;\"> Tr*mpl*ng<\/span><br \/> <span style=\"color: #000000;\"> Untersuchungen<\/span><br \/> <span style=\"color: #000000;\"> Verb. Ern.<\/span><br \/> <span style=\"color: #000000;\"> Verbalerotik (prof.)<\/span><br \/> <span style=\"color: #000000;\"> weitere auf Anfrage<\/span><\/p>\n<p><span style=\"font-size: 14px; color: #000000;\"><span style=\"display: inline !important; float: none; background-color: transparent; font-family: Arial, Helvetica, sans-serif; font-size: 15px; font-style: normal; font-variant: normal; font-weight: 400; letter-spacing: normal; text-align: left; text-decoration: none; text-indent: 0px; text-transform: none; -webkit-text-stroke-width: 0px; white-space: normal; word-spacing: 0px;\">Sag mir doch bitte, dass Du mich auf <\/span><b style=\"background-color: transparent; font-family: Arial, Helvetica, sans-serif; font-size: 15px; font-style: normal; font-variant: normal; font-weight: bold; letter-spacing: normal; text-align: left; text-decoration: none; text-indent: 0px; text-transform: none; -webkit-text-stroke-width: 0px; white-space: normal; word-spacing: 0px;\"><u>stadtgelueste<\/u><\/b><u style=\"background-color: transparent; font-family: Arial, Helvetica, sans-serif; font-size: 15px; font-style: normal; font-variant: normal; font-weight: 400; letter-spacing: normal; text-align: left; text-decoration: underline; text-indent: 0px; text-transform: none; -webkit-text-stroke-width: 0px; white-space: normal; word-spacing: 0px;\">.<b>de<\/b><\/u><span style=\"display: inline !important; float: none; background-color: transparent; font-family: Arial, Helvetica, sans-serif; font-size: 15px; font-style: normal; font-variant: normal; font-weight: 400; letter-spacing: normal; text-align: left; text-decoration: none; text-indent: 0px; text-transform: none; -webkit-text-stroke-width: 0px; white-space: normal; word-spacing: 0px;\"> gefunden hast, die mit der<\/span><b style=\"background-color: transparent; font-family: Arial, Helvetica, sans-serif; font-size: 15px; font-style: normal; font-variant: normal; font-weight: bold; letter-spacing: normal; text-align: left; text-decoration: none; text-indent: 0px; text-transform: none; -webkit-text-stroke-width: 0px; white-space: normal; word-spacing: 0px;\"> <\/b><u style=\"background-color: transparent; font-family: Arial, Helvetica, sans-serif; font-size: 15px; font-style: normal; font-variant: normal; font-weight: 400; letter-spacing: normal; text-align: left; text-decoration: underline; text-indent: 0px; text-transform: none; -webkit-text-stroke-width: 0px; white-space: normal; word-spacing: 0px;\"><b>gelben Seite<\/b><\/u><span style=\"display: inline !important; float: none; background-color: transparent; font-family: Arial, Helvetica, sans-serif; font-size: 15px; font-style: normal; font-variant: normal; font-weight: 400; letter-spacing: normal; text-align: left; text-decoration: none; text-indent: 0px; text-transform: none; -webkit-text-stroke-width: 0px; white-space: normal; word-spacing: 0px;\">. Danke!<\/span><\/span><\/p>\n<p>[\/et_pb_text][\/et_pb_column][\/et_pb_row][et_pb_row _builder_version=&#8221;3.22.5&#8243;][et_pb_column type=&#8221;4_4&#8243; _builder_version=&#8221;3.22.5&#8243;][et_pb_divider color=&#8221;#f400f0&#8243; module_id=&#8221;Bilder&#8221; _builder_version=&#8221;3.22.5&#8243;][\/et_pb_divider][dsm_perspective_image src=&#8221;http:\/\/www.stadtgelueste.de\/wp-content\/uploads\/2026\/05\/Julia-AmeliaBild-32.jpg&#8221; align=&#8221;center&#8221; _builder_version=&#8221;3.22.5&#8243; max_width=&#8221;35%&#8221; max_width_phone=&#8221;100%&#8221; max_width_last_edited=&#8221;on|phone&#8221;][\/dsm_perspective_image][dsm_perspective_image src=&#8221;http:\/\/www.stadtgelueste.de\/wp-content\/uploads\/2026\/05\/Julia-AmeliaBild-34.jpg&#8221; align=&#8221;center&#8221; _builder_version=&#8221;3.22.5&#8243; max_width=&#8221;35%&#8221; max_width_phone=&#8221;100%&#8221; max_width_last_edited=&#8221;on|phone&#8221;][\/dsm_perspective_image][dsm_perspective_image src=&#8221;http:\/\/www.stadtgelueste.de\/wp-content\/uploads\/2026\/05\/Julia-AmeliaBild-35.jpg&#8221; align=&#8221;center&#8221; _builder_version=&#8221;3.22.5&#8243; max_width=&#8221;35%&#8221; max_width_phone=&#8221;100%&#8221; max_width_last_edited=&#8221;on|phone&#8221;][\/dsm_perspective_image][dsm_perspective_image src=&#8221;http:\/\/www.stadtgelueste.de\/wp-content\/uploads\/2026\/05\/Julia-AmeliaBild-36.jpg&#8221; align=&#8221;center&#8221; _builder_version=&#8221;3.22.5&#8243; max_width=&#8221;35%&#8221; max_width_phone=&#8221;100%&#8221; max_width_last_edited=&#8221;on|phone&#8221;][\/dsm_perspective_image][dsm_perspective_image src=&#8221;http:\/\/www.stadtgelueste.de\/wp-content\/uploads\/2026\/05\/Julia-AmeliaBild-37.jpg&#8221; align=&#8221;center&#8221; _builder_version=&#8221;3.22.5&#8243; width=&#8221;55%&#8221; width_phone=&#8221;100%&#8221; width_last_edited=&#8221;on|phone&#8221; max_width=&#8221;35%&#8221; max_width_phone=&#8221;100%&#8221; max_width_last_edited=&#8221;on|phone&#8221;][\/dsm_perspective_image][dsm_perspective_image src=&#8221;http:\/\/www.stadtgelueste.de\/wp-content\/uploads\/2026\/05\/Julia-AmeliaBild-38.jpg&#8221; align=&#8221;center&#8221; _builder_version=&#8221;3.22.5&#8243; width=&#8221;55%&#8221; width_phone=&#8221;100%&#8221; width_last_edited=&#8221;on|phone&#8221; max_width=&#8221;35%&#8221; max_width_phone=&#8221;100%&#8221; max_width_last_edited=&#8221;on|phone&#8221;][\/dsm_perspective_image][dsm_perspective_image src=&#8221;http:\/\/www.stadtgelueste.de\/wp-content\/uploads\/2026\/05\/Julia-AmeliaBild-40.jpg&#8221; align=&#8221;center&#8221; _builder_version=&#8221;3.22.5&#8243; width=&#8221;55%&#8221; width_phone=&#8221;100%&#8221; width_last_edited=&#8221;on|phone&#8221; max_width=&#8221;35%&#8221; max_width_phone=&#8221;100%&#8221; max_width_last_edited=&#8221;on|phone&#8221;][\/dsm_perspective_image][dsm_perspective_image src=&#8221;http:\/\/www.stadtgelueste.de\/wp-content\/uploads\/2026\/05\/Julia-AmeliaBild-39.jpg&#8221; align=&#8221;center&#8221; _builder_version=&#8221;3.22.5&#8243; width=&#8221;55%&#8221; width_phone=&#8221;100%&#8221; width_last_edited=&#8221;on|phone&#8221; max_width=&#8221;55%&#8221; max_width_phone=&#8221;100%&#8221; max_width_last_edited=&#8221;on|phone&#8221;][\/dsm_perspective_image][dsm_perspective_image src=&#8221;http:\/\/www.stadtgelueste.de\/wp-content\/uploads\/2026\/05\/Julia-AmeliaBild-33.jpg&#8221; align=&#8221;center&#8221; _builder_version=&#8221;3.22.5&#8243; width=&#8221;55%&#8221; width_phone=&#8221;100%&#8221; width_last_edited=&#8221;on|phone&#8221; max_width=&#8221;55%&#8221; max_width_phone=&#8221;100%&#8221; max_width_last_edited=&#8221;on|phone&#8221;][\/dsm_perspective_image][\/et_pb_column][\/et_pb_row][\/et_pb_section][et_pb_section fb_built=&#8221;1&#8243; _builder_version=&#8221;3.22.5&#8243; background_color=&#8221;rgba(0,0,0,0)&#8221;][\/et_pb_section]<\/p>\n","protected":false},"excerpt":{"rendered":"<p>[et_pb_section fb_built=&#8221;1&#8243; _builder_version=&#8221;3.22.5&#8243; background_color=&#8221;rgba(0,0,0,0)&#8221; min_height=&#8221;204px&#8221; custom_padding=&#8221;0px||0px||true|&#8221;][\/et_pb_section][et_pb_section fb_built=&#8221;1&#8243; _builder_version=&#8221;3.22.5&#8243; background_color=&#8221;rgba(0,0,0,0)&#8221; custom_padding=&#8221;2px|||||&#8221;][et_pb_row _builder_version=&#8221;3.22.5&#8243;][et_pb_column type=&#8221;4_4&#8243; _builder_version=&#8221;3.22.5&#8243;][et_pb_post_title meta=&#8221;off&#8221; featured_image=&#8221;off&#8221; _builder_version=&#8221;3.22.5&#8243; title_font=&#8221;||||||||&#8221; border_color_all=&#8221;#f200da&#8221; text_orientation=&#8221;center&#8221; text_shadow_style=&#8221;preset1&#8243;][\/et_pb_post_title][et_pb_button button_url=&#8221;#Bilder&#8221; button_text=&#8221;Zu den Bildern&#8221; button_alignment=&#8221;center&#8221; _builder_version=&#8221;3.22.5&#8243; custom_button=&#8221;on&#8221; button_text_size=&#8221;15px&#8221; button_text_color=&#8221;#f500f9&#8243; button_bg_color=&#8221;#c9c9c9&#8243; button_font=&#8221;||||||||&#8221; button_icon=&#8221;%%18%%&#8221;][\/et_pb_button][et_pb_divider color=&#8221;#f400f0&#8243; _builder_version=&#8221;3.22.5&#8243;][\/et_pb_divider][et_pb_text _builder_version=&#8221;3.22.5&#8243;] Willkommen auf meinem Profil Z\u00e4rtlicher Service : Ich hoffe es gef\u00e4llt euch, was ihr da sieht&#8230;Meine Bilder sind 100% echt [&hellip;]<\/p>\n","protected":false},"author":1,"featured_media":33754,"parent":194,"menu_order":300,"comment_status":"closed","ping_status":"closed","template":"","meta":{"_et_pb_use_builder":"on","_et_pb_old_content":""},"yoast_head":"<!-- This site is optimized with the Yoast SEO plugin v14.9 - https:\/\/yoast.com\/wordpress\/plugins\/seo\/ -->\n<title>Stadtgelueste.de - Sex, ficken Julia in Horneburg<\/title>\n<meta name=\"description\" content=\"Julia in Horneburg - Begleitservice, ficken in stade, huren, nutten, sexdates, stadtgel\u00fcste, nutten in buxtehude, ficken in Harburg, nutten in harburg.\" \/>\n<meta name=\"robots\" content=\"index, follow, max-snippet:-1, max-image-preview:large, max-video-preview:-1\" \/>\n<link rel=\"canonical\" href=\"http:\/\/www.stadtgelueste.de\/?page_id=25809\" \/>\n<meta property=\"og:locale\" content=\"de_DE\" \/>\n<meta property=\"og:type\" content=\"article\" \/>\n<meta property=\"og:title\" content=\"Stadtgelueste.de - Sex, ficken Julia in Horneburg\" \/>\n<meta property=\"og:description\" content=\"Julia in Horneburg - Begleitservice, ficken in stade, huren, nutten, sexdates, stadtgel\u00fcste, nutten in buxtehude, ficken in Harburg, nutten in harburg.\" \/>\n<meta property=\"og:url\" content=\"http:\/\/www.stadtgelueste.de\/?page_id=25809\" \/>\n<meta property=\"og:site_name\" content=\"Stadtgelueste.de\" \/>\n<meta property=\"article:modified_time\" content=\"2026-05-10T10:41:47+00:00\" \/>\n<meta property=\"og:image\" content=\"https:\/\/www.stadtgelueste.de\/wp-content\/uploads\/2026\/05\/Julia-AmeliaBild-32.jpg\" \/>\n\t<meta property=\"og:image:width\" content=\"400\" \/>\n\t<meta property=\"og:image:height\" content=\"600\" \/>\n<meta name=\"twitter:card\" content=\"summary_large_image\" \/>\n<script type=\"application\/ld+json\" class=\"yoast-schema-graph\">{\"@context\":\"https:\/\/schema.org\",\"@graph\":[{\"@type\":\"Organization\",\"@id\":\"https:\/\/www.stadtgelueste.de\/#organization\",\"name\":\"Stadtgelueste.de\",\"url\":\"https:\/\/www.stadtgelueste.de\/\",\"sameAs\":[],\"logo\":{\"@type\":\"ImageObject\",\"@id\":\"https:\/\/www.stadtgelueste.de\/#logo\",\"inLanguage\":\"de-DE\",\"url\":\"https:\/\/www.stadtgelueste.de\/wp-content\/uploads\/2020\/09\/logoneuschwarz.png\",\"width\":960,\"height\":560,\"caption\":\"Stadtgelueste.de\"},\"image\":{\"@id\":\"https:\/\/www.stadtgelueste.de\/#logo\"}},{\"@type\":\"WebSite\",\"@id\":\"https:\/\/www.stadtgelueste.de\/#website\",\"url\":\"https:\/\/www.stadtgelueste.de\/\",\"name\":\"Stadtgelueste.de\",\"description\":\"\",\"publisher\":{\"@id\":\"https:\/\/www.stadtgelueste.de\/#organization\"},\"potentialAction\":[{\"@type\":\"SearchAction\",\"target\":\"https:\/\/www.stadtgelueste.de\/?s={search_term_string}\",\"query-input\":\"required name=search_term_string\"}],\"inLanguage\":\"de-DE\"},{\"@type\":\"ImageObject\",\"@id\":\"http:\/\/www.stadtgelueste.de\/?page_id=25809#primaryimage\",\"inLanguage\":\"de-DE\",\"url\":\"https:\/\/www.stadtgelueste.de\/wp-content\/uploads\/2026\/05\/Julia-AmeliaBild-32.jpg\",\"width\":400,\"height\":600},{\"@type\":\"WebPage\",\"@id\":\"http:\/\/www.stadtgelueste.de\/?page_id=25809#webpage\",\"url\":\"http:\/\/www.stadtgelueste.de\/?page_id=25809\",\"name\":\"Stadtgelueste.de - Sex, ficken Julia in Horneburg\",\"isPartOf\":{\"@id\":\"https:\/\/www.stadtgelueste.de\/#website\"},\"primaryImageOfPage\":{\"@id\":\"http:\/\/www.stadtgelueste.de\/?page_id=25809#primaryimage\"},\"datePublished\":\"2026-05-10T10:38:39+00:00\",\"dateModified\":\"2026-05-10T10:41:47+00:00\",\"description\":\"Julia in Horneburg - Begleitservice, ficken in stade, huren, nutten, sexdates, stadtgel\\u00fcste, nutten in buxtehude, ficken in Harburg, nutten in harburg.\",\"inLanguage\":\"de-DE\",\"potentialAction\":[{\"@type\":\"ReadAction\",\"target\":[\"http:\/\/www.stadtgelueste.de\/?page_id=25809\"]}]}]}<\/script>\n<!-- \/ Yoast SEO plugin. -->","_links":{"self":[{"href":"https:\/\/www.stadtgelueste.de\/index.php?rest_route=\/wp\/v2\/pages\/25809"}],"collection":[{"href":"https:\/\/www.stadtgelueste.de\/index.php?rest_route=\/wp\/v2\/pages"}],"about":[{"href":"https:\/\/www.stadtgelueste.de\/index.php?rest_route=\/wp\/v2\/types\/page"}],"author":[{"embeddable":true,"href":"https:\/\/www.stadtgelueste.de\/index.php?rest_route=\/wp\/v2\/users\/1"}],"replies":[{"embeddable":true,"href":"https:\/\/www.stadtgelueste.de\/index.php?rest_route=%2Fwp%2Fv2%2Fcomments&post=25809"}],"version-history":[{"count":7,"href":"https:\/\/www.stadtgelueste.de\/index.php?rest_route=\/wp\/v2\/pages\/25809\/revisions"}],"predecessor-version":[{"id":33765,"href":"https:\/\/www.stadtgelueste.de\/index.php?rest_route=\/wp\/v2\/pages\/25809\/revisions\/33765"}],"up":[{"embeddable":true,"href":"https:\/\/www.stadtgelueste.de\/index.php?rest_route=\/wp\/v2\/pages\/194"}],"wp:featuredmedia":[{"embeddable":true,"href":"https:\/\/www.stadtgelueste.de\/index.php?rest_route=\/wp\/v2\/media\/33754"}],"wp:attachment":[{"href":"https:\/\/www.stadtgelueste.de\/index.php?rest_route=%2Fwp%2Fv2%2Fmedia&parent=25809"}],"curies":[{"name":"wp","href":"https:\/\/api.w.org\/{rel}","templated":true}]}}