{"id":25177,"date":"2026-05-16T23:59:59","date_gmt":"2026-05-16T21:59:59","guid":{"rendered":"http:\/\/www.stadtgelueste.de\/?page_id=25177"},"modified":"2026-05-16T08:53:22","modified_gmt":"2026-05-16T06:53:22","slug":"vivian-in-stade","status":"publish","type":"page","link":"https:\/\/www.stadtgelueste.de\/?page_id=25177","title":{"rendered":"Vivian in Stade"},"content":{"rendered":"<p>[et_pb_section fb_built=&#8221;1&#8243; _builder_version=&#8221;3.22.5&#8243; background_color=&#8221;rgba(0,0,0,0)&#8221; min_height=&#8221;204px&#8221; custom_padding=&#8221;0px||0px||true|&#8221;][et_pb_row _builder_version=&#8221;3.22.5&#8243;][et_pb_column type=&#8221;4_4&#8243; _builder_version=&#8221;3.22.5&#8243;][et_pb_post_title meta=&#8221;off&#8221; featured_image=&#8221;off&#8221; _builder_version=&#8221;3.22.5&#8243; text_orientation=&#8221;center&#8221; text_shadow_style=&#8221;preset1&#8243;][\/et_pb_post_title][\/et_pb_column][\/et_pb_row][\/et_pb_section][et_pb_section fb_built=&#8221;1&#8243; _builder_version=&#8221;3.22.5&#8243; background_color=&#8221;rgba(0,0,0,0)&#8221;][et_pb_row _builder_version=&#8221;3.22.5&#8243;][et_pb_column type=&#8221;4_4&#8243; _builder_version=&#8221;3.22.5&#8243;][et_pb_text _builder_version=&#8221;3.22.5&#8243;]<\/p>\n<p><span style=\"color: #000000;\">Hallo, ich bin Vivien,<\/span><\/p>\n<p><span style=\"color: #000000;\">ich bin eine sehr saubere und vern\u00fcnftige elegante Br\u00fcnette.<\/span><\/p>\n<p><span style=\"color: #000000;\">Die Anzeige ist h\u00f6flichen Herren gewidmet. Ich bin eine s\u00fc\u00dfe<\/span><br \/>\n<span style=\"color: #000000;\"> Br\u00fcnette mit appetitlichen Kurven. Ich bin aufgeschlossen. Ich lade Sie ein,&nbsp;mich zu entdecken! Ich bin freiz\u00fcgig, aber gleichzeitig auch sehr selektiv!<\/span><br \/>\n<span style=\"color: #000000;\"> Ich spreche diejenigen an, die dem Alltag entfliehen wollen. Die Verfeinerung,&nbsp;Sinnlichkeit und Leidenschaft spiegeln sich in der Qualit\u00e4t meiner Dienstleistungen<\/span><br \/>\n<span style=\"color: #000000;\"> wider. Die physische Beschreibung w\u00e4re \u00fcberfl\u00fcssig, da die geposteten Fotos mir zu 100% geh\u00f6ren.<\/span><\/p>\n<p><span style=\"color: #000000;\">Ich biete absolute Diskretion, nur ein Telefonat trennt uns.<\/span><br \/>\n<span style=\"color: #000000;\"> Ich freue mich darauf, Spa\u00df zu haben.<\/span><\/p>\n<p><span style=\"color: #000000;\"><\/span><\/p>\n<p><span style=\"color: #000000;\"><strong>Besuche mich t\u00e4glich in<\/strong><\/span><\/p>\n<h4><span color=\"#000000\" style=\"color: #000000;\"><span style=\"caret-color: #000000;\"><b>Stade, Teichstr 1, klingel bei Graf<\/b><\/span><\/span><\/h4>\n<h4 style=\"margin-bottom: 0cm;\"><span style=\"color: #000000;\"><strong>Tel: 0162-7068854<\/strong><\/span><\/h4>\n<p><span style=\"color: #000000;\"><strong><\/strong><\/span><\/p>\n<p><span style=\"color: #000000;\">Geschlecht:weiblich 38j<\/span><br \/>\n<span style=\"color: #000000;\"> Gr\u00f6\u00dfe:168 cm<\/span><br \/>\n<span style=\"color: #000000;\"> Oberweite:75 C, fest<\/span><br \/>\n<span style=\"color: #000000;\"> Typ:osteurop\u00e4isch<\/span><br \/>\n<span style=\"color: #000000;\"> Konfektionsgr\u00f6\u00dfe:36<\/span><br \/>\n<span style=\"color: #000000;\"> Intimbereich:total rasiert<\/span><br \/>\n<span style=\"color: #000000;\"> Haare:wechselnd, r\u00fcckenlang, glatt<\/span><br \/>\n<span style=\"color: #000000;\"> Augen:braun<\/span><br \/>\n<span style=\"color: #000000;\"> Haut:mittel<\/span><br \/>\n<span style=\"color: #000000;\"> Sprachen:Deutsch<\/span><\/p>\n<p><span style=\"color: #000000;\">Service:Verkehr,GV,Franz.,Franz. bei Ihr,Franz. beidseitig<\/span><br \/>\n<span style=\"color: #000000;\"> D*p Thr*t,Span. \/ BV,GF6,&nbsp;Service f\u00fcr Herren\/\u00c4ltere Herren willkommen. <\/span><br \/>\n<span style=\"color: #000000;\"> K\u00fcssen ,Schmusen, Kuscheln,K\u00f6rperk\u00fcsse&nbsp;DS aktiv,DS passiv,FA \/ An*l-Massagen aktiv,KB passiv,Fingerspiele aktiv<\/span><br \/>\n<span style=\"color: #000000;\"> Mast.,Badeservice,Duschservice,extra langes Vorspiel,gekonnter Striptease,&nbsp;Fotos \/ Videos m\u00f6glich, RS, STRAP ON!!! , Fu\u00df- \/ Schuherotik,Strapserotik,&nbsp;Treffen,mit Termin,&nbsp;Massagen,erot. Massagen,HE,Body-to-Body-Massage,&nbsp;Ganzk\u00f6rpermassage,Intim-Massagen,\u00d6l-Massage,<\/span><br \/>\n<span style=\"color: #000000;\"> Fetsisch\/Softbizarr, Dom. Biz.-Spielchen,Fetisch-Spielchen,WS,FS,sanfte Schl.,NS aktiv,&nbsp;FF aktiv,Fess.-Spielchen aktiv,Bru*tw.-Spiele aktiv<\/span><\/p>\n<p><span style=\"color: #000000;\"><\/span><\/p>\n<p style=\"background-color: transparent; color: #000000; font-family: Arial,Helvetica,sans-serif; font-size: 12px; font-style: normal; font-variant: normal; font-weight: 400; letter-spacing: normal; margin-bottom: 0px; margin-top: 0px; orphans: 2; text-align: left; text-decoration: none; text-indent: 0px; text-transform: none; -webkit-text-stroke-width: 0px; white-space: normal; word-spacing: 0px;\"><span style=\"font-size: 14px; color: #000000;\">Sag mir doch bitte, dass Du mich auf <b><u>stadtgelueste<\/u><\/b><u>.<b>de<\/b><\/u> gefunden hast, die mit der<b> <\/b><u><b>gelben Seite<\/b><\/u>. Danke!<\/span><\/p>\n<p>[\/et_pb_text][\/et_pb_column][\/et_pb_row][\/et_pb_section][et_pb_section fb_built=&#8221;1&#8243; _builder_version=&#8221;3.22.5&#8243; background_color=&#8221;rgba(0,0,0,0)&#8221; custom_padding=&#8221;14px|||||&#8221;][et_pb_row _builder_version=&#8221;3.22.5&#8243;][et_pb_column type=&#8221;4_4&#8243; _builder_version=&#8221;3.22.5&#8243;][et_pb_image src=&#8221;http:\/\/www.stadtgelueste.de\/wp-content\/uploads\/2024\/09\/Viviane92c89d4-219f-42e3-be83-610316fd9231.jpg&#8221; align=&#8221;center&#8221; _builder_version=&#8221;3.22.5&#8243; max_width=&#8221;35%&#8221; max_width_phone=&#8221;100%&#8221; max_width_last_edited=&#8221;on|phone&#8221;][\/et_pb_image][et_pb_image src=&#8221;http:\/\/www.stadtgelueste.de\/wp-content\/uploads\/2025\/11\/Vivianfef581de-502f-4fc4-b0ca-3d65be37d81e.jpg&#8221; align=&#8221;center&#8221; _builder_version=&#8221;3.22.5&#8243; max_width=&#8221;35%&#8221; max_width_phone=&#8221;100%&#8221; max_width_last_edited=&#8221;on|phone&#8221;][\/et_pb_image][et_pb_image src=&#8221;http:\/\/www.stadtgelueste.de\/wp-content\/uploads\/2025\/11\/Viviand700a69f-7d82-4887-98b4-5d72ef6688f2.jpg&#8221; align=&#8221;center&#8221; _builder_version=&#8221;3.22.5&#8243; max_width=&#8221;35%&#8221; max_width_phone=&#8221;100%&#8221; max_width_last_edited=&#8221;on|phone&#8221;][\/et_pb_image][et_pb_image src=&#8221;http:\/\/www.stadtgelueste.de\/wp-content\/uploads\/2025\/11\/Viviand9e3ba43-d1f8-473f-accc-f7f31d4e57aa.jpg&#8221; align=&#8221;center&#8221; _builder_version=&#8221;3.22.5&#8243; max_width=&#8221;35%&#8221; max_width_phone=&#8221;100%&#8221; max_width_last_edited=&#8221;on|phone&#8221;][\/et_pb_image][et_pb_image src=&#8221;http:\/\/www.stadtgelueste.de\/wp-content\/uploads\/2025\/11\/Vivian5b72e672-bdf0-45b2-9a26-c2f89062f8a5.jpg&#8221; align=&#8221;center&#8221; _builder_version=&#8221;3.22.5&#8243; max_width=&#8221;35%&#8221; max_width_phone=&#8221;100%&#8221; max_width_last_edited=&#8221;on|phone&#8221;][\/et_pb_image][et_pb_image src=&#8221;http:\/\/www.stadtgelueste.de\/wp-content\/uploads\/2025\/11\/Vivianfa1da1ea-7a1f-48b1-85fa-e63c039ad749.jpg&#8221; align=&#8221;center&#8221; _builder_version=&#8221;3.22.5&#8243; max_width=&#8221;55%&#8221; max_width_phone=&#8221;100%&#8221; max_width_last_edited=&#8221;on|phone&#8221;][\/et_pb_image][et_pb_image src=&#8221;http:\/\/www.stadtgelueste.de\/wp-content\/uploads\/2025\/11\/Vivianaf265aba-643a-4851-a517-afd2531cbb5d.jpg&#8221; align=&#8221;center&#8221; _builder_version=&#8221;3.22.5&#8243; max_width=&#8221;55%&#8221; max_width_phone=&#8221;100%&#8221; max_width_last_edited=&#8221;on|phone&#8221;][\/et_pb_image][et_pb_image src=&#8221;http:\/\/www.stadtgelueste.de\/wp-content\/uploads\/2025\/11\/Vivianac0180c8-f377-4576-a325-8b749a76acd6.jpg&#8221; align=&#8221;center&#8221; _builder_version=&#8221;3.22.5&#8243; max_width=&#8221;55%&#8221; max_width_phone=&#8221;100%&#8221; max_width_last_edited=&#8221;on|phone&#8221;][\/et_pb_image][\/et_pb_column][\/et_pb_row][\/et_pb_section][et_pb_section fb_built=&#8221;1&#8243; _builder_version=&#8221;3.22.5&#8243; background_color=&#8221;rgba(0,0,0,0)&#8221;][\/et_pb_section]<\/p>\n","protected":false},"excerpt":{"rendered":"<p>[et_pb_section fb_built=&#8221;1&#8243; _builder_version=&#8221;3.22.5&#8243; background_color=&#8221;rgba(0,0,0,0)&#8221; min_height=&#8221;204px&#8221; custom_padding=&#8221;0px||0px||true|&#8221;][et_pb_row _builder_version=&#8221;3.22.5&#8243;][et_pb_column type=&#8221;4_4&#8243; _builder_version=&#8221;3.22.5&#8243;][et_pb_post_title meta=&#8221;off&#8221; featured_image=&#8221;off&#8221; _builder_version=&#8221;3.22.5&#8243; text_orientation=&#8221;center&#8221; text_shadow_style=&#8221;preset1&#8243;][\/et_pb_post_title][\/et_pb_column][\/et_pb_row][\/et_pb_section][et_pb_section fb_built=&#8221;1&#8243; _builder_version=&#8221;3.22.5&#8243; background_color=&#8221;rgba(0,0,0,0)&#8221;][et_pb_row _builder_version=&#8221;3.22.5&#8243;][et_pb_column type=&#8221;4_4&#8243; _builder_version=&#8221;3.22.5&#8243;][et_pb_text _builder_version=&#8221;3.22.5&#8243;] Hallo, ich bin Vivien, ich bin eine sehr saubere und vern\u00fcnftige elegante Br\u00fcnette. Die Anzeige ist h\u00f6flichen Herren gewidmet. Ich bin eine s\u00fc\u00dfe Br\u00fcnette mit appetitlichen Kurven. Ich bin aufgeschlossen. Ich lade Sie ein,&nbsp;mich [&hellip;]<\/p>\n","protected":false},"author":1,"featured_media":23672,"parent":185,"menu_order":300,"comment_status":"closed","ping_status":"closed","template":"","meta":{"_et_pb_use_builder":"on","_et_pb_old_content":""},"yoast_head":"<!-- This site is optimized with the Yoast SEO plugin v14.9 - https:\/\/yoast.com\/wordpress\/plugins\/seo\/ -->\n<title>Vivian in Stade - Stadtgelueste.de - Sex, ficken in Vivian in Stade<\/title>\n<meta name=\"description\" content=\"Vivian in Stade - Begleitservice, ficken in stade, huren, nutten, sexdates, stadtgel\u00fcste, nutten in buxtehude, ficken in Harburg, nutten in harburg.\" \/>\n<meta name=\"robots\" content=\"index, follow, max-snippet:-1, max-image-preview:large, max-video-preview:-1\" \/>\n<link rel=\"canonical\" href=\"https:\/\/www.stadtgelueste.de\/?page_id=25177\" \/>\n<meta property=\"og:locale\" content=\"de_DE\" \/>\n<meta property=\"og:type\" content=\"article\" \/>\n<meta property=\"og:title\" content=\"Vivian in Stade - Stadtgelueste.de - Sex, ficken in Vivian in Stade\" \/>\n<meta property=\"og:description\" content=\"Vivian in Stade - Begleitservice, ficken in stade, huren, nutten, sexdates, stadtgel\u00fcste, nutten in buxtehude, ficken in Harburg, nutten in harburg.\" \/>\n<meta property=\"og:url\" content=\"https:\/\/www.stadtgelueste.de\/?page_id=25177\" \/>\n<meta property=\"og:site_name\" content=\"Stadtgelueste.de\" \/>\n<meta property=\"article:modified_time\" content=\"2026-05-16T06:53:22+00:00\" \/>\n<meta property=\"og:image\" content=\"https:\/\/www.stadtgelueste.de\/wp-content\/uploads\/2024\/09\/Viviane92c89d4-219f-42e3-be83-610316fd9231.jpg\" \/>\n\t<meta property=\"og:image:width\" content=\"799\" \/>\n\t<meta property=\"og:image:height\" content=\"799\" \/>\n<meta name=\"twitter:card\" content=\"summary_large_image\" \/>\n<script type=\"application\/ld+json\" class=\"yoast-schema-graph\">{\"@context\":\"https:\/\/schema.org\",\"@graph\":[{\"@type\":\"Organization\",\"@id\":\"https:\/\/www.stadtgelueste.de\/#organization\",\"name\":\"Stadtgelueste.de\",\"url\":\"https:\/\/www.stadtgelueste.de\/\",\"sameAs\":[],\"logo\":{\"@type\":\"ImageObject\",\"@id\":\"https:\/\/www.stadtgelueste.de\/#logo\",\"inLanguage\":\"de-DE\",\"url\":\"https:\/\/www.stadtgelueste.de\/wp-content\/uploads\/2020\/09\/logoneuschwarz.png\",\"width\":960,\"height\":560,\"caption\":\"Stadtgelueste.de\"},\"image\":{\"@id\":\"https:\/\/www.stadtgelueste.de\/#logo\"}},{\"@type\":\"WebSite\",\"@id\":\"https:\/\/www.stadtgelueste.de\/#website\",\"url\":\"https:\/\/www.stadtgelueste.de\/\",\"name\":\"Stadtgelueste.de\",\"description\":\"\",\"publisher\":{\"@id\":\"https:\/\/www.stadtgelueste.de\/#organization\"},\"potentialAction\":[{\"@type\":\"SearchAction\",\"target\":\"https:\/\/www.stadtgelueste.de\/?s={search_term_string}\",\"query-input\":\"required name=search_term_string\"}],\"inLanguage\":\"de-DE\"},{\"@type\":\"ImageObject\",\"@id\":\"https:\/\/www.stadtgelueste.de\/?page_id=25177#primaryimage\",\"inLanguage\":\"de-DE\",\"url\":\"https:\/\/www.stadtgelueste.de\/wp-content\/uploads\/2024\/09\/Viviane92c89d4-219f-42e3-be83-610316fd9231.jpg\",\"width\":799,\"height\":799},{\"@type\":\"WebPage\",\"@id\":\"https:\/\/www.stadtgelueste.de\/?page_id=25177#webpage\",\"url\":\"https:\/\/www.stadtgelueste.de\/?page_id=25177\",\"name\":\"Vivian in Stade - Stadtgelueste.de - Sex, ficken in Vivian in Stade\",\"isPartOf\":{\"@id\":\"https:\/\/www.stadtgelueste.de\/#website\"},\"primaryImageOfPage\":{\"@id\":\"https:\/\/www.stadtgelueste.de\/?page_id=25177#primaryimage\"},\"datePublished\":\"2026-05-16T21:59:59+00:00\",\"dateModified\":\"2026-05-16T06:53:22+00:00\",\"description\":\"Vivian in Stade - Begleitservice, ficken in stade, huren, nutten, sexdates, stadtgel\\u00fcste, nutten in buxtehude, ficken in Harburg, nutten in harburg.\",\"inLanguage\":\"de-DE\",\"potentialAction\":[{\"@type\":\"ReadAction\",\"target\":[\"https:\/\/www.stadtgelueste.de\/?page_id=25177\"]}]}]}<\/script>\n<!-- \/ Yoast SEO plugin. -->","_links":{"self":[{"href":"https:\/\/www.stadtgelueste.de\/index.php?rest_route=\/wp\/v2\/pages\/25177"}],"collection":[{"href":"https:\/\/www.stadtgelueste.de\/index.php?rest_route=\/wp\/v2\/pages"}],"about":[{"href":"https:\/\/www.stadtgelueste.de\/index.php?rest_route=\/wp\/v2\/types\/page"}],"author":[{"embeddable":true,"href":"https:\/\/www.stadtgelueste.de\/index.php?rest_route=\/wp\/v2\/users\/1"}],"replies":[{"embeddable":true,"href":"https:\/\/www.stadtgelueste.de\/index.php?rest_route=%2Fwp%2Fv2%2Fcomments&post=25177"}],"version-history":[{"count":15,"href":"https:\/\/www.stadtgelueste.de\/index.php?rest_route=\/wp\/v2\/pages\/25177\/revisions"}],"predecessor-version":[{"id":33296,"href":"https:\/\/www.stadtgelueste.de\/index.php?rest_route=\/wp\/v2\/pages\/25177\/revisions\/33296"}],"up":[{"embeddable":true,"href":"https:\/\/www.stadtgelueste.de\/index.php?rest_route=\/wp\/v2\/pages\/185"}],"wp:featuredmedia":[{"embeddable":true,"href":"https:\/\/www.stadtgelueste.de\/index.php?rest_route=\/wp\/v2\/media\/23672"}],"wp:attachment":[{"href":"https:\/\/www.stadtgelueste.de\/index.php?rest_route=%2Fwp%2Fv2%2Fmedia&parent=25177"}],"curies":[{"name":"wp","href":"https:\/\/api.w.org\/{rel}","templated":true}]}}