{"id":23053,"date":"2026-04-18T23:59:11","date_gmt":"2026-04-18T21:59:11","guid":{"rendered":"http:\/\/www.stadtgelueste.de\/?page_id=23053"},"modified":"2026-04-18T15:01:31","modified_gmt":"2026-04-18T13:01:31","slug":"kessy-in-stade","status":"publish","type":"page","link":"https:\/\/www.stadtgelueste.de\/?page_id=23053","title":{"rendered":"Kessy in Stade"},"content":{"rendered":"<p>[et_pb_section fb_built=&#8221;1&#8243; _builder_version=&#8221;3.22.5&#8243; background_color=&#8221;rgba(0,0,0,0)&#8221; min_height=&#8221;204px&#8221; custom_padding=&#8221;0px||0px||true|&#8221;][et_pb_row _builder_version=&#8221;3.22.5&#8243;][et_pb_column type=&#8221;4_4&#8243; _builder_version=&#8221;3.22.5&#8243;][et_pb_post_title meta=&#8221;off&#8221; featured_image=&#8221;off&#8221; _builder_version=&#8221;3.22.5&#8243; title_font=&#8221;||||||||&#8221; title_text_align=&#8221;center&#8221; title_font_size=&#8221;25px&#8221; title_text_shadow_style=&#8221;preset3&#8243;][\/et_pb_post_title][\/et_pb_column][\/et_pb_row][\/et_pb_section][et_pb_section fb_built=&#8221;1&#8243; _builder_version=&#8221;3.22.5&#8243; background_color=&#8221;rgba(0,0,0,0)&#8221;][et_pb_row _builder_version=&#8221;3.22.5&#8243;][et_pb_column type=&#8221;4_4&#8243; _builder_version=&#8221;3.22.5&#8243;][et_pb_text _builder_version=&#8221;3.22.5&#8243; text_font=&#8221;||||||||&#8221; text_font_size=&#8221;1px&#8221; background_color=&#8221;rgba(0,0,0,0)&#8221;]<\/p>\n<h4><span style=\"font-size: 16px; color: #000000;\">Hallo, ich bin <strong>Kessy<\/strong>,<\/span><\/h4>\n<h4><span style=\"font-size: 16px; color: #000000;\"><br \/>\n32 Jahre, 174 cm, Oberweite 85B, Konfektion 38\/40, Schuhgr\u00f6\u00dfe 38, rasiert, Sprache: deutsch, englisch, russisch, t\u00fcrkisch<\/span><\/h4>\n<h4>Ich bin ganz neue, hei\u00df und versaut und warte auf ein Abenteuer mit Dir, kompletter Service. Ich verw\u00f6hne Dich.<\/h4>\n<h4>Dieses BLONDE Girl ist extrem hei\u00df und wei\u00df genau was M\u00e4nner wollen&#8230; Sie hat viel Spa\u00df beim Sex und liebt es dich zum H\u00f6hepunkt zu bringen !!! Ihr Top-Service l\u00e4sst kaum einen Wunsch offen! dem S*x auch eine aufregende Note verleihen, vielleicht ein erotisches Rollenspiel oder einfach S*x wie im P*rno &#8211; versaut und mit viel Dirty-Talk! Lass uns einfach von unserer Lust und Phantasie gleiten. Sie werden diese Erfahrung nicht vergessen!<\/h4>\n<h4>Sexy Kessy\ud83d\udc8b<\/h4>\n<p><strong><span style=\"font-size: 16px; color: #000000;\"><span style=\"font-size: 18px;\"><br \/>\nBesuche mich in<\/span><\/span><\/strong><\/p>\n<h4><strong><span style=\"font-size: 16px; color: #000000;\"><span style=\"font-size: 18px;\">Stade, Teichstr, 1, klingel bei Graf<\/span><\/span><\/strong><\/h4>\n<h4><strong><span style=\"font-size: 16px; color: #000000;\"><span style=\"font-size: 18px;\">Tel:&nbsp;0152-11990579<\/span><\/span><\/strong><\/h4>\n<p>&nbsp;<\/p>\n<h5>Mein Service:<\/h5>\n<h5>GV, AV aktiv, 69, D*ildospiele aktiv &amp; passiv, EL, erot. Rollenspiele, extra lages Vorspiel, Franz, Fingerspiele aktiv&amp;passiv, GF6, Fu\u00dferotik, KB, K\u00f6rperk\u00fcsse, ZK, Schmusen, Intimrasur, Paarmassage, prostata Massage, Spanisch, ber\u00fchrnbare Dominanz, Doktorspiele, Elektrostimulation, Engli, Erziehung, Favesitting aktiv<\/h5>\n<p>&nbsp;<\/p>\n<p><span style=\"color: #000000;\"><span style=\"font-size: 14px; font-style: normal; font-variant: normal; font-weight: 400; letter-spacing: normal; text-align: left; text-indent: 0px; text-transform: none; white-space: normal; word-spacing: 0px; -webkit-text-stroke-width: 0px; background-color: transparent; text-decoration: none; font-family: Arial, Helvetica, sans-serif; float: none; display: inline !important;\">Sag mir doch bitte, dass Du mich auf&nbsp;<\/span><b style=\"font-style: normal; font-variant: normal; letter-spacing: normal; text-align: left; text-indent: 0px; text-transform: none; white-space: normal; word-spacing: 0px; -webkit-text-stroke-width: 0px; background-color: transparent; text-decoration: none; font-family: Arial, Helvetica, sans-serif; font-size: 15px; font-weight: bold;\"><u>stadtgelueste<\/u><\/b><u style=\"font-style: normal; font-variant: normal; font-weight: 400; letter-spacing: normal; text-align: left; text-indent: 0px; text-transform: none; white-space: normal; word-spacing: 0px; -webkit-text-stroke-width: 0px; background-color: transparent; font-family: Arial, Helvetica, sans-serif; font-size: 15px; text-decoration: underline;\">.<b>de<\/b><\/u><span style=\"font-size: 14px; font-style: normal; font-variant: normal; font-weight: 400; letter-spacing: normal; text-align: left; text-indent: 0px; text-transform: none; white-space: normal; word-spacing: 0px; -webkit-text-stroke-width: 0px; background-color: transparent; text-decoration: none; font-family: Arial, Helvetica, sans-serif; float: none; display: inline !important;\">&nbsp;gefunden hast, die mit der<\/span><b style=\"font-style: normal; font-variant: normal; letter-spacing: normal; text-align: left; text-indent: 0px; text-transform: none; white-space: normal; word-spacing: 0px; -webkit-text-stroke-width: 0px; background-color: transparent; text-decoration: none; font-family: Arial, Helvetica, sans-serif; font-size: 15px; font-weight: bold;\">&nbsp;<\/b><u style=\"font-style: normal; font-variant: normal; font-weight: 400; letter-spacing: normal; text-align: left; text-indent: 0px; text-transform: none; white-space: normal; word-spacing: 0px; -webkit-text-stroke-width: 0px; background-color: transparent; font-family: Arial, Helvetica, sans-serif; font-size: 15px; text-decoration: underline;\"><b>gelben Seite<\/b><\/u><span style=\"font-size: 14px; font-style: normal; font-variant: normal; font-weight: 400; letter-spacing: normal; text-align: left; text-indent: 0px; text-transform: none; white-space: normal; word-spacing: 0px; -webkit-text-stroke-width: 0px; background-color: transparent; text-decoration: none; font-family: Arial, Helvetica, sans-serif; float: none; display: inline !important;\">. Danke!<\/span><\/span><\/p>\n<p><span style=\"color: #000000;\">&nbsp;<\/span><\/p>\n<p>[\/et_pb_text][\/et_pb_column][\/et_pb_row][\/et_pb_section][et_pb_section fb_built=&#8221;1&#8243; _builder_version=&#8221;3.22.5&#8243; background_color=&#8221;rgba(0,0,0,0)&#8221;][et_pb_row _builder_version=&#8221;3.22.5&#8243;][et_pb_column type=&#8221;4_4&#8243; _builder_version=&#8221;3.22.5&#8243;][et_pb_image src=&#8221;http:\/\/www.stadtgelueste.de\/wp-content\/uploads\/2024\/02\/Kessy2f73cd6d-649c-4c11-b725-7f858b02444a.jpg&#8221; align=&#8221;center&#8221; _builder_version=&#8221;3.22.5&#8243; max_width=&#8221;35%&#8221; max_width_phone=&#8221;100%&#8221; max_width_last_edited=&#8221;on|phone&#8221;][\/et_pb_image][et_pb_image src=&#8221;http:\/\/www.stadtgelueste.de\/wp-content\/uploads\/2024\/02\/Kessy6b063d74-f69a-4062-801a-de881f2e2d4a.jpg&#8221; align=&#8221;center&#8221; _builder_version=&#8221;3.22.5&#8243; max_width=&#8221;35%&#8221; max_width_phone=&#8221;100%&#8221; max_width_last_edited=&#8221;on|phone&#8221;][\/et_pb_image][et_pb_image src=&#8221;http:\/\/www.stadtgelueste.de\/wp-content\/uploads\/2024\/02\/Kessy7c1a4fb2-230c-4614-afa3-2f37dd73726a.jpg&#8221; align=&#8221;center&#8221; _builder_version=&#8221;3.22.5&#8243; max_width=&#8221;35%&#8221; max_width_phone=&#8221;100%&#8221; max_width_last_edited=&#8221;on|phone&#8221;][\/et_pb_image][et_pb_image src=&#8221;http:\/\/www.stadtgelueste.de\/wp-content\/uploads\/2024\/02\/Kessyab3dfdb0-dbe5-47ca-9364-282538b550bc.jpg&#8221; align=&#8221;center&#8221; _builder_version=&#8221;3.22.5&#8243; max_width=&#8221;35%&#8221; max_width_phone=&#8221;100%&#8221; max_width_last_edited=&#8221;on|phone&#8221;][\/et_pb_image][et_pb_image src=&#8221;http:\/\/www.stadtgelueste.de\/wp-content\/uploads\/2024\/02\/Kessyabb241b9-193d-4fe6-9c1f-157bc117da11.jpg&#8221; align=&#8221;center&#8221; _builder_version=&#8221;3.22.5&#8243; max_width=&#8221;35%&#8221; max_width_phone=&#8221;100%&#8221; max_width_last_edited=&#8221;on|phone&#8221;][\/et_pb_image][et_pb_image src=&#8221;http:\/\/www.stadtgelueste.de\/wp-content\/uploads\/2024\/02\/Kessyb0c66181-0fa0-41c3-94e0-5daa70daa01a.jpg&#8221; align=&#8221;center&#8221; _builder_version=&#8221;3.22.5&#8243; max_width=&#8221;35%&#8221; max_width_phone=&#8221;100%&#8221; max_width_last_edited=&#8221;on|phone&#8221;][\/et_pb_image][et_pb_image src=&#8221;http:\/\/www.stadtgelueste.de\/wp-content\/uploads\/2024\/02\/Kessyc4089a3f-c9aa-419a-81c4-a8d28aa230df.jpg&#8221; align=&#8221;center&#8221; _builder_version=&#8221;3.22.5&#8243; max_width=&#8221;35%&#8221; max_width_phone=&#8221;100%&#8221; max_width_last_edited=&#8221;on|phone&#8221;][\/et_pb_image][et_pb_image src=&#8221;http:\/\/www.stadtgelueste.de\/wp-content\/uploads\/2024\/02\/Kessyeeed9b6d-cf54-4baa-ba89-1be6613b4108.jpg&#8221; align=&#8221;center&#8221; _builder_version=&#8221;3.22.5&#8243; max_width=&#8221;35%&#8221; max_width_phone=&#8221;100%&#8221; max_width_last_edited=&#8221;on|phone&#8221;][\/et_pb_image][et_pb_image src=&#8221;http:\/\/www.stadtgelueste.de\/wp-content\/uploads\/2024\/02\/Kessy76ce34ea-17c4-4a16-af06-be5bc1b9ea5b.jpg&#8221; align=&#8221;center&#8221; _builder_version=&#8221;3.22.5&#8243; max_width=&#8221;55%&#8221; max_width_phone=&#8221;100%&#8221; max_width_last_edited=&#8221;on|phone&#8221;][\/et_pb_image][\/et_pb_column][\/et_pb_row][\/et_pb_section][et_pb_section fb_built=&#8221;1&#8243; _builder_version=&#8221;3.22.5&#8243; background_color=&#8221;rgba(0,0,0,0)&#8221;][\/et_pb_section]<\/p>\n","protected":false},"excerpt":{"rendered":"<p>[et_pb_section fb_built=&#8221;1&#8243; _builder_version=&#8221;3.22.5&#8243; background_color=&#8221;rgba(0,0,0,0)&#8221; min_height=&#8221;204px&#8221; custom_padding=&#8221;0px||0px||true|&#8221;][et_pb_row _builder_version=&#8221;3.22.5&#8243;][et_pb_column type=&#8221;4_4&#8243; _builder_version=&#8221;3.22.5&#8243;][et_pb_post_title meta=&#8221;off&#8221; featured_image=&#8221;off&#8221; _builder_version=&#8221;3.22.5&#8243; title_font=&#8221;||||||||&#8221; title_text_align=&#8221;center&#8221; title_font_size=&#8221;25px&#8221; title_text_shadow_style=&#8221;preset3&#8243;][\/et_pb_post_title][\/et_pb_column][\/et_pb_row][\/et_pb_section][et_pb_section fb_built=&#8221;1&#8243; _builder_version=&#8221;3.22.5&#8243; background_color=&#8221;rgba(0,0,0,0)&#8221;][et_pb_row _builder_version=&#8221;3.22.5&#8243;][et_pb_column type=&#8221;4_4&#8243; _builder_version=&#8221;3.22.5&#8243;][et_pb_text _builder_version=&#8221;3.22.5&#8243; text_font=&#8221;||||||||&#8221; text_font_size=&#8221;1px&#8221; background_color=&#8221;rgba(0,0,0,0)&#8221;] Hallo, ich bin Kessy, 32 Jahre, 174 cm, Oberweite 85B, Konfektion 38\/40, Schuhgr\u00f6\u00dfe 38, rasiert, Sprache: deutsch, englisch, russisch, t\u00fcrkisch Ich bin ganz neue, hei\u00df und versaut und warte [&hellip;]<\/p>\n","protected":false},"author":1,"featured_media":20030,"parent":185,"menu_order":300,"comment_status":"closed","ping_status":"closed","template":"","meta":{"_et_pb_use_builder":"on","_et_pb_old_content":""},"yoast_head":"<!-- This site is optimized with the Yoast SEO plugin v14.9 - https:\/\/yoast.com\/wordpress\/plugins\/seo\/ -->\n<title>Kessy in Stade - Stadtgelueste.de - Sex, ficken in Kessy in Stade<\/title>\n<meta name=\"description\" content=\"Kessy in Stade - Begleitservice, ficken in stade, huren, nutten, sexdates, stadtgel\u00fcste, nutten in buxtehude, ficken in Harburg, nutten in harburg.\" \/>\n<meta name=\"robots\" content=\"index, follow, max-snippet:-1, max-image-preview:large, max-video-preview:-1\" \/>\n<link rel=\"canonical\" href=\"https:\/\/www.stadtgelueste.de\/?page_id=23053\" \/>\n<meta property=\"og:locale\" content=\"de_DE\" \/>\n<meta property=\"og:type\" content=\"article\" \/>\n<meta property=\"og:title\" content=\"Kessy in Stade - Stadtgelueste.de - Sex, ficken in Kessy in Stade\" \/>\n<meta property=\"og:description\" content=\"Kessy in Stade - Begleitservice, ficken in stade, huren, nutten, sexdates, stadtgel\u00fcste, nutten in buxtehude, ficken in Harburg, nutten in harburg.\" \/>\n<meta property=\"og:url\" content=\"https:\/\/www.stadtgelueste.de\/?page_id=23053\" \/>\n<meta property=\"og:site_name\" content=\"Stadtgelueste.de\" \/>\n<meta property=\"article:modified_time\" content=\"2026-04-18T13:01:31+00:00\" \/>\n<meta property=\"og:image\" content=\"https:\/\/www.stadtgelueste.de\/wp-content\/uploads\/2024\/02\/Kessy2f73cd6d-649c-4c11-b725-7f858b02444a.jpg\" \/>\n\t<meta property=\"og:image:width\" content=\"1080\" \/>\n\t<meta property=\"og:image:height\" content=\"1484\" \/>\n<meta name=\"twitter:card\" content=\"summary_large_image\" \/>\n<script type=\"application\/ld+json\" class=\"yoast-schema-graph\">{\"@context\":\"https:\/\/schema.org\",\"@graph\":[{\"@type\":\"Organization\",\"@id\":\"https:\/\/www.stadtgelueste.de\/#organization\",\"name\":\"Stadtgelueste.de\",\"url\":\"https:\/\/www.stadtgelueste.de\/\",\"sameAs\":[],\"logo\":{\"@type\":\"ImageObject\",\"@id\":\"https:\/\/www.stadtgelueste.de\/#logo\",\"inLanguage\":\"de-DE\",\"url\":\"https:\/\/www.stadtgelueste.de\/wp-content\/uploads\/2020\/09\/logoneuschwarz.png\",\"width\":960,\"height\":560,\"caption\":\"Stadtgelueste.de\"},\"image\":{\"@id\":\"https:\/\/www.stadtgelueste.de\/#logo\"}},{\"@type\":\"WebSite\",\"@id\":\"https:\/\/www.stadtgelueste.de\/#website\",\"url\":\"https:\/\/www.stadtgelueste.de\/\",\"name\":\"Stadtgelueste.de\",\"description\":\"\",\"publisher\":{\"@id\":\"https:\/\/www.stadtgelueste.de\/#organization\"},\"potentialAction\":[{\"@type\":\"SearchAction\",\"target\":\"https:\/\/www.stadtgelueste.de\/?s={search_term_string}\",\"query-input\":\"required name=search_term_string\"}],\"inLanguage\":\"de-DE\"},{\"@type\":\"ImageObject\",\"@id\":\"https:\/\/www.stadtgelueste.de\/?page_id=23053#primaryimage\",\"inLanguage\":\"de-DE\",\"url\":\"https:\/\/www.stadtgelueste.de\/wp-content\/uploads\/2024\/02\/Kessy2f73cd6d-649c-4c11-b725-7f858b02444a.jpg\",\"width\":1080,\"height\":1484},{\"@type\":\"WebPage\",\"@id\":\"https:\/\/www.stadtgelueste.de\/?page_id=23053#webpage\",\"url\":\"https:\/\/www.stadtgelueste.de\/?page_id=23053\",\"name\":\"Kessy in Stade - Stadtgelueste.de - Sex, ficken in Kessy in Stade\",\"isPartOf\":{\"@id\":\"https:\/\/www.stadtgelueste.de\/#website\"},\"primaryImageOfPage\":{\"@id\":\"https:\/\/www.stadtgelueste.de\/?page_id=23053#primaryimage\"},\"datePublished\":\"2026-04-18T21:59:11+00:00\",\"dateModified\":\"2026-04-18T13:01:31+00:00\",\"description\":\"Kessy in Stade - Begleitservice, ficken in stade, huren, nutten, sexdates, stadtgel\\u00fcste, nutten in buxtehude, ficken in Harburg, nutten in harburg.\",\"inLanguage\":\"de-DE\",\"potentialAction\":[{\"@type\":\"ReadAction\",\"target\":[\"https:\/\/www.stadtgelueste.de\/?page_id=23053\"]}]}]}<\/script>\n<!-- \/ Yoast SEO plugin. -->","_links":{"self":[{"href":"https:\/\/www.stadtgelueste.de\/index.php?rest_route=\/wp\/v2\/pages\/23053"}],"collection":[{"href":"https:\/\/www.stadtgelueste.de\/index.php?rest_route=\/wp\/v2\/pages"}],"about":[{"href":"https:\/\/www.stadtgelueste.de\/index.php?rest_route=\/wp\/v2\/types\/page"}],"author":[{"embeddable":true,"href":"https:\/\/www.stadtgelueste.de\/index.php?rest_route=\/wp\/v2\/users\/1"}],"replies":[{"embeddable":true,"href":"https:\/\/www.stadtgelueste.de\/index.php?rest_route=%2Fwp%2Fv2%2Fcomments&post=23053"}],"version-history":[{"count":14,"href":"https:\/\/www.stadtgelueste.de\/index.php?rest_route=\/wp\/v2\/pages\/23053\/revisions"}],"predecessor-version":[{"id":32084,"href":"https:\/\/www.stadtgelueste.de\/index.php?rest_route=\/wp\/v2\/pages\/23053\/revisions\/32084"}],"up":[{"embeddable":true,"href":"https:\/\/www.stadtgelueste.de\/index.php?rest_route=\/wp\/v2\/pages\/185"}],"wp:featuredmedia":[{"embeddable":true,"href":"https:\/\/www.stadtgelueste.de\/index.php?rest_route=\/wp\/v2\/media\/20030"}],"wp:attachment":[{"href":"https:\/\/www.stadtgelueste.de\/index.php?rest_route=%2Fwp%2Fv2%2Fmedia&parent=23053"}],"curies":[{"name":"wp","href":"https:\/\/api.w.org\/{rel}","templated":true}]}}