{"id":16919,"date":"2026-04-04T23:59:03","date_gmt":"2026-04-04T21:59:03","guid":{"rendered":"http:\/\/www.stadtgelueste.de\/?page_id=16919"},"modified":"2026-04-04T10:36:20","modified_gmt":"2026-04-04T08:36:20","slug":"karolina-in-buxtehude","status":"publish","type":"page","link":"https:\/\/www.stadtgelueste.de\/?page_id=16919","title":{"rendered":"Karolina in Buxtehude"},"content":{"rendered":"<p>[et_pb_section fb_built=&#8221;1&#8243; _builder_version=&#8221;3.22.5&#8243; background_color=&#8221;rgba(0,0,0,0)&#8221; min_height=&#8221;204px&#8221; custom_padding=&#8221;0px||0px||true|&#8221;][\/et_pb_section][et_pb_section fb_built=&#8221;1&#8243; _builder_version=&#8221;3.22.5&#8243; background_color=&#8221;rgba(0,0,0,0)&#8221; custom_padding=&#8221;2px|||||&#8221;][et_pb_row _builder_version=&#8221;3.22.5&#8243;][et_pb_column type=&#8221;4_4&#8243; _builder_version=&#8221;3.22.5&#8243;][et_pb_post_title meta=&#8221;off&#8221; featured_image=&#8221;off&#8221; _builder_version=&#8221;3.22.5&#8243; title_font=&#8221;||||||||&#8221; border_color_all=&#8221;#f200da&#8221; text_orientation=&#8221;center&#8221; text_shadow_style=&#8221;preset1&#8243;][\/et_pb_post_title][et_pb_button button_url=&#8221;#Bilder&#8221; button_text=&#8221;Zu den Bildern&#8221; button_alignment=&#8221;center&#8221; _builder_version=&#8221;3.22.5&#8243; custom_button=&#8221;on&#8221; button_text_size=&#8221;15px&#8221; button_text_color=&#8221;#f500f9&#8243; button_bg_color=&#8221;#c9c9c9&#8243; button_font=&#8221;||||||||&#8221; button_icon=&#8221;%%18%%&#8221;][\/et_pb_button][et_pb_divider color=&#8221;#f400f0&#8243; _builder_version=&#8221;3.22.5&#8243;][\/et_pb_divider][et_pb_text _builder_version=&#8221;3.22.5&#8243; text_font=&#8221;||||||||&#8221; text_font_size=&#8221;1px&#8221; background_color=&#8221;rgba(0,0,0,0)&#8221;]<\/p>\n<p><span style=\"color: #000000;\"><span style=\"font-size: 15px;\">Hallo, ich bin <b>Karolina<\/b> aus Osteuropa.<\/span><span style=\"font-size: 15px;\"><br \/>\n<\/span><\/span><\/p>\n<p><span style=\"color: #000000;\">&nbsp;<\/span><\/p>\n<p><span style=\"font-size: 15px; color: #000000;\">31 Jahre, 165 cm gro\u00df, Konfektion 36.<\/span><\/p>\n<p><span style=\"color: #000000;\">&nbsp;<\/span><\/p>\n<p style=\"margin-bottom: 0cm;\"><span style=\"font-size: 15px; color: #000000;\">Ich bin eine gepflegte und z\u00e4rtliche Frau. Ich liebe es dir Freude und Lust zu bereiten und habe unglaublichen Spa\u00df am S*x.&nbsp;Bei mir bekommst Du ganz pers\u00f6nlich und diskret einen Top-Service.<\/span><\/p>\n<p style=\"margin-bottom: 0cm;\"><span style=\"color: #000000;\">&nbsp;<\/span><\/p>\n<p><span style=\"font-size: 15px; color: #000000;\">Ich freue mich auf deinen Besuch.<\/span><\/p>\n<p><span style=\"font-size: 15px; color: #000000;\">Meinen genauen Service besprechen wir pers\u00f6nlich.<\/span><\/p>\n<p><span style=\"color: #000000;\">&nbsp;<span style=\"font-size: 15px;\"><br \/>\n<\/span><\/span><\/p>\n<p><span style=\"font-size: 15px; color: #000000;\">Du findest mich in<br \/>\n<\/span><\/p>\n<p style=\"color: #000000; font-family: Arial,Helvetica,sans-serif; font-size: 12px; font-style: normal; font-variant: normal; font-weight: 400; letter-spacing: normal; margin-bottom: 0em; margin-top: 0em; orphans: 2; text-align: left; text-decoration: none; text-indent: 0px; text-transform: none; -webkit-text-stroke-width: 0px; white-space: normal; word-spacing: 0px;\"><span style=\"color: #000000; font-size: large;\" color=\"#000000\"><span style=\"font-family: Arial, Helvetica, sans-serif;\" face=\"Arial, Helvetica, sans-serif\"><span size=\"4\"><b>Buxtehude, Harburger Str. 20, klingel bei Winter <\/b><\/span><\/span><\/span><\/p>\n<p><span style=\"font-size: 18px;\"><strong><span style=\"color: #000000;\">Tel: 0152-27001049<\/span><\/strong><\/span><\/p>\n<p style=\"text-align: left; color: #000000; text-transform: none; text-indent: 0px; letter-spacing: normal; font-family: Arial,Helvetica,sans-serif; font-variant: normal; margin-top: 0em; margin-bottom: 0em; word-spacing: 0px; white-space: normal; orphans: 2; -webkit-text-stroke-width: 0px;\"><span style=\"color: #000000;\">&nbsp;<\/span><\/p>\n<p style=\"text-align: left; color: #000000; text-transform: none; text-indent: 0px; letter-spacing: normal; font-family: Arial,Helvetica,sans-serif; font-variant: normal; margin-top: 0em; margin-bottom: 0em; word-spacing: 0px; white-space: normal; orphans: 2; -webkit-text-stroke-width: 0px;\"><span style=\"color: #000000; font-size: 18px;\"><u><b>100% Original Fotos kein Fotoshop<\/b><\/u><\/span><\/p>\n<p><span style=\"color: #000000;\">&nbsp;<\/span><\/p>\n<p><span style=\"font-size: 14px; color: #000000;\"><span style=\"display: inline !important; float: none; background-color: transparent; font-family: Arial, Helvetica, sans-serif; font-size: 15px; font-style: normal; font-variant: normal; font-weight: 400; letter-spacing: normal; text-align: left; text-decoration: none; text-indent: 0px; text-transform: none; -webkit-text-stroke-width: 0px; white-space: normal; word-spacing: 0px;\">Sag mir doch bitte, dass Du mich auf <\/span><b style=\"background-color: transparent; font-family: Arial, Helvetica, sans-serif; font-size: 15px; font-style: normal; font-variant: normal; font-weight: bold; letter-spacing: normal; text-align: left; text-decoration: none; text-indent: 0px; text-transform: none; -webkit-text-stroke-width: 0px; white-space: normal; word-spacing: 0px;\"><u>stadtgelueste<\/u><\/b><u style=\"background-color: transparent; font-family: Arial, Helvetica, sans-serif; font-size: 15px; font-style: normal; font-variant: normal; font-weight: 400; letter-spacing: normal; text-align: left; text-decoration: underline; text-indent: 0px; text-transform: none; -webkit-text-stroke-width: 0px; white-space: normal; word-spacing: 0px;\">.<b>de<\/b><\/u><span style=\"display: inline !important; float: none; background-color: transparent; font-family: Arial, Helvetica, sans-serif; font-size: 15px; font-style: normal; font-variant: normal; font-weight: 400; letter-spacing: normal; text-align: left; text-decoration: none; text-indent: 0px; text-transform: none; -webkit-text-stroke-width: 0px; white-space: normal; word-spacing: 0px;\"> gefunden hast, die mit der<\/span><b style=\"background-color: transparent; font-family: Arial, Helvetica, sans-serif; font-size: 15px; font-style: normal; font-variant: normal; font-weight: bold; letter-spacing: normal; text-align: left; text-decoration: none; text-indent: 0px; text-transform: none; -webkit-text-stroke-width: 0px; white-space: normal; word-spacing: 0px;\"> <\/b><u style=\"background-color: transparent; font-family: Arial, Helvetica, sans-serif; font-size: 15px; font-style: normal; font-variant: normal; font-weight: 400; letter-spacing: normal; text-align: left; text-decoration: underline; text-indent: 0px; text-transform: none; -webkit-text-stroke-width: 0px; white-space: normal; word-spacing: 0px;\"><b>gelben Seite<\/b><\/u><span style=\"display: inline !important; float: none; background-color: transparent; font-family: Arial, Helvetica, sans-serif; font-size: 15px; font-style: normal; font-variant: normal; font-weight: 400; letter-spacing: normal; text-align: left; text-decoration: none; text-indent: 0px; text-transform: none; -webkit-text-stroke-width: 0px; white-space: normal; word-spacing: 0px;\">. Danke!<\/span><\/span><\/p>\n<p>[\/et_pb_text][\/et_pb_column][\/et_pb_row][et_pb_row _builder_version=&#8221;3.22.5&#8243;][et_pb_column type=&#8221;4_4&#8243; _builder_version=&#8221;3.22.5&#8243;][et_pb_divider color=&#8221;#f400f0&#8243; module_id=&#8221;Bilder&#8221; _builder_version=&#8221;3.22.5&#8243;][\/et_pb_divider][dsm_perspective_image src=&#8221;http:\/\/www.stadtgelueste.de\/wp-content\/uploads\/2025\/02\/FD041378-DFE3-4948-86ED-C04F067F94A6_4_5005_c.jpeg&#8221; align=&#8221;center&#8221; _builder_version=&#8221;3.22.5&#8243; max_width=&#8221;35%&#8221; hover_enabled=&#8221;0&#8243; max_width_last_edited=&#8221;on|phone&#8221; max_width_phone=&#8221;100%&#8221;][\/dsm_perspective_image][dsm_perspective_image src=&#8221;http:\/\/www.stadtgelueste.de\/wp-content\/uploads\/2025\/02\/AEFEB4F8-37B4-4861-AD44-FC0E6644C91B_4_5005_c.jpeg&#8221; align=&#8221;center&#8221; _builder_version=&#8221;3.22.5&#8243; max_width=&#8221;35%&#8221; hover_enabled=&#8221;0&#8243; max_width_last_edited=&#8221;on|phone&#8221; max_width_phone=&#8221;100%&#8221;][\/dsm_perspective_image][dsm_perspective_image src=&#8221;http:\/\/www.stadtgelueste.de\/wp-content\/uploads\/2023\/09\/IMG_6858.jpeg&#8221; align=&#8221;center&#8221; _builder_version=&#8221;3.22.5&#8243; max_width=&#8221;35%&#8221; hover_enabled=&#8221;0&#8243; max_width_last_edited=&#8221;on|phone&#8221; max_width_phone=&#8221;100%&#8221;][\/dsm_perspective_image][dsm_perspective_image src=&#8221;http:\/\/www.stadtgelueste.de\/wp-content\/uploads\/2025\/02\/Karolina7.jpg&#8221; align=&#8221;center&#8221; _builder_version=&#8221;3.22.5&#8243; max_width=&#8221;38%&#8221; hover_enabled=&#8221;0&#8243; max_width_last_edited=&#8221;on|phone&#8221; max_width_phone=&#8221;100%&#8221;][\/dsm_perspective_image][dsm_perspective_image src=&#8221;http:\/\/www.stadtgelueste.de\/wp-content\/uploads\/2023\/09\/IMG_6859.jpeg&#8221; align=&#8221;center&#8221; _builder_version=&#8221;3.22.5&#8243; max_width=&#8221;55%&#8221; hover_enabled=&#8221;0&#8243; max_width_last_edited=&#8221;on|phone&#8221; max_width_phone=&#8221;100%&#8221;][\/dsm_perspective_image][dsm_perspective_image src=&#8221;http:\/\/www.stadtgelueste.de\/wp-content\/uploads\/2020\/09\/big_54918109_0_550-367.jpg&#8221; align=&#8221;center&#8221; _builder_version=&#8221;3.22.5&#8243; custom_margin=&#8221;|0px||||&#8221;][\/dsm_perspective_image][dsm_perspective_image src=&#8221;http:\/\/www.stadtgelueste.de\/wp-content\/uploads\/2020\/09\/big_54342563_0_550-367.jpg&#8221; align=&#8221;center&#8221; _builder_version=&#8221;3.22.5&#8243; hover_enabled=&#8221;0&#8243; width_last_edited=&#8221;on|phone&#8221; width_phone=&#8221;100%&#8221;][\/dsm_perspective_image][dsm_perspective_image src=&#8221;http:\/\/www.stadtgelueste.de\/wp-content\/uploads\/2020\/09\/54918149.jpg&#8221; align=&#8221;center&#8221; _builder_version=&#8221;3.22.5&#8243;][\/dsm_perspective_image][dsm_perspective_image src=&#8221;http:\/\/www.stadtgelueste.de\/wp-content\/uploads\/2020\/09\/54918139.jpg&#8221; align=&#8221;center&#8221; _builder_version=&#8221;3.22.5&#8243;][\/dsm_perspective_image][dsm_perspective_image src=&#8221;http:\/\/www.stadtgelueste.de\/wp-content\/uploads\/2020\/09\/54918129.jpg&#8221; align=&#8221;center&#8221; _builder_version=&#8221;3.22.5&#8243;][\/dsm_perspective_image][dsm_perspective_image src=&#8221;http:\/\/www.stadtgelueste.de\/wp-content\/uploads\/2020\/09\/52317172.jpg&#8221; align=&#8221;center&#8221; _builder_version=&#8221;3.22.5&#8243;][\/dsm_perspective_image][\/et_pb_column][\/et_pb_row][\/et_pb_section][et_pb_section fb_built=&#8221;1&#8243; _builder_version=&#8221;3.22.5&#8243; background_color=&#8221;rgba(0,0,0,0)&#8221;][\/et_pb_section]<\/p>\n","protected":false},"excerpt":{"rendered":"<p>[et_pb_section fb_built=&#8221;1&#8243; _builder_version=&#8221;3.22.5&#8243; background_color=&#8221;rgba(0,0,0,0)&#8221; min_height=&#8221;204px&#8221; custom_padding=&#8221;0px||0px||true|&#8221;][\/et_pb_section][et_pb_section fb_built=&#8221;1&#8243; _builder_version=&#8221;3.22.5&#8243; background_color=&#8221;rgba(0,0,0,0)&#8221; custom_padding=&#8221;2px|||||&#8221;][et_pb_row _builder_version=&#8221;3.22.5&#8243;][et_pb_column type=&#8221;4_4&#8243; _builder_version=&#8221;3.22.5&#8243;][et_pb_post_title meta=&#8221;off&#8221; featured_image=&#8221;off&#8221; _builder_version=&#8221;3.22.5&#8243; title_font=&#8221;||||||||&#8221; border_color_all=&#8221;#f200da&#8221; text_orientation=&#8221;center&#8221; text_shadow_style=&#8221;preset1&#8243;][\/et_pb_post_title][et_pb_button button_url=&#8221;#Bilder&#8221; button_text=&#8221;Zu den Bildern&#8221; button_alignment=&#8221;center&#8221; _builder_version=&#8221;3.22.5&#8243; custom_button=&#8221;on&#8221; button_text_size=&#8221;15px&#8221; button_text_color=&#8221;#f500f9&#8243; button_bg_color=&#8221;#c9c9c9&#8243; button_font=&#8221;||||||||&#8221; button_icon=&#8221;%%18%%&#8221;][\/et_pb_button][et_pb_divider color=&#8221;#f400f0&#8243; _builder_version=&#8221;3.22.5&#8243;][\/et_pb_divider][et_pb_text _builder_version=&#8221;3.22.5&#8243; text_font=&#8221;||||||||&#8221; text_font_size=&#8221;1px&#8221; background_color=&#8221;rgba(0,0,0,0)&#8221;] Hallo, ich bin Karolina aus Osteuropa. &nbsp; 31 Jahre, 165 cm gro\u00df, Konfektion 36. &nbsp; Ich bin [&hellip;]<\/p>\n","protected":false},"author":1,"featured_media":25837,"parent":188,"menu_order":300,"comment_status":"closed","ping_status":"closed","template":"","meta":{"_et_pb_use_builder":"on","_et_pb_old_content":""},"yoast_head":"<!-- This site is optimized with the Yoast SEO plugin v14.9 - https:\/\/yoast.com\/wordpress\/plugins\/seo\/ -->\n<title>Stadtgelueste.de - Sex, ficken Karolina in Buxtehude<\/title>\n<meta name=\"description\" content=\"Karolina in Buxtehude - Begleitservice, ficken in stade, huren, nutten, sexdates, stadtgel\u00fcste, nutten in buxtehude, ficken in Harburg, nutten in harburg.\" \/>\n<meta name=\"robots\" content=\"index, follow, max-snippet:-1, max-image-preview:large, max-video-preview:-1\" \/>\n<link rel=\"canonical\" href=\"https:\/\/www.stadtgelueste.de\/?page_id=16919\" \/>\n<meta property=\"og:locale\" content=\"de_DE\" \/>\n<meta property=\"og:type\" content=\"article\" \/>\n<meta property=\"og:title\" content=\"Stadtgelueste.de - Sex, ficken Karolina in Buxtehude\" \/>\n<meta property=\"og:description\" content=\"Karolina in Buxtehude - Begleitservice, ficken in stade, huren, nutten, sexdates, stadtgel\u00fcste, nutten in buxtehude, ficken in Harburg, nutten in harburg.\" \/>\n<meta property=\"og:url\" content=\"https:\/\/www.stadtgelueste.de\/?page_id=16919\" \/>\n<meta property=\"og:site_name\" content=\"Stadtgelueste.de\" \/>\n<meta property=\"article:modified_time\" content=\"2026-04-04T08:36:20+00:00\" \/>\n<meta property=\"og:image\" content=\"https:\/\/www.stadtgelueste.de\/wp-content\/uploads\/2025\/02\/FD041378-DFE3-4948-86ED-C04F067F94A6_4_5005_c.jpeg\" \/>\n\t<meta property=\"og:image:width\" content=\"360\" \/>\n\t<meta property=\"og:image:height\" content=\"540\" \/>\n<meta name=\"twitter:card\" content=\"summary_large_image\" \/>\n<script type=\"application\/ld+json\" class=\"yoast-schema-graph\">{\"@context\":\"https:\/\/schema.org\",\"@graph\":[{\"@type\":\"Organization\",\"@id\":\"https:\/\/www.stadtgelueste.de\/#organization\",\"name\":\"Stadtgelueste.de\",\"url\":\"https:\/\/www.stadtgelueste.de\/\",\"sameAs\":[],\"logo\":{\"@type\":\"ImageObject\",\"@id\":\"https:\/\/www.stadtgelueste.de\/#logo\",\"inLanguage\":\"de-DE\",\"url\":\"https:\/\/www.stadtgelueste.de\/wp-content\/uploads\/2020\/09\/logoneuschwarz.png\",\"width\":960,\"height\":560,\"caption\":\"Stadtgelueste.de\"},\"image\":{\"@id\":\"https:\/\/www.stadtgelueste.de\/#logo\"}},{\"@type\":\"WebSite\",\"@id\":\"https:\/\/www.stadtgelueste.de\/#website\",\"url\":\"https:\/\/www.stadtgelueste.de\/\",\"name\":\"Stadtgelueste.de\",\"description\":\"\",\"publisher\":{\"@id\":\"https:\/\/www.stadtgelueste.de\/#organization\"},\"potentialAction\":[{\"@type\":\"SearchAction\",\"target\":\"https:\/\/www.stadtgelueste.de\/?s={search_term_string}\",\"query-input\":\"required name=search_term_string\"}],\"inLanguage\":\"de-DE\"},{\"@type\":\"ImageObject\",\"@id\":\"https:\/\/www.stadtgelueste.de\/?page_id=16919#primaryimage\",\"inLanguage\":\"de-DE\",\"url\":\"https:\/\/www.stadtgelueste.de\/wp-content\/uploads\/2025\/02\/FD041378-DFE3-4948-86ED-C04F067F94A6_4_5005_c.jpeg\",\"width\":360,\"height\":540},{\"@type\":\"WebPage\",\"@id\":\"https:\/\/www.stadtgelueste.de\/?page_id=16919#webpage\",\"url\":\"https:\/\/www.stadtgelueste.de\/?page_id=16919\",\"name\":\"Stadtgelueste.de - Sex, ficken Karolina in Buxtehude\",\"isPartOf\":{\"@id\":\"https:\/\/www.stadtgelueste.de\/#website\"},\"primaryImageOfPage\":{\"@id\":\"https:\/\/www.stadtgelueste.de\/?page_id=16919#primaryimage\"},\"datePublished\":\"2026-04-04T21:59:03+00:00\",\"dateModified\":\"2026-04-04T08:36:20+00:00\",\"description\":\"Karolina in Buxtehude - Begleitservice, ficken in stade, huren, nutten, sexdates, stadtgel\\u00fcste, nutten in buxtehude, ficken in Harburg, nutten in harburg.\",\"inLanguage\":\"de-DE\",\"potentialAction\":[{\"@type\":\"ReadAction\",\"target\":[\"https:\/\/www.stadtgelueste.de\/?page_id=16919\"]}]}]}<\/script>\n<!-- \/ Yoast SEO plugin. -->","_links":{"self":[{"href":"https:\/\/www.stadtgelueste.de\/index.php?rest_route=\/wp\/v2\/pages\/16919"}],"collection":[{"href":"https:\/\/www.stadtgelueste.de\/index.php?rest_route=\/wp\/v2\/pages"}],"about":[{"href":"https:\/\/www.stadtgelueste.de\/index.php?rest_route=\/wp\/v2\/types\/page"}],"author":[{"embeddable":true,"href":"https:\/\/www.stadtgelueste.de\/index.php?rest_route=\/wp\/v2\/users\/1"}],"replies":[{"embeddable":true,"href":"https:\/\/www.stadtgelueste.de\/index.php?rest_route=%2Fwp%2Fv2%2Fcomments&post=16919"}],"version-history":[{"count":21,"href":"https:\/\/www.stadtgelueste.de\/index.php?rest_route=\/wp\/v2\/pages\/16919\/revisions"}],"predecessor-version":[{"id":27604,"href":"https:\/\/www.stadtgelueste.de\/index.php?rest_route=\/wp\/v2\/pages\/16919\/revisions\/27604"}],"up":[{"embeddable":true,"href":"https:\/\/www.stadtgelueste.de\/index.php?rest_route=\/wp\/v2\/pages\/188"}],"wp:featuredmedia":[{"embeddable":true,"href":"https:\/\/www.stadtgelueste.de\/index.php?rest_route=\/wp\/v2\/media\/25837"}],"wp:attachment":[{"href":"https:\/\/www.stadtgelueste.de\/index.php?rest_route=%2Fwp%2Fv2%2Fmedia&parent=16919"}],"curies":[{"name":"wp","href":"https:\/\/api.w.org\/{rel}","templated":true}]}}