{"id":16115,"date":"2026-05-09T23:59:11","date_gmt":"2026-05-09T21:59:11","guid":{"rendered":"http:\/\/www.stadtgelueste.de\/?page_id=16115"},"modified":"2026-05-09T09:10:51","modified_gmt":"2026-05-09T07:10:51","slug":"bella-in-buchholz","status":"publish","type":"page","link":"https:\/\/www.stadtgelueste.de\/?page_id=16115","title":{"rendered":"Bella in Neu Wulmstorf"},"content":{"rendered":"<p>[et_pb_section fb_built=&#8221;1&#8243; _builder_version=&#8221;3.22.5&#8243; background_color=&#8221;rgba(0,0,0,0)&#8221; min_height=&#8221;204px&#8221; custom_padding=&#8221;0px||0px||true|&#8221;][\/et_pb_section][et_pb_section fb_built=&#8221;1&#8243; _builder_version=&#8221;3.22.5&#8243; background_color=&#8221;rgba(0,0,0,0)&#8221; custom_padding=&#8221;2px|||||&#8221;][et_pb_row _builder_version=&#8221;3.22.5&#8243;][et_pb_column type=&#8221;4_4&#8243; _builder_version=&#8221;3.22.5&#8243;][et_pb_post_title meta=&#8221;off&#8221; featured_image=&#8221;off&#8221; _builder_version=&#8221;3.22.5&#8243; title_font=&#8221;||||||||&#8221; border_color_all=&#8221;#f200da&#8221; text_orientation=&#8221;center&#8221; text_shadow_style=&#8221;preset1&#8243;][\/et_pb_post_title][et_pb_button button_url=&#8221;#Bilder&#8221; button_text=&#8221;Zu den Bildern&#8221; button_alignment=&#8221;center&#8221; _builder_version=&#8221;3.22.5&#8243; custom_button=&#8221;on&#8221; button_text_size=&#8221;15px&#8221; button_text_color=&#8221;#f500f9&#8243; button_bg_color=&#8221;#c9c9c9&#8243; button_font=&#8221;||||||||&#8221; button_icon=&#8221;%%18%%&#8221;][\/et_pb_button][et_pb_divider color=&#8221;#f400f0&#8243; _builder_version=&#8221;3.22.5&#8243;][\/et_pb_divider][et_pb_text _builder_version=&#8221;3.22.5&#8243; text_font=&#8221;||||||||&#8221; text_font_size=&#8221;1px&#8221; background_color=&#8221;rgba(0,0,0,0)&#8221;]<\/p>\n<p><span style=\"font-size: 16px; color: #000000;\">Hallo mein lieber Unbekannter, <\/span><\/p>\n<p><span style=\"color: #000000;\">&nbsp;<\/span><\/p>\n<p><span style=\"font-size: 16px; color: #000000;\">Du m\u00f6chtest dem Alltag entfliehen und Du hast keine Lust mehr auf 0815 Nummern? Dann bist Du bei mir genau richtig!!! <\/span><\/p>\n<p><span style=\"font-size: 16px; color: #000000;\">Mit mir kannst Du Deine versauten Fantasien freien Lauf lassen (AB AO ANFRAGEN SIND ZWECKLOS).<\/span><\/p>\n<p><span style=\"font-size: 16px; color: #000000;\"> Oder&nbsp; lass mich Deine professionelle Masseurin sein. Denn ich beherrsche als eine der wenigen die Lingam-Massage.<br \/>\nDie Lingam-Massage ist eine tantrische Massage des Pe*is. Dabei wird sehr lange, ausschlie\u00dflich der Pe*is massiert. Die Ejakulation wird bewusst bis zum Ende der Massage hinausgez\u00f6gert, durch gezielte Massagegriffe. <\/span><\/p>\n<p><span style=\"font-size: 16px; color: #000000;\">Du lernst ganz neue Gef\u00fchle kennen und es wird ein besonderes Highlight. <\/span><\/p>\n<p><span style=\"font-size: 16px; color: #000000;\">Zum Schluss der Massage wirst Du einen sehr intensiven Org*smus erleben. <\/span><\/p>\n<p><span style=\"font-size: 16px; color: #000000;\">Die Prostata wird auch m\u00e4nnlicher G-Punkt genannt. Daher finden viele M\u00e4nner eine Reizung als se*uell erregend.&nbsp;Die Prostata wird dabei durch die Einf\u00fchrung eines Fingers oder eines zur Stimulation geeigneten Gegenstandes direkt stimuliert. Bei intensiver Stimulation kann ein&nbsp;Org*smus ausgel\u00f6st werden, ohne dass der Pe*is selbst stimuliert wird.<\/span><\/p>\n<p><span style=\"color: #000000;\"><span style=\"font-size: 16px;\">Auch das Prost*tamelk*n kann angewendet werden. Dabei handelt es sich um eine liebevolle und z\u00e4rtliche An*lmassage. Ich lockere deine Ges\u00e4\u00dfmuskeln und stimuliere deine Lustpunkte im An*s.<br \/>\nKuss <\/span><b><span style=\"font-size: 16px;\">Bella<\/span><\/b><\/span><\/p>\n<p><span style=\"color: #000000;\"><b><span style=\"font-size: 16px;\"><\/span><\/b><\/span><\/p>\n<p><span style=\"color: #000000;\"><b><span style=\"font-size: 16px;\"><\/span><\/b><\/span><\/p>\n<p><span style=\"color: #000000;\"><b><span style=\"font-size: 16px;\"><\/span><\/b><\/span><\/p>\n<p><span style=\"color: #000000;\"><b><span style=\"font-size: 16px;\"><\/span><\/b><\/span><\/p>\n<p><span style=\"color: #000000;\"><b><span style=\"font-size: 16px;\"><\/span><\/b><\/span><\/p>\n<p><span style=\"color: #000000;\"><b><span style=\"font-size: 16px;\"><\/span><\/b><\/span><\/p>\n<p><span style=\"color: #000000;\"><b><span style=\"font-size: 16px;\">Du findest mich t\u00e4glich in:<\/span><\/b><\/span><\/p>\n<p><span style=\"font-size: 18px; color: #000000;\"><b>Neu Wulmstorf, Lessingstr. 65, klingel bei Bella<\/b><\/span><\/p>\n<p><span style=\"font-size: 18px; color: #000000;\"><b>Tel: 0176-99238941<\/b><\/span><\/p>\n<p><span style=\"color: #000000;\">&nbsp;<\/span><\/p>\n<p style=\"background-color: transparent; color: #000000; font-family: Arial,Helvetica,sans-serif; font-size: 12px; font-style: normal; font-variant: normal; font-weight: 400; letter-spacing: normal; margin-bottom: 0px; margin-top: 0px; orphans: 2; text-align: left; text-decoration: none; text-indent: 0px; text-transform: none; -webkit-text-stroke-width: 0px; white-space: normal; word-spacing: 0px;\"><span style=\"font-size: 14px; color: #000000;\">Sag mir doch bitte, dass Du mich auf <b><u>stadtgelueste<\/u><\/b><u>.<b>de<\/b><\/u> gefunden hast, die mit der<b> <\/b><u><b>gelben Seite<\/b><\/u>. Danke!<\/span><\/p>\n<h5><span style=\"color: #000000;\">&nbsp;<\/span><\/h5>\n<p>[\/et_pb_text][\/et_pb_column][\/et_pb_row][et_pb_row _builder_version=&#8221;3.22.5&#8243;][et_pb_column type=&#8221;4_4&#8243; _builder_version=&#8221;3.22.5&#8243;][et_pb_divider color=&#8221;#f400f0&#8243; module_id=&#8221;Bilder&#8221; _builder_version=&#8221;3.22.5&#8243;][\/et_pb_divider][dsm_perspective_image src=&#8221;http:\/\/www.stadtgelueste.de\/wp-content\/uploads\/2025\/02\/Bella-neu-0225d35d43d3-28b5-41d3-b72e-f20b49bde9ab.jpg&#8221; align=&#8221;center&#8221; _builder_version=&#8221;3.22.5&#8243; max_width=&#8221;35%&#8221; max_width_phone=&#8221;100%&#8221; max_width_last_edited=&#8221;on|phone&#8221;][\/dsm_perspective_image][dsm_perspective_image src=&#8221;http:\/\/www.stadtgelueste.de\/wp-content\/uploads\/2025\/02\/Bella-neu-022594961a8d-d206-4e1e-8fc7-47ca607f1001.jpg&#8221; align=&#8221;center&#8221; _builder_version=&#8221;3.22.5&#8243; max_width=&#8221;35%&#8221; max_width_phone=&#8221;100%&#8221; max_width_last_edited=&#8221;on|phone&#8221;][\/dsm_perspective_image][dsm_perspective_image src=&#8221;http:\/\/www.stadtgelueste.de\/wp-content\/uploads\/2025\/02\/Bella-neu-02251730dee9-84c2-4cac-9525-0f76fc2420ea.jpg&#8221; align=&#8221;center&#8221; _builder_version=&#8221;3.22.5&#8243; max_width=&#8221;35%&#8221; max_width_phone=&#8221;100%&#8221; max_width_last_edited=&#8221;on|phone&#8221;][\/dsm_perspective_image][dsm_perspective_image src=&#8221;http:\/\/www.stadtgelueste.de\/wp-content\/uploads\/2025\/02\/Bella-neu-022546c95ec2-f570-4c8b-b97d-c47963e0747a.jpg&#8221; align=&#8221;center&#8221; _builder_version=&#8221;3.22.5&#8243; max_width=&#8221;35%&#8221; max_width_phone=&#8221;100%&#8221; max_width_last_edited=&#8221;on|phone&#8221;][\/dsm_perspective_image][dsm_perspective_image src=&#8221;http:\/\/www.stadtgelueste.de\/wp-content\/uploads\/2025\/02\/Bella-neu-02257ca9f71f-b7fe-44d8-a1e4-601d302c3779.jpg&#8221; align=&#8221;center&#8221; _builder_version=&#8221;3.22.5&#8243; max_width=&#8221;35%&#8221; max_width_phone=&#8221;100%&#8221; max_width_last_edited=&#8221;on|phone&#8221;][\/dsm_perspective_image][dsm_perspective_image src=&#8221;http:\/\/www.stadtgelueste.de\/wp-content\/uploads\/2025\/02\/Bella-neu-0225fb31a805-003a-48e3-9191-7d9eb97d1ed7.jpg&#8221; align=&#8221;center&#8221; _builder_version=&#8221;3.22.5&#8243; max_width=&#8221;35%&#8221; max_width_phone=&#8221;100%&#8221; max_width_last_edited=&#8221;on|phone&#8221;][\/dsm_perspective_image][dsm_perspective_image src=&#8221;http:\/\/www.stadtgelueste.de\/wp-content\/uploads\/2025\/02\/Bella-neu-0225d1a7940e-6993-435f-897a-fbdbb603670c.jpg&#8221; align=&#8221;center&#8221; _builder_version=&#8221;3.22.5&#8243; max_width=&#8221;35%&#8221; max_width_phone=&#8221;100%&#8221; max_width_last_edited=&#8221;on|phone&#8221;][\/dsm_perspective_image][dsm_perspective_image src=&#8221;http:\/\/www.stadtgelueste.de\/wp-content\/uploads\/2025\/02\/Bella-neu-0225b16f6676-7750-4771-83f2-200e7afded91.jpg&#8221; align=&#8221;center&#8221; _builder_version=&#8221;3.22.5&#8243; max_width=&#8221;35%&#8221; max_width_phone=&#8221;100%&#8221; max_width_last_edited=&#8221;on|phone&#8221;][\/dsm_perspective_image][\/et_pb_column][\/et_pb_row][\/et_pb_section][et_pb_section fb_built=&#8221;1&#8243; _builder_version=&#8221;3.22.5&#8243; background_color=&#8221;rgba(0,0,0,0)&#8221;][\/et_pb_section]<\/p>\n","protected":false},"excerpt":{"rendered":"<p>[et_pb_section fb_built=&#8221;1&#8243; _builder_version=&#8221;3.22.5&#8243; background_color=&#8221;rgba(0,0,0,0)&#8221; min_height=&#8221;204px&#8221; custom_padding=&#8221;0px||0px||true|&#8221;][\/et_pb_section][et_pb_section fb_built=&#8221;1&#8243; _builder_version=&#8221;3.22.5&#8243; background_color=&#8221;rgba(0,0,0,0)&#8221; custom_padding=&#8221;2px|||||&#8221;][et_pb_row _builder_version=&#8221;3.22.5&#8243;][et_pb_column type=&#8221;4_4&#8243; _builder_version=&#8221;3.22.5&#8243;][et_pb_post_title meta=&#8221;off&#8221; featured_image=&#8221;off&#8221; _builder_version=&#8221;3.22.5&#8243; title_font=&#8221;||||||||&#8221; border_color_all=&#8221;#f200da&#8221; text_orientation=&#8221;center&#8221; text_shadow_style=&#8221;preset1&#8243;][\/et_pb_post_title][et_pb_button button_url=&#8221;#Bilder&#8221; button_text=&#8221;Zu den Bildern&#8221; button_alignment=&#8221;center&#8221; _builder_version=&#8221;3.22.5&#8243; custom_button=&#8221;on&#8221; button_text_size=&#8221;15px&#8221; button_text_color=&#8221;#f500f9&#8243; button_bg_color=&#8221;#c9c9c9&#8243; button_font=&#8221;||||||||&#8221; button_icon=&#8221;%%18%%&#8221;][\/et_pb_button][et_pb_divider color=&#8221;#f400f0&#8243; _builder_version=&#8221;3.22.5&#8243;][\/et_pb_divider][et_pb_text _builder_version=&#8221;3.22.5&#8243; text_font=&#8221;||||||||&#8221; text_font_size=&#8221;1px&#8221; background_color=&#8221;rgba(0,0,0,0)&#8221;] Hallo mein lieber Unbekannter, &nbsp; Du m\u00f6chtest dem Alltag entfliehen und Du hast keine Lust mehr auf [&hellip;]<\/p>\n","protected":false},"author":1,"featured_media":26107,"parent":191,"menu_order":500,"comment_status":"closed","ping_status":"closed","template":"","meta":{"_et_pb_use_builder":"on","_et_pb_old_content":""},"yoast_head":"<!-- This site is optimized with the Yoast SEO plugin v14.9 - https:\/\/yoast.com\/wordpress\/plugins\/seo\/ -->\n<title>Stadtgelueste.de - Sex, ficken Bella in Neu Wulmstorf<\/title>\n<meta name=\"description\" content=\"Bella in Neu Wulmstorf - Begleitservice, ficken in stade, huren, nutten, sexdates, stadtgel\u00fcste, nutten in buxtehude, ficken in Harburg, nutten in harburg.\" \/>\n<meta name=\"robots\" content=\"index, follow, max-snippet:-1, max-image-preview:large, max-video-preview:-1\" \/>\n<link rel=\"canonical\" href=\"https:\/\/www.stadtgelueste.de\/?page_id=16115\" \/>\n<meta property=\"og:locale\" content=\"de_DE\" \/>\n<meta property=\"og:type\" content=\"article\" \/>\n<meta property=\"og:title\" content=\"Stadtgelueste.de - Sex, ficken Bella in Neu Wulmstorf\" \/>\n<meta property=\"og:description\" content=\"Bella in Neu Wulmstorf - Begleitservice, ficken in stade, huren, nutten, sexdates, stadtgel\u00fcste, nutten in buxtehude, ficken in Harburg, nutten in harburg.\" \/>\n<meta property=\"og:url\" content=\"https:\/\/www.stadtgelueste.de\/?page_id=16115\" \/>\n<meta property=\"og:site_name\" content=\"Stadtgelueste.de\" \/>\n<meta property=\"article:modified_time\" content=\"2026-05-09T07:10:51+00:00\" \/>\n<meta property=\"og:image\" content=\"https:\/\/www.stadtgelueste.de\/wp-content\/uploads\/2025\/02\/Bella-neu-0225d35d43d3-28b5-41d3-b72e-f20b49bde9ab.jpg\" \/>\n\t<meta property=\"og:image:width\" content=\"667\" \/>\n\t<meta property=\"og:image:height\" content=\"1000\" \/>\n<meta name=\"twitter:card\" content=\"summary_large_image\" \/>\n<script type=\"application\/ld+json\" class=\"yoast-schema-graph\">{\"@context\":\"https:\/\/schema.org\",\"@graph\":[{\"@type\":\"Organization\",\"@id\":\"https:\/\/www.stadtgelueste.de\/#organization\",\"name\":\"Stadtgelueste.de\",\"url\":\"https:\/\/www.stadtgelueste.de\/\",\"sameAs\":[],\"logo\":{\"@type\":\"ImageObject\",\"@id\":\"https:\/\/www.stadtgelueste.de\/#logo\",\"inLanguage\":\"de-DE\",\"url\":\"https:\/\/www.stadtgelueste.de\/wp-content\/uploads\/2020\/09\/logoneuschwarz.png\",\"width\":960,\"height\":560,\"caption\":\"Stadtgelueste.de\"},\"image\":{\"@id\":\"https:\/\/www.stadtgelueste.de\/#logo\"}},{\"@type\":\"WebSite\",\"@id\":\"https:\/\/www.stadtgelueste.de\/#website\",\"url\":\"https:\/\/www.stadtgelueste.de\/\",\"name\":\"Stadtgelueste.de\",\"description\":\"\",\"publisher\":{\"@id\":\"https:\/\/www.stadtgelueste.de\/#organization\"},\"potentialAction\":[{\"@type\":\"SearchAction\",\"target\":\"https:\/\/www.stadtgelueste.de\/?s={search_term_string}\",\"query-input\":\"required name=search_term_string\"}],\"inLanguage\":\"de-DE\"},{\"@type\":\"ImageObject\",\"@id\":\"https:\/\/www.stadtgelueste.de\/?page_id=16115#primaryimage\",\"inLanguage\":\"de-DE\",\"url\":\"https:\/\/www.stadtgelueste.de\/wp-content\/uploads\/2025\/02\/Bella-neu-0225d35d43d3-28b5-41d3-b72e-f20b49bde9ab.jpg\",\"width\":667,\"height\":1000},{\"@type\":\"WebPage\",\"@id\":\"https:\/\/www.stadtgelueste.de\/?page_id=16115#webpage\",\"url\":\"https:\/\/www.stadtgelueste.de\/?page_id=16115\",\"name\":\"Stadtgelueste.de - Sex, ficken Bella in Neu Wulmstorf\",\"isPartOf\":{\"@id\":\"https:\/\/www.stadtgelueste.de\/#website\"},\"primaryImageOfPage\":{\"@id\":\"https:\/\/www.stadtgelueste.de\/?page_id=16115#primaryimage\"},\"datePublished\":\"2026-05-09T21:59:11+00:00\",\"dateModified\":\"2026-05-09T07:10:51+00:00\",\"description\":\"Bella in Neu Wulmstorf - Begleitservice, ficken in stade, huren, nutten, sexdates, stadtgel\\u00fcste, nutten in buxtehude, ficken in Harburg, nutten in harburg.\",\"inLanguage\":\"de-DE\",\"potentialAction\":[{\"@type\":\"ReadAction\",\"target\":[\"https:\/\/www.stadtgelueste.de\/?page_id=16115\"]}]}]}<\/script>\n<!-- \/ Yoast SEO plugin. -->","_links":{"self":[{"href":"https:\/\/www.stadtgelueste.de\/index.php?rest_route=\/wp\/v2\/pages\/16115"}],"collection":[{"href":"https:\/\/www.stadtgelueste.de\/index.php?rest_route=\/wp\/v2\/pages"}],"about":[{"href":"https:\/\/www.stadtgelueste.de\/index.php?rest_route=\/wp\/v2\/types\/page"}],"author":[{"embeddable":true,"href":"https:\/\/www.stadtgelueste.de\/index.php?rest_route=\/wp\/v2\/users\/1"}],"replies":[{"embeddable":true,"href":"https:\/\/www.stadtgelueste.de\/index.php?rest_route=%2Fwp%2Fv2%2Fcomments&post=16115"}],"version-history":[{"count":7,"href":"https:\/\/www.stadtgelueste.de\/index.php?rest_route=\/wp\/v2\/pages\/16115\/revisions"}],"predecessor-version":[{"id":27851,"href":"https:\/\/www.stadtgelueste.de\/index.php?rest_route=\/wp\/v2\/pages\/16115\/revisions\/27851"}],"up":[{"embeddable":true,"href":"https:\/\/www.stadtgelueste.de\/index.php?rest_route=\/wp\/v2\/pages\/191"}],"wp:featuredmedia":[{"embeddable":true,"href":"https:\/\/www.stadtgelueste.de\/index.php?rest_route=\/wp\/v2\/media\/26107"}],"wp:attachment":[{"href":"https:\/\/www.stadtgelueste.de\/index.php?rest_route=%2Fwp%2Fv2%2Fmedia&parent=16115"}],"curies":[{"name":"wp","href":"https:\/\/api.w.org\/{rel}","templated":true}]}}